{"id":8581,"date":"2025-10-22T10:57:23","date_gmt":"2025-10-22T10:57:23","guid":{"rendered":"https:\/\/kraftiapet.com\/?page_id=8581"},"modified":"2026-05-08T10:43:57","modified_gmt":"2026-05-08T10:43:57","slug":"x%c9%99b%c9%99rl%c9%99r","status":"publish","type":"page","link":"https:\/\/kraftiapet.com\/az\/x%c9%99b%c9%99rl%c9%99r\/","title":{"rendered":"X\u0259b\u0259r ota\u011f\u0131"},"content":{"rendered":"\n<h2 class=\"wp-block-heading has-text-align-center has-palette-color-3-color has-text-color has-link-color wp-elements-95cd3ea82ccf58ce369b95779358963b\" style=\"margin-top:0;margin-bottom:0;padding-top:var(--wp--preset--spacing--40);padding-bottom:var(--wp--preset--spacing--40);font-size:clamp(21.027px, 1.314rem + ((1vw - 3.2px) * 1.014), 34px);font-style:normal;font-weight:700\">Kraftia X\u0259b\u0259r ota\u011f\u0131 \u2013 Xo\u015f g\u0259lmisiniz<\/h2>\n\n\n\n<p class=\"has-text-align-left\">Qlobal bazarlarda Kraftia brendl\u0259ri, t\u0259\u015f\u0259bb\u00fcsl\u0259ri v\u0259 t\u0259dbirl\u0259ri haqq\u0131nda r\u0259smi elanlar\u0131, media materiallar\u0131n\u0131 v\u0259 yenilikl\u0259ri burada tapa bil\u0259rsiniz.<\/p>\n\n\n\n<div class=\"wp-block-media-text is-stacked-on-mobile has-palette-color-6-background-color has-background\" style=\"margin-top:0;margin-bottom:0;padding-top:var(--wp--preset--spacing--60);padding-right:var(--wp--preset--spacing--60);padding-bottom:var(--wp--preset--spacing--60);padding-left:var(--wp--preset--spacing--60);grid-template-columns:26% auto\"><figure class=\"wp-block-media-text__media\"><img loading=\"lazy\" decoding=\"async\" width=\"600\" height=\"848\" src=\"https:\/\/kraftiapet.com\/wp-content\/uploads\/2025\/10\/catalog-kraftia-web-eng-1.webp\" alt=\"\" class=\"wp-image-2360 size-full\" srcset=\"https:\/\/kraftiapet.com\/wp-content\/uploads\/2025\/10\/catalog-kraftia-web-eng-1.webp 600w, https:\/\/kraftiapet.com\/wp-content\/uploads\/2025\/10\/catalog-kraftia-web-eng-1-212x300.webp 212w, https:\/\/kraftiapet.com\/wp-content\/uploads\/2025\/10\/catalog-kraftia-web-eng-1-300x424.webp 300w\" sizes=\"auto, (max-width: 600px) 100vw, 600px\" \/><\/figure><div class=\"wp-block-media-text__content\">\n<p class=\"has-text-align-center has-palette-color-3-color has-text-color has-link-color has-medium-font-size wp-elements-3a9a0569591e859b151dc97eba24b509\" style=\"font-style:normal;font-weight:600\">Kraftia M\u0259hsul kataloqu<\/p>\n\n\n\n<div class=\"wp-block-buttons is-content-justification-center is-layout-flex wp-container-core-buttons-is-layout-a89b3969 wp-block-buttons-is-layout-flex\">\n<div class=\"wp-block-button\"><a class=\"wp-block-button__link wp-element-button\" href=\"https:\/\/kraftiapet.com\/wp-content\/uploads\/2025\/10\/catalog-kraftia-web-eng.pdf\" style=\"border-radius:17px\" target=\"_blank\" rel=\"noreferrer noopener\">\u00d6nizl\u0259m\u0259 \/ Y\u00fckl\u0259m\u0259<\/a><\/div>\n<\/div>\n<\/div><\/div>\n\n\n\n<div class=\"wp-block-media-text is-stacked-on-mobile has-palette-color-6-background-color has-background\" style=\"margin-top:0;margin-bottom:0;padding-top:var(--wp--preset--spacing--60);padding-right:var(--wp--preset--spacing--60);padding-bottom:var(--wp--preset--spacing--60);padding-left:var(--wp--preset--spacing--60);grid-template-columns:26% auto\"><figure class=\"wp-block-media-text__media\"><img loading=\"lazy\" decoding=\"async\" width=\"600\" height=\"852\" src=\"https:\/\/kraftiapet.com\/wp-content\/uploads\/2026\/05\/Rawival-Product-Book-for-Dogs-thmnb.webp\" alt=\"\" class=\"wp-image-9208 size-full\" srcset=\"https:\/\/kraftiapet.com\/wp-content\/uploads\/2026\/05\/Rawival-Product-Book-for-Dogs-thmnb.webp 600w, https:\/\/kraftiapet.com\/wp-content\/uploads\/2026\/05\/Rawival-Product-Book-for-Dogs-thmnb-211x300.webp 211w, https:\/\/kraftiapet.com\/wp-content\/uploads\/2026\/05\/Rawival-Product-Book-for-Dogs-thmnb-300x426.webp 300w\" sizes=\"auto, (max-width: 600px) 100vw, 600px\" \/><\/figure><div class=\"wp-block-media-text__content\">\n<p class=\"has-text-align-center has-palette-color-3-color has-text-color has-link-color has-medium-font-size wp-elements-07b547e227488af8c2c54e2ad599f200\" style=\"font-style:normal;font-weight:600\">\u0130tl\u0259r \u00fc\u00e7\u00fcn Rawival M\u0259hsul Kitab\u0131<\/p>\n\n\n\n<div class=\"wp-block-buttons is-content-justification-center is-layout-flex wp-container-core-buttons-is-layout-a89b3969 wp-block-buttons-is-layout-flex\">\n<div class=\"wp-block-button\"><a class=\"wp-block-button__link wp-element-button\" href=\"https:\/\/kraftiapet.com\/wp-content\/uploads\/2026\/05\/Rawival-Product-Book-for-Dogs.pdf\" style=\"border-radius:17px\" target=\"_blank\" rel=\"noreferrer noopener\">\u00d6nizl\u0259m\u0259 \/ Y\u00fckl\u0259m\u0259  <\/a><\/div>\n<\/div>\n<\/div><\/div>\n\n\n\n<div class=\"wp-block-media-text is-stacked-on-mobile has-palette-color-6-background-color has-background\" style=\"margin-top:0;margin-bottom:0;padding-top:var(--wp--preset--spacing--60);padding-right:var(--wp--preset--spacing--60);padding-bottom:var(--wp--preset--spacing--60);padding-left:var(--wp--preset--spacing--60);grid-template-columns:26% auto\"><figure class=\"wp-block-media-text__media\"><img loading=\"lazy\" decoding=\"async\" width=\"600\" height=\"852\" src=\"https:\/\/kraftiapet.com\/wp-content\/uploads\/2026\/05\/Rawival-Product-Book-for-Cats-thmnb.webp\" alt=\"\" class=\"wp-image-9207 size-full\" srcset=\"https:\/\/kraftiapet.com\/wp-content\/uploads\/2026\/05\/Rawival-Product-Book-for-Cats-thmnb.webp 600w, https:\/\/kraftiapet.com\/wp-content\/uploads\/2026\/05\/Rawival-Product-Book-for-Cats-thmnb-211x300.webp 211w, https:\/\/kraftiapet.com\/wp-content\/uploads\/2026\/05\/Rawival-Product-Book-for-Cats-thmnb-300x426.webp 300w\" sizes=\"auto, (max-width: 600px) 100vw, 600px\" \/><\/figure><div class=\"wp-block-media-text__content\">\n<p class=\"has-text-align-center has-palette-color-3-color has-text-color has-link-color has-medium-font-size wp-elements-1c4941217734e91a268bae332f539f13\" style=\"font-style:normal;font-weight:600\">Pi\u015fikl\u0259r \u00fc\u00e7\u00fcn Ravival M\u0259hsul Kitab\u0131<\/p>\n\n\n\n<div class=\"wp-block-buttons is-content-justification-center is-layout-flex wp-container-core-buttons-is-layout-a89b3969 wp-block-buttons-is-layout-flex\">\n<div class=\"wp-block-button\"><a class=\"wp-block-button__link wp-element-button\" href=\"https:\/\/kraftiapet.com\/wp-content\/uploads\/2026\/05\/Rawival-Product-Book-for-Cats.pdf\" style=\"border-radius:17px\" target=\"_blank\" rel=\"noreferrer noopener\">\u00d6nizl\u0259m\u0259 \/ Y\u00fckl\u0259m\u0259  <\/a><\/div>\n<\/div>\n<\/div><\/div>\n\n\n\n<div class=\"wp-block-media-text is-stacked-on-mobile has-palette-color-6-background-color has-background\" style=\"margin-top:0;margin-bottom:0;padding-top:var(--wp--preset--spacing--60);padding-right:var(--wp--preset--spacing--60);padding-bottom:var(--wp--preset--spacing--60);padding-left:var(--wp--preset--spacing--60);grid-template-columns:26% auto\"><figure class=\"wp-block-media-text__media\"><img loading=\"lazy\" decoding=\"async\" width=\"600\" height=\"852\" src=\"https:\/\/kraftiapet.com\/wp-content\/uploads\/2026\/05\/Craftia-Natura-Product-Book-thmnb.webp\" alt=\"\" class=\"wp-image-9205 size-full\" srcset=\"https:\/\/kraftiapet.com\/wp-content\/uploads\/2026\/05\/Craftia-Natura-Product-Book-thmnb.webp 600w, https:\/\/kraftiapet.com\/wp-content\/uploads\/2026\/05\/Craftia-Natura-Product-Book-thmnb-211x300.webp 211w, https:\/\/kraftiapet.com\/wp-content\/uploads\/2026\/05\/Craftia-Natura-Product-Book-thmnb-300x426.webp 300w\" sizes=\"auto, (max-width: 600px) 100vw, 600px\" \/><\/figure><div class=\"wp-block-media-text__content\">\n<p class=\"has-text-align-center has-palette-color-3-color has-text-color has-link-color has-medium-font-size wp-elements-4f4c0e4fb0acff0e18acd3002d13fc82\" style=\"font-style:normal;font-weight:600\">K\u00f6p\u0259kl\u0259r \u00fc\u00e7\u00fcn Craftia Natura M\u0259hsul Kitab\u0131<\/p>\n\n\n\n<div class=\"wp-block-buttons is-content-justification-center is-layout-flex wp-container-core-buttons-is-layout-a89b3969 wp-block-buttons-is-layout-flex\">\n<div class=\"wp-block-button\"><a class=\"wp-block-button__link wp-element-button\" href=\"https:\/\/kraftiapet.com\/wp-content\/uploads\/2026\/05\/Craftia-Natura-Product-Book.pdf\" style=\"border-radius:17px\" target=\"_blank\" rel=\"noreferrer noopener\">\u00d6nizl\u0259m\u0259 \/ Y\u00fckl\u0259m\u0259  <\/a><\/div>\n<\/div>\n<\/div><\/div>\n\n\n\n<div class=\"wp-block-media-text is-stacked-on-mobile has-palette-color-6-background-color has-background\" style=\"margin-top:0;margin-bottom:0;padding-top:var(--wp--preset--spacing--60);padding-right:var(--wp--preset--spacing--60);padding-bottom:var(--wp--preset--spacing--60);padding-left:var(--wp--preset--spacing--60);grid-template-columns:26% auto\"><figure class=\"wp-block-media-text__media\"><img loading=\"lazy\" decoding=\"async\" width=\"600\" height=\"852\" src=\"https:\/\/kraftiapet.com\/wp-content\/uploads\/2026\/05\/Craftia-Harmona-Product-Book-thmnb.webp\" alt=\"\" class=\"wp-image-9204 size-full\" srcset=\"https:\/\/kraftiapet.com\/wp-content\/uploads\/2026\/05\/Craftia-Harmona-Product-Book-thmnb.webp 600w, https:\/\/kraftiapet.com\/wp-content\/uploads\/2026\/05\/Craftia-Harmona-Product-Book-thmnb-211x300.webp 211w, https:\/\/kraftiapet.com\/wp-content\/uploads\/2026\/05\/Craftia-Harmona-Product-Book-thmnb-300x426.webp 300w\" sizes=\"auto, (max-width: 600px) 100vw, 600px\" \/><\/figure><div class=\"wp-block-media-text__content\">\n<p class=\"has-text-align-center has-palette-color-3-color has-text-color has-link-color has-medium-font-size wp-elements-5e50956239ebd9d0c6212fa6891728d8\" style=\"font-style:normal;font-weight:600\">Pi\u015fikl\u0259r \u00fc\u00e7\u00fcn Craftia Harmona M\u0259hsul Kitab\u0131<\/p>\n\n\n\n<div class=\"wp-block-buttons is-content-justification-center is-layout-flex wp-container-core-buttons-is-layout-a89b3969 wp-block-buttons-is-layout-flex\">\n<div class=\"wp-block-button\"><a class=\"wp-block-button__link wp-element-button\" href=\"https:\/\/kraftiapet.com\/wp-content\/uploads\/2026\/05\/Craftia-Natura-Product-Book.pdf\" style=\"border-radius:17px\" target=\"_blank\" rel=\"noreferrer noopener\">\u00d6nizl\u0259m\u0259 \/ Y\u00fckl\u0259m\u0259  <\/a><\/div>\n<\/div>\n<\/div><\/div>\n\n\n\n<div class=\"wp-block-media-text is-stacked-on-mobile has-palette-color-6-background-color has-background\" style=\"margin-top:0;margin-bottom:0;padding-top:var(--wp--preset--spacing--60);padding-right:var(--wp--preset--spacing--60);padding-bottom:var(--wp--preset--spacing--60);padding-left:var(--wp--preset--spacing--60);grid-template-columns:26% auto\"><figure class=\"wp-block-media-text__media\"><img loading=\"lazy\" decoding=\"async\" width=\"600\" height=\"852\" src=\"https:\/\/kraftiapet.com\/wp-content\/uploads\/2026\/05\/Vida-Nativa-Product-Book-for-Dogs-thnmb.webp\" alt=\"\" class=\"wp-image-9210 size-full\" srcset=\"https:\/\/kraftiapet.com\/wp-content\/uploads\/2026\/05\/Vida-Nativa-Product-Book-for-Dogs-thnmb.webp 600w, https:\/\/kraftiapet.com\/wp-content\/uploads\/2026\/05\/Vida-Nativa-Product-Book-for-Dogs-thnmb-211x300.webp 211w, https:\/\/kraftiapet.com\/wp-content\/uploads\/2026\/05\/Vida-Nativa-Product-Book-for-Dogs-thnmb-300x426.webp 300w\" sizes=\"auto, (max-width: 600px) 100vw, 600px\" \/><\/figure><div class=\"wp-block-media-text__content\">\n<p class=\"has-text-align-center has-palette-color-3-color has-text-color has-link-color has-medium-font-size wp-elements-05d7fa05750d4344c318d487a7b48e94\" style=\"font-style:normal;font-weight:600\">K\u00f6p\u0259kl\u0259r \u00fc\u00e7\u00fcn Vida Nativa M\u0259hsul Kitab\u0131<\/p>\n\n\n\n<div class=\"wp-block-buttons is-content-justification-center is-layout-flex wp-container-core-buttons-is-layout-a89b3969 wp-block-buttons-is-layout-flex\">\n<div class=\"wp-block-button\"><a class=\"wp-block-button__link wp-element-button\" href=\"https:\/\/kraftiapet.com\/wp-content\/uploads\/2026\/05\/Vida-Nativa-Product-Book-for-Dogs.pdf\" style=\"border-radius:17px\" target=\"_blank\" rel=\"noreferrer noopener\">\u00d6nizl\u0259m\u0259 \/ Y\u00fckl\u0259m\u0259  <\/a><\/div>\n<\/div>\n<\/div><\/div>\n\n\n\n<div class=\"wp-block-media-text is-stacked-on-mobile has-palette-color-6-background-color has-background\" style=\"margin-top:0;margin-bottom:0;padding-top:var(--wp--preset--spacing--60);padding-right:var(--wp--preset--spacing--60);padding-bottom:var(--wp--preset--spacing--60);padding-left:var(--wp--preset--spacing--60);grid-template-columns:26% auto\"><figure class=\"wp-block-media-text__media\"><img loading=\"lazy\" decoding=\"async\" width=\"600\" height=\"852\" src=\"https:\/\/kraftiapet.com\/wp-content\/uploads\/2026\/05\/Vida-Nativa-Product-Book-for-Cats-thmb.webp\" alt=\"\" class=\"wp-image-9209 size-full\" srcset=\"https:\/\/kraftiapet.com\/wp-content\/uploads\/2026\/05\/Vida-Nativa-Product-Book-for-Cats-thmb.webp 600w, https:\/\/kraftiapet.com\/wp-content\/uploads\/2026\/05\/Vida-Nativa-Product-Book-for-Cats-thmb-211x300.webp 211w, https:\/\/kraftiapet.com\/wp-content\/uploads\/2026\/05\/Vida-Nativa-Product-Book-for-Cats-thmb-300x426.webp 300w\" sizes=\"auto, (max-width: 600px) 100vw, 600px\" \/><\/figure><div class=\"wp-block-media-text__content\">\n<p class=\"has-text-align-center has-palette-color-3-color has-text-color has-link-color has-medium-font-size wp-elements-43d135beda833ce138aa80e9a32350b7\" style=\"font-style:normal;font-weight:600\">Pi\u015fikl\u0259r \u00fc\u00e7\u00fcn Vida Nativa M\u0259hsul Kitab\u0131<\/p>\n\n\n\n<div class=\"wp-block-buttons is-content-justification-center is-layout-flex wp-container-core-buttons-is-layout-a89b3969 wp-block-buttons-is-layout-flex\">\n<div class=\"wp-block-button\"><a class=\"wp-block-button__link wp-element-button\" href=\"https:\/\/kraftiapet.com\/wp-content\/uploads\/2026\/05\/Vida-Nativa-Product-Book-for-Cats.pdf\" style=\"border-radius:17px\" target=\"_blank\" rel=\"noreferrer noopener\">\u00d6nizl\u0259m\u0259 \/ Y\u00fckl\u0259m\u0259  <\/a><\/div>\n<\/div>\n<\/div><\/div>\n\n\n\n<div class=\"wp-block-media-text is-stacked-on-mobile has-palette-color-6-background-color has-background\" style=\"margin-top:0;margin-bottom:0;padding-top:var(--wp--preset--spacing--60);padding-right:var(--wp--preset--spacing--60);padding-bottom:var(--wp--preset--spacing--60);padding-left:var(--wp--preset--spacing--60);grid-template-columns:26% auto\"><figure class=\"wp-block-media-text__media\"><img loading=\"lazy\" decoding=\"async\" width=\"600\" height=\"848\" src=\"https:\/\/kraftiapet.com\/wp-content\/uploads\/2026\/05\/Galena-Product-Book-thmnb.webp\" alt=\"\" class=\"wp-image-9206 size-full\" srcset=\"https:\/\/kraftiapet.com\/wp-content\/uploads\/2026\/05\/Galena-Product-Book-thmnb.webp 600w, https:\/\/kraftiapet.com\/wp-content\/uploads\/2026\/05\/Galena-Product-Book-thmnb-212x300.webp 212w, https:\/\/kraftiapet.com\/wp-content\/uploads\/2026\/05\/Galena-Product-Book-thmnb-300x424.webp 300w\" sizes=\"auto, (max-width: 600px) 100vw, 600px\" \/><\/figure><div class=\"wp-block-media-text__content\">\n<p class=\"has-text-align-center has-palette-color-3-color has-text-color has-link-color has-medium-font-size wp-elements-7db065f185f1d903a1611e94ac78209c\" style=\"font-style:normal;font-weight:600\">Craftia Galena M\u0259hsul Kitab\u0131<\/p>\n\n\n\n<div class=\"wp-block-buttons is-content-justification-center is-layout-flex wp-container-core-buttons-is-layout-a89b3969 wp-block-buttons-is-layout-flex\">\n<div class=\"wp-block-button\"><a class=\"wp-block-button__link wp-element-button\" href=\"https:\/\/kraftiapet.com\/wp-content\/uploads\/2026\/05\/Galena-Product-Book.pdf\" style=\"border-radius:17px\" target=\"_blank\" rel=\"noreferrer noopener\">\u00d6nizl\u0259m\u0259 \/ Y\u00fckl\u0259m\u0259  <\/a><\/div>\n<\/div>\n<\/div><\/div>\n\n\n\n<div class=\"wp-block-media-text is-stacked-on-mobile has-palette-color-6-background-color has-background\" style=\"margin-top:0;margin-bottom:0;padding-top:var(--wp--preset--spacing--60);padding-right:var(--wp--preset--spacing--60);padding-bottom:var(--wp--preset--spacing--60);padding-left:var(--wp--preset--spacing--60);grid-template-columns:26% auto\"><figure class=\"wp-block-media-text__media\"><img loading=\"lazy\" decoding=\"async\" width=\"600\" height=\"600\" src=\"https:\/\/kraftiapet.com\/wp-content\/uploads\/2025\/10\/regalena-web-eng-cover.webp\" alt=\"\" class=\"wp-image-2382 size-full\" srcset=\"https:\/\/kraftiapet.com\/wp-content\/uploads\/2025\/10\/regalena-web-eng-cover.webp 600w, https:\/\/kraftiapet.com\/wp-content\/uploads\/2025\/10\/regalena-web-eng-cover-300x300.webp 300w, https:\/\/kraftiapet.com\/wp-content\/uploads\/2025\/10\/regalena-web-eng-cover-150x150.webp 150w, https:\/\/kraftiapet.com\/wp-content\/uploads\/2025\/10\/regalena-web-eng-cover-100x100.webp 100w\" sizes=\"auto, (max-width: 600px) 100vw, 600px\" \/><\/figure><div class=\"wp-block-media-text__content\">\n<p class=\"has-text-align-center has-palette-color-3-color has-text-color has-link-color has-medium-font-size wp-elements-ef29ccb984dbe6ee743e00e2aff00a7c\" style=\"font-style:normal;font-weight:600\">Regalena M\u0259hsul kataloqu<\/p>\n\n\n\n<div class=\"wp-block-buttons is-content-justification-center is-layout-flex wp-container-core-buttons-is-layout-a89b3969 wp-block-buttons-is-layout-flex\">\n<div class=\"wp-block-button\"><a class=\"wp-block-button__link wp-element-button\" href=\"https:\/\/kraftiapet.com\/wp-content\/uploads\/2025\/10\/regalena-web-eng.pdf\" style=\"border-radius:17px\" target=\"_blank\" rel=\"noreferrer noopener\">\u00d6nizl\u0259m\u0259 \/ Y\u00fckl\u0259m\u0259  <\/a><\/div>\n<\/div>\n<\/div><\/div>\n\n\n\n<p><\/p>\n","protected":false},"excerpt":{"rendered":"<p>Kraftia X\u0259b\u0259r ota\u011f\u0131 \u2013 Xo\u015f g\u0259lmisiniz Qlobal bazarlarda Kraftia brendl\u0259ri, t\u0259\u015f\u0259bb\u00fcsl\u0259ri v\u0259 t\u0259dbirl\u0259ri haqq\u0131nda r\u0259smi elanlar\u0131, media materiallar\u0131n\u0131 v\u0259 yenilikl\u0259ri burada tapa bil\u0259rsiniz.<\/p>\n","protected":false},"author":1,"featured_media":0,"parent":0,"menu_order":0,"comment_status":"closed","ping_status":"closed","template":"","meta":{"_acf_changed":false,"footnotes":""},"class_list":["post-8581","page","type-page","status-publish","hentry"],"blocksy_meta":[],"acf":[],"_links":{"self":[{"href":"https:\/\/kraftiapet.com\/az\/wp-json\/wp\/v2\/pages\/8581","targetHints":{"allow":["GET"]}}],"collection":[{"href":"https:\/\/kraftiapet.com\/az\/wp-json\/wp\/v2\/pages"}],"about":[{"href":"https:\/\/kraftiapet.com\/az\/wp-json\/wp\/v2\/types\/page"}],"author":[{"embeddable":true,"href":"https:\/\/kraftiapet.com\/az\/wp-json\/wp\/v2\/users\/1"}],"replies":[{"embeddable":true,"href":"https:\/\/kraftiapet.com\/az\/wp-json\/wp\/v2\/comments?post=8581"}],"version-history":[{"count":8,"href":"https:\/\/kraftiapet.com\/az\/wp-json\/wp\/v2\/pages\/8581\/revisions"}],"predecessor-version":[{"id":9378,"href":"https:\/\/kraftiapet.com\/az\/wp-json\/wp\/v2\/pages\/8581\/revisions\/9378"}],"wp:attachment":[{"href":"https:\/\/kraftiapet.com\/az\/wp-json\/wp\/v2\/media?parent=8581"}],"curies":[{"name":"wp","href":"https:\/\/api.w.org\/{rel}","templated":true}]}}