{"id":8635,"date":"2025-08-29T11:00:08","date_gmt":"2025-08-29T11:00:08","guid":{"rendered":"https:\/\/kraftiapet.com\/?page_id=8635"},"modified":"2026-05-07T15:26:31","modified_gmt":"2026-05-07T15:26:31","slug":"vida","status":"publish","type":"page","link":"https:\/\/kraftiapet.com\/az\/vida\/","title":{"rendered":"Vida"},"content":{"rendered":"\n<figure class=\"wp-block-image size-large is-style-default\" style=\"margin-top:0;margin-bottom:0\"><img loading=\"lazy\" decoding=\"async\" width=\"1024\" height=\"213\" src=\"https:\/\/kraftiapet.com\/wp-content\/uploads\/2025\/09\/vida_pattern-1024x213.png\" alt=\"\" class=\"wp-image-720\" srcset=\"https:\/\/kraftiapet.com\/wp-content\/uploads\/2025\/09\/vida_pattern-1024x213.png 1024w, https:\/\/kraftiapet.com\/wp-content\/uploads\/2025\/09\/vida_pattern-600x125.png 600w, https:\/\/kraftiapet.com\/wp-content\/uploads\/2025\/09\/vida_pattern-300x63.png 300w, https:\/\/kraftiapet.com\/wp-content\/uploads\/2025\/09\/vida_pattern-768x160.png 768w, https:\/\/kraftiapet.com\/wp-content\/uploads\/2025\/09\/vida_pattern-1536x320.png 1536w, https:\/\/kraftiapet.com\/wp-content\/uploads\/2025\/09\/vida_pattern.png 1920w\" sizes=\"auto, (max-width: 1024px) 100vw, 1024px\" \/><\/figure>\n\n<div class=\"wp-block-media-text is-stacked-on-mobile .my-transparent-block { background-color: rgba(0, 0, 0.5); \/* crna 50% providna *\/ } has-background\" style=\"border-style:none;border-width:0px;background:linear-gradient(135deg,rgb(0,0,0) 0%,rgba(0,0,0,0.53) 98%);margin-top:0;margin-bottom:0;padding-top:var(--wp--preset--spacing--40);padding-right:0;padding-bottom:var(--wp--preset--spacing--40);padding-left:0;grid-template-columns:15% auto\"><figure class=\"wp-block-media-text__media\"><img loading=\"lazy\" decoding=\"async\" width=\"250\" height=\"251\" src=\"https:\/\/kraftiapet.com\/wp-content\/uploads\/2025\/09\/vida_logo.png\" alt=\"\" class=\"wp-image-725 size-full\" srcset=\"https:\/\/kraftiapet.com\/wp-content\/uploads\/2025\/09\/vida_logo.png 250w, https:\/\/kraftiapet.com\/wp-content\/uploads\/2025\/09\/vida_logo-100x100.png 100w, https:\/\/kraftiapet.com\/wp-content\/uploads\/2025\/09\/vida_logo-150x150.png 150w\" sizes=\"auto, (max-width: 250px) 100vw, 250px\" \/><\/figure><div class=\"wp-block-media-text__content\">\n<h2 class=\"wp-block-heading has-palette-color-8-color has-text-color has-link-color wp-elements-27b448d8ed1d6b645990f8a9fb98c3c1\" style=\"margin-top:var(--wp--preset--spacing--20);margin-bottom:var(--wp--preset--spacing--20);padding-top:0;padding-bottom:0;font-size:clamp(15.747px, 0.984rem + ((1vw - 3.2px) * 0.645), 24px);\">Vida Nativa<\/h2>\n\n\n\n<p class=\"has-cyan-bluish-gray-color has-text-color has-link-color wp-elements-67433a1b4fb0c13e342a128300f9a8bd\" style=\"font-size:clamp(14px, 0.875rem + ((1vw - 3.2px) * 0.313), 18px);\"><strong>Se\u00e7ilmi\u015f, t\u0259z\u0259 haz\u0131rlanm\u0131\u015f inqrediyentl\u0259rd\u0259n v\u0259 c\u0259lbedici dad variasiyalar\u0131ndan haz\u0131rlanm\u0131\u015f qidal\u0131 v\u0259 sa\u011flam reseptl\u0259rdir. Bu, it v\u0259 pi\u015fikl\u0259r \u00fc\u00e7\u00fcn sa\u011flaml\u0131q v\u0259 canl\u0131l\u0131q \u00fc\u00e7\u00fcn \u0259sas yaradan b\u00fct\u00fcn vacib qida madd\u0259l\u0259rini t\u0259min ed\u0259n tam v\u0259 balansla\u015fd\u0131r\u0131lm\u0131\u015f dadl\u0131 reseptl\u0259r \u00e7e\u015fididir. <\/strong><\/p>\n<\/div><\/div>\n\n<div class=\"wp-block-columns has-palette-color-5-background-color has-background is-layout-flex wp-container-core-columns-is-layout-ff679dcb wp-block-columns-is-layout-flex\" style=\"margin-top:0;margin-bottom:0;padding-top:var(--wp--preset--spacing--20);padding-bottom:var(--wp--preset--spacing--20)\">\n<div class=\"wp-block-column is-layout-flow wp-block-column-is-layout-flow\" style=\"flex-basis:66.68%\">\n<figure class=\"wp-block-image size-full\" style=\"margin-top:0;margin-bottom:0\"><img loading=\"lazy\" decoding=\"async\" width=\"563\" height=\"247\" src=\"https:\/\/kraftiapet.com\/wp-content\/uploads\/2025\/10\/vida_nativa_range-copy.webp\" alt=\"\" class=\"wp-image-2277\" srcset=\"https:\/\/kraftiapet.com\/wp-content\/uploads\/2025\/10\/vida_nativa_range-copy.webp 563w, https:\/\/kraftiapet.com\/wp-content\/uploads\/2025\/10\/vida_nativa_range-copy-300x132.webp 300w\" sizes=\"auto, (max-width: 563px) 100vw, 563px\" \/><\/figure>\n<\/div>\n\n\n\n<div class=\"wp-block-column is-layout-flow wp-block-column-is-layout-flow\" style=\"padding-top:var(--wp--preset--spacing--60);padding-bottom:var(--wp--preset--spacing--60);flex-basis:33.32%\">\n<div class=\"wp-block-columns is-layout-flex wp-container-core-columns-is-layout-28f84493 wp-block-columns-is-layout-flex\">\n<div class=\"wp-block-column is-layout-flow wp-block-column-is-layout-flow\" style=\"padding-top:var(--wp--preset--spacing--40);padding-bottom:var(--wp--preset--spacing--40)\">\n<div class=\"wp-block-buttons is-content-justification-center is-layout-flex wp-container-core-buttons-is-layout-a89b3969 wp-block-buttons-is-layout-flex\">\n<div class=\"wp-block-button\"><a class=\"wp-block-button__link has-text-align-center has-custom-font-size wp-element-button\" href=\"https:\/\/kraftiapet.com\/az\/brands\/vida-nativa\/?fproduct=cat-food\" style=\"border-radius:24px;padding-top:0;padding-bottom:0;font-size:14px\">Pi\u015fikl\u0259r \u00fc\u00e7\u00fcn<\/a><\/div>\n<\/div>\n\n\n\n<div class=\"wp-block-buttons is-content-justification-center is-layout-flex wp-container-core-buttons-is-layout-a89b3969 wp-block-buttons-is-layout-flex\">\n<div class=\"wp-block-button\"><a class=\"wp-block-button__link has-text-align-center has-custom-font-size wp-element-button\" href=\"https:\/\/kraftiapet.com\/az\/brands\/vida-nativa\/?fproduct=dog-food\" style=\"border-radius:24px;font-size:14px\">\u0130tl\u0259r \u00fc\u00e7\u00fcn<\/a><\/div>\n<\/div>\n<\/div>\n<\/div>\n<\/div>\n<\/div>\n\n<div class=\"wp-block-media-text is-stacked-on-mobile has-background\" style=\"border-style:none;border-width:0px;background:linear-gradient(135deg,rgba(152,152,152,0.5) 0%,rgb(174,174,174) 100%);margin-top:0;margin-bottom:0;padding-top:var(--wp--preset--spacing--40);padding-bottom:var(--wp--preset--spacing--40);grid-template-columns:15% auto\" id=\"vidasuper\"><figure class=\"wp-block-media-text__media\"><img loading=\"lazy\" decoding=\"async\" width=\"1080\" height=\"1080\" src=\"https:\/\/kraftiapet.com\/wp-content\/uploads\/2025\/09\/4-1024x1024.png\" alt=\"\" class=\"wp-image-433 size-full\" srcset=\"https:\/\/kraftiapet.com\/wp-content\/uploads\/2025\/09\/4-1024x1024.png 1024w, https:\/\/kraftiapet.com\/wp-content\/uploads\/2025\/09\/4-300x300.png 300w, https:\/\/kraftiapet.com\/wp-content\/uploads\/2025\/09\/4-100x100.png 100w, https:\/\/kraftiapet.com\/wp-content\/uploads\/2025\/09\/4-600x600.png 600w, https:\/\/kraftiapet.com\/wp-content\/uploads\/2025\/09\/4-150x150.png 150w, https:\/\/kraftiapet.com\/wp-content\/uploads\/2025\/09\/4-768x768.png 768w, https:\/\/kraftiapet.com\/wp-content\/uploads\/2025\/09\/4.png 1080w\" sizes=\"auto, (max-width: 1080px) 100vw, 1080px\" \/><\/figure><div class=\"wp-block-media-text__content\">\n<h2 class=\"wp-block-heading has-white-color has-text-color has-link-color wp-elements-7cfb2547bf0a61214a3620ce9de7ac99\" style=\"margin-top:var(--wp--preset--spacing--20);margin-bottom:var(--wp--preset--spacing--20);padding-top:0;padding-bottom:0;font-size:clamp(15.747px, 0.984rem + ((1vw - 3.2px) * 0.645), 24px);\">Vida Super<\/h2>\n\n\n\n<p class=\"has-palette-color-5-color has-text-color has-link-color wp-elements-1ce8e13f8be7cdef0f89959a8a63cac2\" style=\"font-size:clamp(14px, 0.875rem + ((1vw - 3.2px) * 0.313), 18px);\">Vida Super reseptl\u0259ri h\u0259r z\u00f6vq\u00fc t\u0259min ed\u0259n m\u00fcxt\u0259lif dad qar\u0131\u015f\u0131qlar\u0131 il\u0259 t\u0259bi\u0259tin b\u00fct\u00fcn faydalar\u0131n\u0131 birba\u015fa ev heyvan\u0131n\u0131z\u0131n qab\u0131na g\u0259tirir. Bu y\u00fcks\u0259k keyfiyy\u0259tli ev heyvan\u0131 yemi diqq\u0259tl\u0259 se\u00e7ilmi\u015f, t\u0259z\u0259 haz\u0131rlanm\u0131\u015f t\u0259bii inqrediyentl\u0259rd\u0259n v\u0259 tax\u0131llardan haz\u0131rlan\u0131r.  <\/p>\n<\/div><\/div>\n\n<div class=\"wp-block-columns has-palette-color-6-background-color has-background is-layout-flex wp-container-core-columns-is-layout-ff679dcb wp-block-columns-is-layout-flex\" style=\"margin-top:0;margin-bottom:0;padding-top:var(--wp--preset--spacing--20);padding-bottom:var(--wp--preset--spacing--20)\">\n<div class=\"wp-block-column is-layout-flow wp-block-column-is-layout-flow\" style=\"flex-basis:66.68%\">\n<figure class=\"wp-block-image size-full\" style=\"margin-top:0;margin-bottom:0\"><img loading=\"lazy\" decoding=\"async\" width=\"800\" height=\"381\" src=\"https:\/\/kraftiapet.com\/wp-content\/uploads\/2025\/10\/vida-super-range.webp\" alt=\"\" class=\"wp-image-2275\" srcset=\"https:\/\/kraftiapet.com\/wp-content\/uploads\/2025\/10\/vida-super-range.webp 800w, https:\/\/kraftiapet.com\/wp-content\/uploads\/2025\/10\/vida-super-range-300x143.webp 300w, https:\/\/kraftiapet.com\/wp-content\/uploads\/2025\/10\/vida-super-range-768x366.webp 768w, https:\/\/kraftiapet.com\/wp-content\/uploads\/2025\/10\/vida-super-range-600x286.webp 600w\" sizes=\"auto, (max-width: 800px) 100vw, 800px\" \/><\/figure>\n<\/div>\n\n\n\n<div class=\"wp-block-column is-layout-flow wp-block-column-is-layout-flow\" style=\"flex-basis:33.32%\">\n<div class=\"wp-block-columns is-layout-flex wp-container-core-columns-is-layout-a54e0cfc wp-block-columns-is-layout-flex\" style=\"padding-top:var(--wp--preset--spacing--60);padding-bottom:var(--wp--preset--spacing--60)\">\n<div class=\"wp-block-column is-layout-flow wp-block-column-is-layout-flow\" style=\"padding-top:var(--wp--preset--spacing--40);padding-bottom:var(--wp--preset--spacing--40)\">\n<div class=\"wp-block-buttons is-content-justification-center is-layout-flex wp-container-core-buttons-is-layout-a89b3969 wp-block-buttons-is-layout-flex\">\n<div class=\"wp-block-button\"><a class=\"wp-block-button__link has-custom-font-size wp-element-button\" href=\"https:\/\/kraftiapet.com\/az\/brands\/vida-super\/?fproduct=cat-food\" style=\"border-radius:24px;padding-top:0;padding-bottom:0;font-size:14px\">Pi\u015fikl\u0259r \u00fc\u00e7\u00fcn<\/a><\/div>\n<\/div>\n\n\n\n<div class=\"wp-block-buttons is-content-justification-center is-layout-flex wp-container-core-buttons-is-layout-a89b3969 wp-block-buttons-is-layout-flex\">\n<div class=\"wp-block-button\"><a class=\"wp-block-button__link has-custom-font-size wp-element-button\" href=\"https:\/\/kraftiapet.com\/az\/brands\/vida-super\/?fproduct=dog-food\" style=\"border-radius:24px;font-size:14px\">\u0130tl\u0259r \u00fc\u00e7\u00fcn<\/a><\/div>\n<\/div>\n<\/div>\n<\/div>\n<\/div>\n<\/div>\n\n<p><\/p>\n","protected":false},"excerpt":{"rendered":"<p>Vida Nativa Se\u00e7ilmi\u015f, t\u0259z\u0259 haz\u0131rlanm\u0131\u015f inqrediyentl\u0259rd\u0259n v\u0259 c\u0259lbedici dad variasiyalar\u0131ndan haz\u0131rlanm\u0131\u015f qidal\u0131 v\u0259 sa\u011flam reseptl\u0259rdir. Bu, it v\u0259 pi\u015fikl\u0259r \u00fc\u00e7\u00fcn sa\u011flaml\u0131q v\u0259 canl\u0131l\u0131q \u00fc\u00e7\u00fcn \u0259sas yaradan b\u00fct\u00fcn vacib qida madd\u0259l\u0259rini t\u0259min ed\u0259n tam v\u0259 balansla\u015fd\u0131r\u0131lm\u0131\u015f dadl\u0131 reseptl\u0259r \u00e7e\u015fididir. Vida Super Vida Super reseptl\u0259ri h\u0259r z\u00f6vq\u00fc t\u0259min ed\u0259n m\u00fcxt\u0259lif dad qar\u0131\u015f\u0131qlar\u0131 il\u0259 t\u0259bi\u0259tin b\u00fct\u00fcn faydalar\u0131n\u0131 birba\u015fa [&hellip;]<\/p>\n","protected":false},"author":1,"featured_media":0,"parent":0,"menu_order":0,"comment_status":"closed","ping_status":"closed","template":"","meta":{"_acf_changed":false,"footnotes":""},"class_list":["post-8635","page","type-page","status-publish","hentry"],"blocksy_meta":{"background":{"background_type":"image","background_pattern":"type-1","background_image":{"attachment_id":2421,"x":0.4699999999999999733546474089962430298328399658203125,"y":0.4699999999999999733546474089962430298328399658203125,"url":"https:\/\/kraftiapet.com\/wp-content\/uploads\/2025\/10\/seter-1024x690.webp"},"gradient":"linear-gradient(135deg,rgba(6,147,227,1) 0%,rgb(155,81,224) 100%)","background_repeat":"no-repeat","background_size":"auto","background_attachment":"scroll","patternColor":{"default":{"color":"#e5e7ea"}},"overlayColor":{"default":{"color":"CT_CSS_SKIP_RULE"}},"backgroundColor":{"default":{"color":"#ffffff"}}},"styles_descriptor":{"styles":{"desktop":"[data-prefix=\"single_page\"] {background-position:47% 47%;background-repeat:no-repeat;background-color:#ffffff;background-image:url(https:\/\/kraftiapet.com\/wp-content\/uploads\/2025\/10\/seter.webp);}","tablet":"","mobile":""},"google_fonts":[],"version":6}},"acf":[],"_links":{"self":[{"href":"https:\/\/kraftiapet.com\/az\/wp-json\/wp\/v2\/pages\/8635","targetHints":{"allow":["GET"]}}],"collection":[{"href":"https:\/\/kraftiapet.com\/az\/wp-json\/wp\/v2\/pages"}],"about":[{"href":"https:\/\/kraftiapet.com\/az\/wp-json\/wp\/v2\/types\/page"}],"author":[{"embeddable":true,"href":"https:\/\/kraftiapet.com\/az\/wp-json\/wp\/v2\/users\/1"}],"replies":[{"embeddable":true,"href":"https:\/\/kraftiapet.com\/az\/wp-json\/wp\/v2\/comments?post=8635"}],"version-history":[{"count":5,"href":"https:\/\/kraftiapet.com\/az\/wp-json\/wp\/v2\/pages\/8635\/revisions"}],"predecessor-version":[{"id":9191,"href":"https:\/\/kraftiapet.com\/az\/wp-json\/wp\/v2\/pages\/8635\/revisions\/9191"}],"wp:attachment":[{"href":"https:\/\/kraftiapet.com\/az\/wp-json\/wp\/v2\/media?parent=8635"}],"curies":[{"name":"wp","href":"https:\/\/api.w.org\/{rel}","templated":true}]}}