{"id":8662,"date":"2025-08-29T12:31:49","date_gmt":"2025-08-29T12:31:49","guid":{"rendered":"https:\/\/kraftiapet.com\/?page_id=8662"},"modified":"2026-05-07T15:26:03","modified_gmt":"2026-05-07T15:26:03","slug":"keyfiyy%c9%99t-v%c9%99-elm","status":"publish","type":"page","link":"https:\/\/kraftiapet.com\/az\/keyfiyy%c9%99t-v%c9%99-elm\/","title":{"rendered":"Keyfiyy\u0259t v\u0259 Elm"},"content":{"rendered":"\n<h2 class=\"wp-block-heading has-vivid-cyan-blue-color has-text-color has-link-color wp-elements-c144e6b24ef35740ebeb84a1b4d76e9d\" style=\"margin-top:var(--wp--preset--spacing--80);margin-bottom:var(--wp--preset--spacing--80)\">Qida t\u0259hl\u00fck\u0259sizliyi v\u0259 standartlar<\/h2>\n\n<div class=\"wp-block-columns is-layout-flex wp-container-core-columns-is-layout-28f84493 wp-block-columns-is-layout-flex\">\n<div class=\"wp-block-column is-layout-flow wp-block-column-is-layout-flow\" style=\"flex-basis:33.33%\">\n<p class=\"has-palette-color-3-color has-palette-color-5-background-color has-text-color has-background has-link-color has-medium-font-size wp-elements-b0ed7483729b5810f80a08ea7a565832\" style=\"margin-top:var(--wp--preset--spacing--30);margin-bottom:var(--wp--preset--spacing--30)\"><strong>&#8220;\u0130stehsal etdiyimiz h\u0259r bir m\u0259hsul ev heyvanlar\u0131 \u00fc\u00e7\u00fcn \u0259n y\u00fcks\u0259k keyfiyy\u0259ti v\u0259 qida d\u0259y\u0259rini t\u0259min etm\u0259k \u00fc\u00e7\u00fcn ciddi t\u0259hl\u00fck\u0259sizlik yoxlamalar\u0131ndan ke\u00e7ir.&#8221;<\/strong><\/p>\n<\/div>\n\n\n\n<div class=\"wp-block-column is-layout-flow wp-block-column-is-layout-flow\" style=\"flex-basis:66.66%\">\n<p style=\"margin-top:var(--wp--preset--spacing--30);margin-bottom:var(--wp--preset--spacing--30);font-size:clamp(14px, 0.875rem + ((1vw - 3.2px) * 0.469), 20px);\">Kraftia-da biz \u0259n y\u00fcks\u0259k t\u0259hl\u00fck\u0259sizlik protokollar\u0131na sadiqik v\u0259 h\u0259r bir m\u0259hsulun ciddi keyfiyy\u0259t standartlar\u0131na cavab verm\u0259sini t\u0259min edirik. \u0130stehsal etdiyimiz h\u0259r bir m\u0259hsul \u0259n y\u00fcks\u0259k keyfiyy\u0259t v\u0259 optimal qidalanman\u0131 t\u0259min etm\u0259k \u00fc\u00e7\u00fcn h\u0259rt\u0259r\u0259fli t\u0259hl\u00fck\u0259sizlik yoxlamalar\u0131ndan ke\u00e7ir. <\/p>\n<\/div>\n<\/div>\n\n<figure class=\"wp-block-image alignright size-large is-resized\"><img loading=\"lazy\" decoding=\"async\" width=\"1024\" height=\"714\" src=\"https:\/\/kraftiapet.com\/wp-content\/uploads\/2025\/10\/quality-1024x714.webp\" alt=\"\" class=\"wp-image-2516\" style=\"width:370px;height:auto\" srcset=\"https:\/\/kraftiapet.com\/wp-content\/uploads\/2025\/10\/quality-1024x714.webp 1024w, https:\/\/kraftiapet.com\/wp-content\/uploads\/2025\/10\/quality-300x209.webp 300w, https:\/\/kraftiapet.com\/wp-content\/uploads\/2025\/10\/quality-768x536.webp 768w, https:\/\/kraftiapet.com\/wp-content\/uploads\/2025\/10\/quality-1536x1071.webp 1536w, https:\/\/kraftiapet.com\/wp-content\/uploads\/2025\/10\/quality-600x418.webp 600w, https:\/\/kraftiapet.com\/wp-content\/uploads\/2025\/10\/quality.webp 1920w\" sizes=\"auto, (max-width: 1024px) 100vw, 1024px\" \/><\/figure>\n\n<p class=\"has-medium-font-size\"><strong>Qlobal standartlar v\u0259 uy\u011funluq<\/strong><\/p>\n\n<p class=\"has-palette-color-3-color has-text-color has-link-color wp-elements-e8265320537d67b48fac45c64349d770\">\u018fn s\u0259rt beyn\u0259lxalq standartlar:<br\/>\u0130nteqrasiya olunmu\u015f standartlar (<strong>ISO 9001, ISO 14001, ISO 45001<\/strong>)<br\/>Qida gigiyenas\u0131n\u0131n \u00fcmumi prinsipl\u0259ri (<strong>GHP<\/strong>) v\u0259 <strong>HACCP<\/strong> sistemi (Quality Austria)<br\/><strong>FS 8.0<\/strong> \u2013 beyn\u0259lxalq qida t\u0259hl\u00fck\u0259sizliyi standart\u0131 (Bureau Veritas), daha y\u00fcks\u0259k s\u0259viyy\u0259d\u0259 97,25% n\u0259tic\u0259 v\u0259 x\u0259b\u0259rdarl\u0131q edilm\u0259d\u0259n apar\u0131lan yoxlama il\u0259 t\u0259sdiql\u0259nmi\u015f IFS Star statusu il\u0259.<br\/>Biz ixrac etdiyimiz h\u0259r bir \u00f6lk\u0259nin t\u0259nziml\u0259yici standartlar\u0131na cavab veririk (yaln\u0131z A\u0130 v\u0259 yerli bazarlarla m\u0259hdudla\u015fm\u0131r). M\u0259hsullar\u0131m\u0131z b\u00fct\u00fcn t\u0259yinat bazarlar\u0131n\u0131n qanunlar\u0131na v\u0259 ixrac qaydalar\u0131na uy\u011fun olaraq haz\u0131rlan\u0131r v\u0259 istehsal olunur.<br\/>M\u0259hsul t\u0259hl\u00fck\u0259sizliyi v\u0259 keyfiyy\u0259tini t\u0259min etm\u0259k \u00fc\u00e7\u00fcn istehsal\u0131m\u0131z milli v\u0259 beyn\u0259lxalq baytarl\u0131q standartlar\u0131na cavab verir. Biz baytarl\u0131q qaydalar\u0131na v\u0259 ev heyvan\u0131 yemi t\u0259hl\u00fck\u0259sizliyi il\u0259 ba\u011fl\u0131 b\u00fct\u00fcn qanuni t\u0259l\u0259bl\u0259r\u0259 ciddi \u015f\u0259kild\u0259 \u0259m\u0259l edirik. <\/p>\n\n<h2 class=\"wp-block-heading has-palette-color-3-color has-text-color has-link-color has-medium-font-size wp-elements-a67b02721bd9fe4487e2586765d31df3\">Xammal n\u0259zar\u0259ti<\/h2>\n\n<div class=\"wp-block-columns is-layout-flex wp-container-core-columns-is-layout-28f84493 wp-block-columns-is-layout-flex\">\n<div class=\"wp-block-column is-layout-flow wp-block-column-is-layout-flow\" style=\"flex-basis:33.33%\"><\/div>\n\n\n\n<div class=\"wp-block-column is-layout-flow wp-block-column-is-layout-flow\" style=\"flex-basis:66.67%\">\n<h2 class=\"wp-block-heading has-text-align-right has-palette-color-3-color has-palette-color-5-background-color has-text-color has-background has-link-color has-medium-font-size wp-elements-395f0ce9114c319c40b73bcfa705438d\">\u201c\u0130nqrediyent keyfiyy\u0259tind\u0259 he\u00e7 bir g\u00fcz\u0259\u015ft yoxdur.\u201d<\/h2>\n<\/div>\n<\/div>\n\n<p>Biz yaln\u0131z daxili se\u00e7im v\u0259 t\u0259sdiq prosesimizd\u0259n ke\u00e7mi\u015f t\u0259chizat\u00e7\u0131larla i\u015fl\u0259yirik. B\u00fct\u00fcn xammallar mikrobioloji testl\u0259r, qida analizl\u0259ri v\u0259 \u00e7irkl\u0259ndiricil\u0259rin yoxlan\u0131lmas\u0131 daxil olmaqla ciddi q\u0259bul yoxlamalar\u0131ndan ke\u00e7ir. <\/p>\n\n<h2 class=\"wp-block-heading has-palette-color-3-color has-text-color has-link-color has-medium-font-size wp-elements-6c1ec0bff17c90fb9402b016122c86da\">\u0130stehsal prosesi t\u0259hl\u00fck\u0259sizliyi<\/h2>\n\n<p>\u0130stehsal prosesimizin h\u0259r m\u0259rh\u0259l\u0259si m\u0259hsulun t\u0259hl\u00fck\u0259sizliyini v\u0259 sabit keyfiyy\u0259tini t\u0259min etm\u0259k \u00fc\u00e7\u00fcn ayd\u0131n \u015f\u0259kild\u0259 m\u00fc\u0259yy\u0259n edilmi\u015f <strong>N\u0259zar\u0259t N\u00f6qt\u0259l\u0259ri <\/strong>vasit\u0259sil\u0259 izl\u0259nir v\u0259 idar\u0259 olunur.<br\/><br\/> \u0130dar\u0259etm\u0259 sistemimiz \u0259sas parametrl\u0259ri izl\u0259y\u0259n v\u0259 t\u0259nziml\u0259y\u0259n avtomatla\u015fd\u0131r\u0131lm\u0131\u015f texnologiyalarla d\u0259st\u0259kl\u0259nir.<br\/><br\/>M\u00fc\u0259ssis\u0259l\u0259r m\u0259hsul t\u0259hl\u00fck\u0259sizliyi standartlar\u0131na uy\u011funlu\u011fu t\u0259min etm\u0259k v\u0259 davaml\u0131 inki\u015faf\u0131 d\u0259st\u0259kl\u0259m\u0259k \u00fc\u00e7\u00fcn m\u00fcnt\u0259z\u0259m daxili auditl\u0259rd\u0259n v\u0259 \u00fc\u00e7\u00fcnc\u00fc t\u0259r\u0259f yoxlamalar\u0131ndan ke\u00e7ir.<\/p>\n\n<h2 class=\"wp-block-heading has-palette-color-3-color has-text-color has-link-color has-medium-font-size wp-elements-47e717d1bcedc950c185d22f4e6f0757\">Test v\u0259 keyfiyy\u0259t\u0259 n\u0259zar\u0259t<\/h2>\n\n<p>B\u00fct\u00fcn haz\u0131r m\u0259hsullar sabit <strong>keyfiyy\u0259t v\u0259 t\u0259hl\u00fck\u0259sizliyi <\/strong>t\u0259min etm\u0259k \u00fc\u00e7\u00fcn laborator analizl\u0259rd\u0259n ke\u00e7ir. Test protokollar\u0131na qida t\u0259rkibi, mikrobioloji t\u0259hl\u00fck\u0259sizlik, a\u011f\u0131r metallar v\u0259 mikotoksinl\u0259r \u00fczr\u0259 yoxlamalar daxildir \u2014 bu, t\u0259tbiq olunan t\u0259nziml\u0259yici standartlara tam uy\u011fundur.<br\/>H\u0259r bir istehsal partiyas\u0131 ayr\u0131ca s\u0131naqdan ke\u00e7irilir v\u0259 tam izl\u0259nil\u0259 bil\u0259nliyi v\u0259 m\u0259hsulun keyfiyy\u0259t z\u0259man\u0259tini t\u0259min ed\u0259n <strong>partiyaya m\u0259xsus sertifikatla<\/strong> m\u00fc\u015fayi\u0259t olunur.  <\/p>\n\n<h2 class=\"wp-block-heading has-palette-color-3-color has-text-color has-link-color has-medium-font-size wp-elements-9624f72ff312635939de7a60ecb75785\">\u0130zl\u0259nil\u0259 bil\u0259nlik v\u0259 \u015f\u0259ffafl\u0131q<\/h2>\n\n<p>Biz xammal\u0131n t\u0259dar\u00fck\u00fcnd\u0259n son m\u0259hsulun \u00e7atd\u0131r\u0131lmas\u0131na q\u0259d\u0259r tam \u015f\u0259ffafl\u0131\u011fa inan\u0131r\u0131q. R\u0259q\u0259msal sisteml\u0259rimiz h\u0259r bir m\u0259rh\u0259l\u0259ni (SAP, WMS) izl\u0259yir, h\u0259r bir paket is\u0259 tam izl\u0259nil\u0259 bil\u0259nlik v\u0259 etibarl\u0131l\u0131q \u00fc\u00e7\u00fcn QR kod, EAN kod v\u0259 partiya n\u00f6mr\u0259si il\u0259 t\u0259min olunur. <\/p>\n\n<h2 class=\"wp-block-heading has-palette-color-3-color has-text-color has-link-color has-medium-font-size wp-elements-87e3c879e080a495478e9137ba663ed1\">Sertifikatlar v\u0259 auditl\u0259r<\/h2>\n\n<p>B\u00fct\u00fcn sertifikatla\u015fd\u0131r\u0131lm\u0131\u015f standartlar v\u0259 hesabatlarla ba\u011fl\u0131 m\u0259lumatlar\u0131 direktorumuz Tatyana Spai\u00e7d\u0259n \u0259ld\u0259 ed\u0259 bil\u0259rsiniz.<\/p>\n\n<h2 class=\"wp-block-heading has-palette-color-3-color has-text-color has-link-color has-medium-font-size wp-elements-143552be9589c208aae64b2d87bb566e\">Davaml\u0131 t\u0259kmill\u0259\u015fdirm\u0259<\/h2>\n\n<p>Kraftia-da biz texnologiyaya v\u0259 i\u015f\u00e7i t\u0259limin\u0259 davaml\u0131 investisiya ed\u0259r\u0259k daim t\u0259kmill\u0259\u015fm\u0259y\u0259 sadiqik. Baytarlar, qidalanma m\u00fct\u0259x\u0259ssisl\u0259ri v\u0259 elmi institutlarla s\u0131x \u0259m\u0259kda\u015fl\u0131q ed\u0259r\u0259k m\u0259hsullar\u0131m\u0131z\u0131n v\u0259 prosesl\u0259rimizin \u0259n y\u00fcks\u0259k standartlara uy\u011fun \u015f\u0259kild\u0259 davaml\u0131 inki\u015faf\u0131n\u0131 t\u0259min edirik. <\/p>\n\n<h2 class=\"wp-block-heading has-text-align-left has-vivid-cyan-blue-color has-text-color has-link-color wp-elements-7aeb1dde4b4edb82d713f2b82affde47\"><br\/>T\u0259dqiqat v\u0259 inki\u015faf (R&amp;D)<br\/><\/h2>\n\n<div class=\"wp-block-columns is-layout-flex wp-container-core-columns-is-layout-28f84493 wp-block-columns-is-layout-flex\">\n<div class=\"wp-block-column is-layout-flow wp-block-column-is-layout-flow\" style=\"flex-basis:66.66%\">\n<h2 class=\"wp-block-heading has-palette-color-3-color has-text-color has-link-color has-medium-font-size wp-elements-7e7320264624ea90eec28400d9433bbf\">M\u00fct\u0259x\u0259ssisl\u0259r t\u0259r\u0259find\u0259n haz\u0131rlanm\u0131\u015f inc\u0259 formulalar<\/h2>\n\n\n\n<p>Premium ev heyvan\u0131 yemi x\u0259ttimizin m\u0259rk\u0259zind\u0259 elmi m\u00fck\u0259mm\u0259lliy\u0259 sadiqlik dayan\u0131r. Baytarlar, qidalanma m\u00fct\u0259x\u0259ssisl\u0259ri v\u0259 qida aliml\u0259rind\u0259n ibar\u0259t komandam\u0131z ev heyvanlar\u0131n\u0131n sa\u011flaml\u0131\u011f\u0131 v\u0259 rifah\u0131 \u00fc\u00e7\u00fcn \u0259n y\u00fcks\u0259k standartlara cavab ver\u0259n, diqq\u0259tl\u0259 haz\u0131rlanm\u0131\u015f reseptl\u0259r yaratmaq \u00fc\u00e7\u00fcn birg\u0259 \u00e7al\u0131\u015f\u0131r. <\/p>\n<\/div>\n\n\n\n<div class=\"wp-block-column is-layout-flow wp-block-column-is-layout-flow\" style=\"flex-basis:33.33%\">\n<h2 class=\"wp-block-heading has-palette-color-3-color has-palette-color-5-background-color has-text-color has-background has-link-color has-medium-font-size wp-elements-be56e6ca3344c7b54e1cde87b69d9ae0\">\u201cKraftia-da qidalanma elmi \u0259sasl\u0131d\u0131r. T\u0259dqiqat v\u0259 inki\u015faf komandam\u0131z h\u0259r reseptin t\u0259dqiqatlarla d\u0259st\u0259kl\u0259ndiyini v\u0259 ev heyvanlar\u0131n\u0131n real ehtiyaclar\u0131na uy\u011funla\u015fd\u0131r\u0131ld\u0131\u011f\u0131n\u0131 t\u0259min edir.\u201d <\/h2>\n<\/div>\n<\/div>\n\n<h2 class=\"wp-block-heading has-palette-color-3-color has-text-color has-link-color has-medium-font-size wp-elements-c144092603038e67135e5ee18dcecb5c\">Qabaqc\u0131l qida d\u0259qiqliyi<\/h2>\n\n<p>Biz ev heyvanlar\u0131n\u0131n qidalanmas\u0131 sah\u0259sind\u0259 qabaqc\u0131l t\u0259dqiqatlardan istifad\u0259 ed\u0259r\u0259k n\u00f6v\u0259y\u0259 uy\u011funla\u015fd\u0131r\u0131lm\u0131\u015f formulalar t\u0259qdim edirik. \u0130st\u0259r pi\u015fiyinizin h\u0259ssas h\u0259zmi, ist\u0259rs\u0259 d\u0259 itinizin optimal enerji ehtiyaclar\u0131 olsun, T\u0259dqiqat v\u0259 inki\u015faf prosesimiz h\u0259r bir t\u0259rkibin v\u0259 qida madd\u0259l\u0259rinin nisb\u0259tinin ev heyvan\u0131n\u0131z\u0131n sa\u011flaml\u0131\u011f\u0131 prioritet olaraq se\u00e7ilm\u0259sini t\u0259min edir. <\/p>\n\n<p><\/p>\n","protected":false},"excerpt":{"rendered":"<p>Qida t\u0259hl\u00fck\u0259sizliyi v\u0259 standartlar &#8220;\u0130stehsal etdiyimiz h\u0259r bir m\u0259hsul ev heyvanlar\u0131 \u00fc\u00e7\u00fcn \u0259n y\u00fcks\u0259k keyfiyy\u0259ti v\u0259 qida d\u0259y\u0259rini t\u0259min etm\u0259k \u00fc\u00e7\u00fcn ciddi t\u0259hl\u00fck\u0259sizlik yoxlamalar\u0131ndan ke\u00e7ir.&#8221; Kraftia-da biz \u0259n y\u00fcks\u0259k t\u0259hl\u00fck\u0259sizlik protokollar\u0131na sadiqik v\u0259 h\u0259r bir m\u0259hsulun ciddi keyfiyy\u0259t standartlar\u0131na cavab verm\u0259sini t\u0259min edirik. \u0130stehsal etdiyimiz h\u0259r bir m\u0259hsul \u0259n y\u00fcks\u0259k keyfiyy\u0259t v\u0259 optimal qidalanman\u0131 t\u0259min [&hellip;]<\/p>\n","protected":false},"author":1,"featured_media":0,"parent":0,"menu_order":0,"comment_status":"closed","ping_status":"closed","template":"","meta":{"_acf_changed":false,"footnotes":""},"class_list":["post-8662","page","type-page","status-publish","hentry"],"blocksy_meta":[],"acf":[],"_links":{"self":[{"href":"https:\/\/kraftiapet.com\/az\/wp-json\/wp\/v2\/pages\/8662","targetHints":{"allow":["GET"]}}],"collection":[{"href":"https:\/\/kraftiapet.com\/az\/wp-json\/wp\/v2\/pages"}],"about":[{"href":"https:\/\/kraftiapet.com\/az\/wp-json\/wp\/v2\/types\/page"}],"author":[{"embeddable":true,"href":"https:\/\/kraftiapet.com\/az\/wp-json\/wp\/v2\/users\/1"}],"replies":[{"embeddable":true,"href":"https:\/\/kraftiapet.com\/az\/wp-json\/wp\/v2\/comments?post=8662"}],"version-history":[{"count":4,"href":"https:\/\/kraftiapet.com\/az\/wp-json\/wp\/v2\/pages\/8662\/revisions"}],"predecessor-version":[{"id":8686,"href":"https:\/\/kraftiapet.com\/az\/wp-json\/wp\/v2\/pages\/8662\/revisions\/8686"}],"wp:attachment":[{"href":"https:\/\/kraftiapet.com\/az\/wp-json\/wp\/v2\/media?parent=8662"}],"curies":[{"name":"wp","href":"https:\/\/api.w.org\/{rel}","templated":true}]}}