{"id":8694,"date":"2025-09-26T12:43:59","date_gmt":"2025-09-26T12:43:59","guid":{"rendered":"https:\/\/kraftiapet.com\/?post_type=product&#038;p=8694"},"modified":"2026-05-05T13:20:10","modified_gmt":"2026-05-05T13:20:10","slug":"lamb-with-venison-sterilizasiya-olunmus-pisikl%c9%99r-ucun","status":"publish","type":"product","link":"https:\/\/kraftiapet.com\/az\/product\/lamb-with-venison-sterilizasiya-olunmus-pisikl%c9%99r-ucun\/","title":{"rendered":"Lamb with Venison \u2013 sterilizasiya olunmu\u015f pi\u015fikl\u0259r \u00fc\u00e7\u00fcn"},"content":{"rendered":"","protected":false},"excerpt":{"rendered":"<p>Craftia Harmona Lamb with Venison sterilizasiya olunmu\u015f pi\u015fikl\u0259r \u00fc\u00e7\u00fcn quzu v\u0259 maral \u0259ti il\u0259 premium quru pi\u015fik yemidir. Y\u00fcks\u0259k keyfiyy\u0259tli quzu v\u0259 maral \u0259ti \u0259sas protein m\u0259nb\u0259l\u0259ri kimi istifad\u0259 olunur v\u0259 ar\u0131q \u0259z\u0259l\u0259 k\u00fctl\u0259sinin v\u0259 sa\u011flam \u00e7\u0259kinin qorunmas\u0131na k\u00f6m\u0259k edir. Vitaminl\u0259r, minerallar v\u0259 t\u0259bii lifl\u0259rl\u0259 z\u0259nginl\u0259\u015fdirilmi\u015f bu formula h\u0259zmi, immun sistemini v\u0259 sidik yollar\u0131n\u0131n sa\u011flaml\u0131\u011f\u0131n\u0131 d\u0259st\u0259kl\u0259yir \u2014 s\u00fcni qatq\u0131lar olmadan.  <\/p>\n","protected":false},"featured_media":8696,"comment_status":"open","ping_status":"closed","template":"","meta":{"_acf_changed":false},"pwb-brand":[],"product_brand":[752],"product_cat":[753,754],"product_tag":[],"class_list":{"0":"post-8694","1":"product","2":"type-product","3":"status-publish","4":"has-post-thumbnail","6":"product_brand-craftia-harmona","7":"product_cat-cat-food","8":"product_cat-adult-cat","10":"first","11":"instock","12":"taxable","13":"shipping-taxable","14":"product-type-variable"},"acf":[],"brands":[],"_links":{"self":[{"href":"https:\/\/kraftiapet.com\/az\/wp-json\/wp\/v2\/product\/8694","targetHints":{"allow":["GET"]}}],"collection":[{"href":"https:\/\/kraftiapet.com\/az\/wp-json\/wp\/v2\/product"}],"about":[{"href":"https:\/\/kraftiapet.com\/az\/wp-json\/wp\/v2\/types\/product"}],"replies":[{"embeddable":true,"href":"https:\/\/kraftiapet.com\/az\/wp-json\/wp\/v2\/comments?post=8694"}],"wp:featuredmedia":[{"embeddable":true,"href":"https:\/\/kraftiapet.com\/az\/wp-json\/wp\/v2\/media\/8696"}],"wp:attachment":[{"href":"https:\/\/kraftiapet.com\/az\/wp-json\/wp\/v2\/media?parent=8694"}],"wp:term":[{"taxonomy":"pwb-brand","embeddable":true,"href":"https:\/\/kraftiapet.com\/az\/wp-json\/wp\/v2\/pwb-brand?post=8694"},{"taxonomy":"product_brand","embeddable":true,"href":"https:\/\/kraftiapet.com\/az\/wp-json\/wp\/v2\/product_brand?post=8694"},{"taxonomy":"product_cat","embeddable":true,"href":"https:\/\/kraftiapet.com\/az\/wp-json\/wp\/v2\/product_cat?post=8694"},{"taxonomy":"product_tag","embeddable":true,"href":"https:\/\/kraftiapet.com\/az\/wp-json\/wp\/v2\/product_tag?post=8694"}],"curies":[{"name":"wp","href":"https:\/\/api.w.org\/{rel}","templated":true}]}}