{"id":8703,"date":"2025-09-26T11:01:26","date_gmt":"2025-09-26T11:01:26","guid":{"rendered":"https:\/\/kraftiapet.com\/?post_type=product&#038;p=8703"},"modified":"2026-05-05T13:20:11","modified_gmt":"2026-05-05T13:20:11","slug":"toyuq-v%c9%99-baliq","status":"publish","type":"product","link":"https:\/\/kraftiapet.com\/az\/product\/toyuq-v%c9%99-baliq\/","title":{"rendered":"Toyuq v\u0259 Bal\u0131q"},"content":{"rendered":"","protected":false},"excerpt":{"rendered":"<p>Craftia Harmona Chicken &amp; Fish toyuq v\u0259 bal\u0131q il\u0259 haz\u0131rlanm\u0131\u015f premium pi\u015fik balas\u0131 yemidir. Toyuq v\u0259 bal\u0131q y\u00fcks\u0259k keyfiyy\u0259tli z\u00fclal m\u0259nb\u0259yidir v\u0259 g\u00fccl\u00fc, \u00e7evik \u0259z\u0259l\u0259l\u0259rin inki\u015faf\u0131n\u0131 d\u0259st\u0259kl\u0259yir. Bal\u0131q v\u0259 bal\u0131q ya\u011f\u0131 sa\u011flam d\u0259rinin v\u0259 parlaq t\u00fckl\u0259rin qorunmas\u0131na k\u00f6m\u0259k edir.  <\/p>\n","protected":false},"featured_media":8704,"comment_status":"open","ping_status":"closed","template":"","meta":{"_acf_changed":false},"pwb-brand":[],"product_brand":[752],"product_cat":[755,753],"product_tag":[],"class_list":{"0":"post-8703","1":"product","2":"type-product","3":"status-publish","4":"has-post-thumbnail","6":"product_brand-craftia-harmona","7":"product_cat-kitten","8":"product_cat-cat-food","10":"first","11":"instock","12":"taxable","13":"shipping-taxable","14":"product-type-variable"},"acf":[],"brands":[],"_links":{"self":[{"href":"https:\/\/kraftiapet.com\/az\/wp-json\/wp\/v2\/product\/8703","targetHints":{"allow":["GET"]}}],"collection":[{"href":"https:\/\/kraftiapet.com\/az\/wp-json\/wp\/v2\/product"}],"about":[{"href":"https:\/\/kraftiapet.com\/az\/wp-json\/wp\/v2\/types\/product"}],"replies":[{"embeddable":true,"href":"https:\/\/kraftiapet.com\/az\/wp-json\/wp\/v2\/comments?post=8703"}],"wp:featuredmedia":[{"embeddable":true,"href":"https:\/\/kraftiapet.com\/az\/wp-json\/wp\/v2\/media\/8704"}],"wp:attachment":[{"href":"https:\/\/kraftiapet.com\/az\/wp-json\/wp\/v2\/media?parent=8703"}],"wp:term":[{"taxonomy":"pwb-brand","embeddable":true,"href":"https:\/\/kraftiapet.com\/az\/wp-json\/wp\/v2\/pwb-brand?post=8703"},{"taxonomy":"product_brand","embeddable":true,"href":"https:\/\/kraftiapet.com\/az\/wp-json\/wp\/v2\/product_brand?post=8703"},{"taxonomy":"product_cat","embeddable":true,"href":"https:\/\/kraftiapet.com\/az\/wp-json\/wp\/v2\/product_cat?post=8703"},{"taxonomy":"product_tag","embeddable":true,"href":"https:\/\/kraftiapet.com\/az\/wp-json\/wp\/v2\/product_tag?post=8703"}],"curies":[{"name":"wp","href":"https:\/\/api.w.org\/{rel}","templated":true}]}}