{"id":8707,"date":"2025-09-26T11:17:57","date_gmt":"2025-09-26T11:17:57","guid":{"rendered":"https:\/\/kraftiapet.com\/?post_type=product&#038;p=8707"},"modified":"2026-05-05T13:20:11","modified_gmt":"2026-05-05T13:20:11","slug":"duck-turkey","status":"publish","type":"product","link":"https:\/\/kraftiapet.com\/az\/product\/duck-turkey\/","title":{"rendered":"Duck &amp; Turkey"},"content":{"rendered":"","protected":false},"excerpt":{"rendered":"<p>Craftia Harmona Duck &amp; Turkey \u00f6rd\u0259k v\u0259 hindu\u015fka il\u0259 haz\u0131rlanm\u0131\u015f premium quru pi\u015fik yemidir. \u00d6rd\u0259k v\u0259 hindu\u015fka y\u00fcks\u0259k h\u0259zm olunan z\u00fclal t\u0259min edir, immun sistemini, \u00fcr\u0259k sa\u011flaml\u0131\u011f\u0131n\u0131 v\u0259 g\u00fccl\u00fc, \u00e7evik \u0259z\u0259l\u0259l\u0259rin qorunmas\u0131n\u0131 d\u0259st\u0259kl\u0259yir. \u00d6rd\u0259k v\u0259 hindu\u015fka \u0259tinin birl\u0259\u015fm\u0259si pi\u015fikl\u0259rin sev\u0259c\u0259yi dad t\u0259qdim edir.  <\/p>\n","protected":false},"featured_media":8708,"comment_status":"open","ping_status":"closed","template":"","meta":{"_acf_changed":false},"pwb-brand":[],"product_brand":[752],"product_cat":[753,754],"product_tag":[],"class_list":{"0":"post-8707","1":"product","2":"type-product","3":"status-publish","4":"has-post-thumbnail","6":"product_brand-craftia-harmona","7":"product_cat-cat-food","8":"product_cat-adult-cat","10":"first","11":"instock","12":"taxable","13":"shipping-taxable","14":"product-type-variable"},"acf":[],"brands":[],"_links":{"self":[{"href":"https:\/\/kraftiapet.com\/az\/wp-json\/wp\/v2\/product\/8707","targetHints":{"allow":["GET"]}}],"collection":[{"href":"https:\/\/kraftiapet.com\/az\/wp-json\/wp\/v2\/product"}],"about":[{"href":"https:\/\/kraftiapet.com\/az\/wp-json\/wp\/v2\/types\/product"}],"replies":[{"embeddable":true,"href":"https:\/\/kraftiapet.com\/az\/wp-json\/wp\/v2\/comments?post=8707"}],"wp:featuredmedia":[{"embeddable":true,"href":"https:\/\/kraftiapet.com\/az\/wp-json\/wp\/v2\/media\/8708"}],"wp:attachment":[{"href":"https:\/\/kraftiapet.com\/az\/wp-json\/wp\/v2\/media?parent=8707"}],"wp:term":[{"taxonomy":"pwb-brand","embeddable":true,"href":"https:\/\/kraftiapet.com\/az\/wp-json\/wp\/v2\/pwb-brand?post=8707"},{"taxonomy":"product_brand","embeddable":true,"href":"https:\/\/kraftiapet.com\/az\/wp-json\/wp\/v2\/product_brand?post=8707"},{"taxonomy":"product_cat","embeddable":true,"href":"https:\/\/kraftiapet.com\/az\/wp-json\/wp\/v2\/product_cat?post=8707"},{"taxonomy":"product_tag","embeddable":true,"href":"https:\/\/kraftiapet.com\/az\/wp-json\/wp\/v2\/product_tag?post=8707"}],"curies":[{"name":"wp","href":"https:\/\/api.w.org\/{rel}","templated":true}]}}