{"id":8717,"date":"2025-09-26T12:07:18","date_gmt":"2025-09-26T12:07:18","guid":{"rendered":"https:\/\/kraftiapet.com\/?post_type=product&#038;p=8717"},"modified":"2026-05-05T13:20:10","modified_gmt":"2026-05-05T13:20:10","slug":"north-sea-fish","status":"publish","type":"product","link":"https:\/\/kraftiapet.com\/az\/product\/north-sea-fish\/","title":{"rendered":"North Sea Fish"},"content":{"rendered":"","protected":false},"excerpt":{"rendered":"<p>Craftia Harmona North Sea Fish \u015fimal d\u0259nizi bal\u0131\u011f\u0131 il\u0259 haz\u0131rlanm\u0131\u015f premium quru pi\u015fik yemidir. North Sea Fish y\u00fcks\u0259k keyfiyy\u0259tli z\u00fclallar\u0131n dadl\u0131 v\u0259 c\u0259lbedici qar\u0131\u015f\u0131\u011f\u0131d\u0131r v\u0259 pi\u015fikl\u0259rin \u00fcmumi sa\u011flaml\u0131\u011f\u0131n\u0131 d\u0259st\u0259kl\u0259m\u0259y\u0259 k\u00f6m\u0259k edir. Bal\u0131q z\u00fclal\u0131 v\u0259 ya\u011f\u0131 sa\u011flam d\u0259rinin v\u0259 parlaq t\u00fckl\u0259rin qorunmas\u0131na k\u00f6m\u0259k edir, y\u00fcks\u0259k h\u0259zm olunma qabiliyy\u0259ti is\u0259 g\u00fccl\u00fc v\u0259 \u00e7evik \u0259z\u0259l\u0259l\u0259rin formala\u015fmas\u0131n\u0131 d\u0259st\u0259kl\u0259yir.  <\/p>\n","protected":false},"featured_media":8718,"comment_status":"open","ping_status":"closed","template":"","meta":{"_acf_changed":false},"pwb-brand":[],"product_brand":[752],"product_cat":[753,754],"product_tag":[],"class_list":{"0":"post-8717","1":"product","2":"type-product","3":"status-publish","4":"has-post-thumbnail","6":"product_brand-craftia-harmona","7":"product_cat-cat-food","8":"product_cat-adult-cat","10":"first","11":"instock","12":"taxable","13":"shipping-taxable","14":"product-type-variable"},"acf":[],"brands":[],"_links":{"self":[{"href":"https:\/\/kraftiapet.com\/az\/wp-json\/wp\/v2\/product\/8717","targetHints":{"allow":["GET"]}}],"collection":[{"href":"https:\/\/kraftiapet.com\/az\/wp-json\/wp\/v2\/product"}],"about":[{"href":"https:\/\/kraftiapet.com\/az\/wp-json\/wp\/v2\/types\/product"}],"replies":[{"embeddable":true,"href":"https:\/\/kraftiapet.com\/az\/wp-json\/wp\/v2\/comments?post=8717"}],"wp:featuredmedia":[{"embeddable":true,"href":"https:\/\/kraftiapet.com\/az\/wp-json\/wp\/v2\/media\/8718"}],"wp:attachment":[{"href":"https:\/\/kraftiapet.com\/az\/wp-json\/wp\/v2\/media?parent=8717"}],"wp:term":[{"taxonomy":"pwb-brand","embeddable":true,"href":"https:\/\/kraftiapet.com\/az\/wp-json\/wp\/v2\/pwb-brand?post=8717"},{"taxonomy":"product_brand","embeddable":true,"href":"https:\/\/kraftiapet.com\/az\/wp-json\/wp\/v2\/product_brand?post=8717"},{"taxonomy":"product_cat","embeddable":true,"href":"https:\/\/kraftiapet.com\/az\/wp-json\/wp\/v2\/product_cat?post=8717"},{"taxonomy":"product_tag","embeddable":true,"href":"https:\/\/kraftiapet.com\/az\/wp-json\/wp\/v2\/product_tag?post=8717"}],"curies":[{"name":"wp","href":"https:\/\/api.w.org\/{rel}","templated":true}]}}