{"id":8726,"date":"2025-10-13T08:59:55","date_gmt":"2025-10-13T08:59:55","guid":{"rendered":"https:\/\/kraftiapet.com\/?post_type=product&#038;p=8726"},"modified":"2026-05-07T14:46:32","modified_gmt":"2026-05-07T14:46:32","slug":"senior","status":"publish","type":"product","link":"https:\/\/kraftiapet.com\/az\/product\/senior\/","title":{"rendered":"Senior +"},"content":{"rendered":"<p data-start=\"249\" data-end=\"352\"><strong>\u0130stifad\u0259 qaydas\u0131:<\/strong> G\u00fcnd\u0259 15 kq b\u0259d\u0259n \u00e7\u0259kisin\u0259 (BM) 1 doza (2.7 g), qidaya qar\u0131\u015fd\u0131r\u0131laraq verilir.<\/p>\n<p data-start=\"249\" data-end=\"352\">\u00c7eyn\u0259nil\u0259 bil\u0259n tablet(ler) <strong data-start=\"280\" data-end=\"294\">g\u00fcnd\u0259 bir d\u0259f\u0259<\/strong> t\u00f6vsiy\u0259 olunan dozaya uy\u011fun olaraq verilir. Tablet a\u015fa\u011f\u0131dak\u0131 \u015f\u0259kild\u0259 t\u0259tbiq oluna bil\u0259r:<\/p>\n<ul data-start=\"353\" data-end=\"529\">\n<li data-start=\"353\" data-end=\"398\">\n<p data-start=\"355\" data-end=\"398\">\u0130t\u0259 bir m\u00fckafat kimi<strong data-start=\"355\" data-end=\"373\"> birba\u015fa verilir. <\/strong><\/p>\n<\/li>\n<li data-start=\"399\" data-end=\"448\">\n<p data-start=\"401\" data-end=\"448\"><strong data-start=\"401\" data-end=\"420\">Qidaya qar\u0131\u015fd\u0131r\u0131laraq<\/strong> q\u0259bul etm\u0259si asanla\u015fd\u0131r\u0131l\u0131r.<\/p>\n<\/li>\n<li data-start=\"449\" data-end=\"529\">\n<p data-start=\"451\" data-end=\"529\">Laz\u0131m olduqda tam udulman\u0131 t\u0259min etm\u0259k \u00fc\u00e7\u00fcn <strong data-start=\"451\" data-end=\"487\">dilin k\u00f6k\u00fcn\u0259 yerl\u0259\u015fdirilir.<\/strong><\/p>\n<\/li>\n<\/ul>\n<p data-start=\"531\" data-end=\"682\">\u0130tin h\u0259r zaman t\u0259miz i\u00e7m\u0259li suya \u00e7\u0131x\u0131\u015f\u0131 oldu\u011fundan \u0259min olun. Optimal doza v\u0259 istifad\u0259 m\u00fcdd\u0259ti \u00fc\u00e7\u00fcn baytar h\u0259kiminizin t\u00f6vsiy\u0259l\u0259rin\u0259 \u0259m\u0259l edin.<\/p>\n","protected":false},"excerpt":{"rendered":"<p>\u0130tl\u0259rd\u0259 ya\u015flanma t\u0259dric\u0259n v\u0259 davaml\u0131 bir prosesdir v\u0259 bu m\u00fcdd\u0259t \u0259rzind\u0259 onlar m\u00fc\u0259yy\u0259n daxili v\u0259 xarici d\u0259yi\u015fiklikl\u0259rd\u0259n ke\u00e7irl\u0259r. Bizim senior it \u0259lav\u0259miz ya\u015fl\u0131 itl\u0259rd\u0259 h\u0259r\u0259k\u0259t qabiliyy\u0259tini, idrak funksiyalar\u0131n\u0131, \u00fcr\u0259k f\u0259aliyy\u0259tini v\u0259 \u00fcmumi canl\u0131l\u0131\u011f\u0131 d\u0259st\u0259kl\u0259yir. Boz t\u00fckl\u0259r, \u00e7\u0259ki art\u0131m\u0131, \u00e7anaq v\u0259 ya dirs\u0259k displaziyas\u0131, el\u0259c\u0259 d\u0259 z\u0259ifl\u0259mi\u015f \u00fcr\u0259k, oriyentasiya poz\u011funlu\u011fu v\u0259 azalm\u0131\u015f immun funksiyas\u0131 ya\u015fl\u0131 itl\u0259rin qar\u015f\u0131la\u015fd\u0131\u011f\u0131 \u0259sas probleml\u0259rd\u0259n yaln\u0131z bir ne\u00e7\u0259sidir.<\/p>\n<p><strong>SENIOR PLUS N\u018f ZAMAN?<\/strong><\/p>\n<ul>\n<li>\u0130ri ya\u015fl\u0131 itl\u0259rd\u0259 (7+ ya\u015f) oynaq probleml\u0259ri olduqda<\/li>\n<li>H\u0259r\u0259k\u0259t qabiliyy\u0259ti z\u0259ifl\u0259mi\u015f v\u0259 s\u0259rtlik olan itl\u0259r \u00fc\u00e7\u00fcn<\/li>\n<li>Kardiomiopatiya s\u0259b\u0259bil\u0259 z\u0259ifl\u0259mi\u015f \u00fcr\u0259k funksiyas\u0131 hallar\u0131nda<\/li>\n<li>Oriyentasiyas\u0131 pozulmu\u015f v\u0259 \u00e7a\u015fq\u0131n itl\u0259rd\u0259<\/li>\n<li>\u0130mmunitet sisteminin g\u00fccl\u0259ndirilm\u0259si \u00fc\u00e7\u00fcn<\/li>\n<\/ul>\n","protected":false},"featured_media":8725,"comment_status":"open","ping_status":"closed","template":"","meta":{"_acf_changed":false},"pwb-brand":[],"product_brand":[759],"product_cat":[761,760],"product_tag":[],"class_list":{"0":"post-8726","1":"product","2":"type-product","3":"status-publish","4":"has-post-thumbnail","6":"product_brand-regalena","7":"product_cat-dog-supplements","8":"product_cat-dog-food","10":"first","11":"instock","12":"taxable","13":"shipping-taxable","14":"product-type-variable"},"acf":[],"brands":[],"_links":{"self":[{"href":"https:\/\/kraftiapet.com\/az\/wp-json\/wp\/v2\/product\/8726","targetHints":{"allow":["GET"]}}],"collection":[{"href":"https:\/\/kraftiapet.com\/az\/wp-json\/wp\/v2\/product"}],"about":[{"href":"https:\/\/kraftiapet.com\/az\/wp-json\/wp\/v2\/types\/product"}],"replies":[{"embeddable":true,"href":"https:\/\/kraftiapet.com\/az\/wp-json\/wp\/v2\/comments?post=8726"}],"wp:featuredmedia":[{"embeddable":true,"href":"https:\/\/kraftiapet.com\/az\/wp-json\/wp\/v2\/media\/8725"}],"wp:attachment":[{"href":"https:\/\/kraftiapet.com\/az\/wp-json\/wp\/v2\/media?parent=8726"}],"wp:term":[{"taxonomy":"pwb-brand","embeddable":true,"href":"https:\/\/kraftiapet.com\/az\/wp-json\/wp\/v2\/pwb-brand?post=8726"},{"taxonomy":"product_brand","embeddable":true,"href":"https:\/\/kraftiapet.com\/az\/wp-json\/wp\/v2\/product_brand?post=8726"},{"taxonomy":"product_cat","embeddable":true,"href":"https:\/\/kraftiapet.com\/az\/wp-json\/wp\/v2\/product_cat?post=8726"},{"taxonomy":"product_tag","embeddable":true,"href":"https:\/\/kraftiapet.com\/az\/wp-json\/wp\/v2\/product_tag?post=8726"}],"curies":[{"name":"wp","href":"https:\/\/api.w.org\/{rel}","templated":true}]}}