{"id":8736,"date":"2025-10-13T07:09:13","date_gmt":"2025-10-13T07:09:13","guid":{"rendered":"https:\/\/kraftiapet.com\/?post_type=product&#038;p=8736"},"modified":"2026-05-07T14:47:28","modified_gmt":"2026-05-07T14:47:28","slug":"urinary-care","status":"publish","type":"product","link":"https:\/\/kraftiapet.com\/az\/product\/urinary-care\/","title":{"rendered":"Urinary Care"},"content":{"rendered":"<p data-start=\"249\" data-end=\"352\"><strong>\u0130stifad\u0259 qaydas\u0131<\/strong>: 6 ay m\u00fcdd\u0259tind\u0259 g\u00fcnd\u0259 15 kq b\u0259d\u0259n \u00e7\u0259kisin\u0259 (BM) 1 tablet.<\/p>\n<p data-start=\"249\" data-end=\"352\">\u00c7eyn\u0259nil\u0259 bil\u0259n tablet(ler) <strong data-start=\"280\" data-end=\"294\">g\u00fcnd\u0259 bir d\u0259f\u0259<\/strong> t\u00f6vsiy\u0259 olunan dozaya uy\u011fun olaraq verilir. Tablet a\u015fa\u011f\u0131dak\u0131 \u015f\u0259kild\u0259 t\u0259tbiq oluna bil\u0259r:<\/p>\n<ul data-start=\"353\" data-end=\"529\">\n<li data-start=\"353\" data-end=\"398\">\n<p data-start=\"355\" data-end=\"398\">\u0130t\u0259 bir m\u00fckafat kimi<strong data-start=\"355\" data-end=\"373\"> birba\u015fa verilir. <\/strong><\/p>\n<\/li>\n<li data-start=\"399\" data-end=\"448\">\n<p data-start=\"401\" data-end=\"448\"><strong data-start=\"401\" data-end=\"420\">Qidaya qar\u0131\u015fd\u0131r\u0131laraq<\/strong> q\u0259bul etm\u0259si asanla\u015fd\u0131r\u0131l\u0131r.<\/p>\n<\/li>\n<li data-start=\"449\" data-end=\"529\">\n<p data-start=\"451\" data-end=\"529\">Laz\u0131m olduqda tam udulman\u0131 t\u0259min etm\u0259k \u00fc\u00e7\u00fcn <strong data-start=\"451\" data-end=\"487\">dilin k\u00f6k\u00fcn\u0259 yerl\u0259\u015fdirilir.<\/strong><\/p>\n<\/li>\n<\/ul>\n<p data-start=\"531\" data-end=\"682\">\u0130tin h\u0259r zaman t\u0259miz i\u00e7m\u0259li suya \u00e7\u0131x\u0131\u015f\u0131 oldu\u011fundan \u0259min olun. Optimal doza v\u0259 istifad\u0259 m\u00fcdd\u0259ti \u00fc\u00e7\u00fcn baytar h\u0259kiminizin t\u00f6vsiy\u0259l\u0259rin\u0259 \u0259m\u0259l edin.<\/p>\n","protected":false},"excerpt":{"rendered":"<p>Sidik yollar\u0131 infeksiyalar\u0131 itl\u0259rd\u0259 tez-tez rast g\u0259lin\u0259n probleml\u0259rd\u0259ndir v\u0259 hallar\u0131n 90%-ind\u0259 infeksiyan\u0131n s\u0259b\u0259bi Escherichia coli bakteriyas\u0131 olur. Bizim itl\u0259r \u00fc\u00e7\u00fcn sidik yollar\u0131 \u0259lav\u0259miz bakteriyalar\u0131n t\u0259bii \u015f\u0259kild\u0259 xaric olunmas\u0131n\u0131 d\u0259st\u0259kl\u0259yir, immuniteti g\u00fccl\u0259ndirir v\u0259 t\u0259krar infeksiyan\u0131n qar\u015f\u0131s\u0131n\u0131 alma\u011fa k\u00f6m\u0259k edir. M\u00fcalic\u0259d\u0259 antibiotikl\u0259r t\u0259bii vasit\u0259l\u0259rl\u0259 birlikd\u0259 istifad\u0259 olunur ki, sidik yollar\u0131ndan bakteriyalar t\u0259mizl\u0259nsin v\u0259 immun sistem g\u00fccl\u0259nsin, bel\u0259likl\u0259 ev heyvanlar\u0131 t\u0259krar infeksiyalardan qorunsun.<\/p>\n<p><strong>URINARY CARE N\u018f ZAMAN?<\/strong><\/p>\n<ul>\n<li>Sidik yollar\u0131n\u0131n k\u0259skin, xroniki v\u0259 t\u0259krarlayan iltihablar\u0131nda<\/li>\n<li>B\u00f6yr\u0259k da\u015flar\u0131n\u0131n qar\u015f\u0131s\u0131n\u0131n al\u0131nmas\u0131 \u00fc\u00e7\u00fcn<\/li>\n<li>Sidik kis\u0259sind\u0259 kristallar v\u0259 da\u015flara qar\u015f\u0131<\/li>\n<li>Kateterizasiya v\u0259 c\u0259rrahi prosedurlardan sonra<\/li>\n<li>T\u0259yin edilmi\u015f \u0259n\u0259n\u0259vi m\u00fcalic\u0259y\u0259 d\u0259st\u0259k olaraq<\/li>\n<li>Prostat b\u00f6y\u00fcm\u0259si hallar\u0131nda<\/li>\n<li>Risk qrupuna daxil olan it cinsl\u0259rind\u0259 profilaktika \u00fc\u00e7\u00fcn<\/li>\n<li>Daha yax\u015f\u0131 sperma keyfiyy\u0259ti \u00fc\u00e7\u00fcn<\/li>\n<\/ul>\n","protected":false},"featured_media":8733,"comment_status":"open","ping_status":"closed","template":"","meta":{"_acf_changed":false},"pwb-brand":[],"product_brand":[759],"product_cat":[761,760],"product_tag":[],"class_list":{"0":"post-8736","1":"product","2":"type-product","3":"status-publish","4":"has-post-thumbnail","6":"product_brand-regalena","7":"product_cat-dog-supplements","8":"product_cat-dog-food","10":"first","11":"instock","12":"taxable","13":"shipping-taxable","14":"product-type-variable"},"acf":[],"brands":[],"_links":{"self":[{"href":"https:\/\/kraftiapet.com\/az\/wp-json\/wp\/v2\/product\/8736","targetHints":{"allow":["GET"]}}],"collection":[{"href":"https:\/\/kraftiapet.com\/az\/wp-json\/wp\/v2\/product"}],"about":[{"href":"https:\/\/kraftiapet.com\/az\/wp-json\/wp\/v2\/types\/product"}],"replies":[{"embeddable":true,"href":"https:\/\/kraftiapet.com\/az\/wp-json\/wp\/v2\/comments?post=8736"}],"wp:featuredmedia":[{"embeddable":true,"href":"https:\/\/kraftiapet.com\/az\/wp-json\/wp\/v2\/media\/8733"}],"wp:attachment":[{"href":"https:\/\/kraftiapet.com\/az\/wp-json\/wp\/v2\/media?parent=8736"}],"wp:term":[{"taxonomy":"pwb-brand","embeddable":true,"href":"https:\/\/kraftiapet.com\/az\/wp-json\/wp\/v2\/pwb-brand?post=8736"},{"taxonomy":"product_brand","embeddable":true,"href":"https:\/\/kraftiapet.com\/az\/wp-json\/wp\/v2\/product_brand?post=8736"},{"taxonomy":"product_cat","embeddable":true,"href":"https:\/\/kraftiapet.com\/az\/wp-json\/wp\/v2\/product_cat?post=8736"},{"taxonomy":"product_tag","embeddable":true,"href":"https:\/\/kraftiapet.com\/az\/wp-json\/wp\/v2\/product_tag?post=8736"}],"curies":[{"name":"wp","href":"https:\/\/api.w.org\/{rel}","templated":true}]}}