{"id":8739,"date":"2025-10-13T06:59:05","date_gmt":"2025-10-13T06:59:05","guid":{"rendered":"https:\/\/kraftiapet.com\/?post_type=product&#038;p=8739"},"modified":"2026-05-06T09:55:38","modified_gmt":"2026-05-06T09:55:38","slug":"immune-boost","status":"publish","type":"product","link":"https:\/\/kraftiapet.com\/az\/product\/immune-boost\/","title":{"rendered":"Immune Boost"},"content":{"rendered":"<p data-start=\"249\" data-end=\"352\"><strong>\u0130stifad\u0259 qaydas\u0131:<\/strong> G\u00fcnd\u0259 10 kq b\u0259d\u0259n \u00e7\u0259kisin\u0259 (BM) 1 tablet.<\/p>\n<p data-start=\"249\" data-end=\"352\">\u00c7eyn\u0259nil\u0259 bil\u0259n tablet g\u00fcnd\u0259 bir d\u0259f\u0259 t\u00f6vsiy\u0259 olunan dozaya uy\u011fun olaraq verilir. Tablet a\u015fa\u011f\u0131dak\u0131 \u015f\u0259kild\u0259 t\u0259tbiq oluna bil\u0259r: <\/p>\n<ul data-start=\"353\" data-end=\"529\">\n<li data-start=\"353\" data-end=\"398\">\n<p data-start=\"355\" data-end=\"398\">\u0130t\u0259 <strong data-start=\"355\" data-end=\"373\">birba\u015fa<\/strong> m\u00fckafat kimi veril\u0259 bil\u0259r.<\/p>\n<\/li>\n<li data-start=\"399\" data-end=\"448\">\n<p data-start=\"401\" data-end=\"448\"><strong data-start=\"401\" data-end=\"420\">Qidaya qar\u0131\u015fd\u0131r\u0131laraq <\/strong>q\u0259bul etm\u0259si asanla\u015fd\u0131r\u0131la bil\u0259r.<\/p>\n<\/li>\n<li data-start=\"449\" data-end=\"529\">\n<p data-start=\"451\" data-end=\"529\">Laz\u0131m olduqda tam udulman\u0131 t\u0259min etm\u0259k \u00fc\u00e7\u00fcn <strong data-start=\"451\" data-end=\"487\">dilin k\u00f6k\u00fcn\u0259 yerl\u0259\u015fdiril\u0259 <\/strong>bil\u0259r.<\/p>\n<\/li>\n<\/ul>\n<p data-start=\"531\" data-end=\"682\">\u0130tin h\u0259r zaman t\u0259miz i\u00e7m\u0259li suya \u00e7\u0131x\u0131\u015f\u0131 oldu\u011fundan \u0259min olun. Optimal doza v\u0259 istifad\u0259 m\u00fcdd\u0259ti \u00fc\u00e7\u00fcn baytar h\u0259kiminizin t\u00f6vsiy\u0259l\u0259rin\u0259 \u0259m\u0259l edin. <\/p>\n","protected":false},"excerpt":{"rendered":"<p>M\u00fcxt\u0259lif qida madd\u0259l\u0259ri il\u0259 z\u0259ngin p\u0259hriz, fiziki f\u0259aliyy\u0259t v\u0259 m\u00fcvafiq \u0259lav\u0259l\u0259r, x\u00fcsus\u0259n d\u0259 soyuqd\u0259ym\u0259, yor\u011funluq v\u0259 b\u0259d\u0259n t\u00fck\u0259nm\u0259si riskinin artd\u0131\u011f\u0131 d\u00f6vrl\u0259rd\u0259 g\u00fccl\u00fc immun sistem \u00fc\u00e7\u00fcn vacibdir. \u0130t immun \u0259lav\u0259miz m\u00fcqavim\u0259ti art\u0131rma\u011fa, sa\u011falman\u0131 d\u0259st\u0259kl\u0259m\u0259y\u0259 v\u0259 h\u0259yat\u0131n b\u00fct\u00fcn m\u0259rh\u0259l\u0259l\u0259rind\u0259 canl\u0131l\u0131\u011f\u0131 qoruma\u011fa k\u00f6m\u0259k edir. <\/p>\n<p><strong>IMMUNE BOOST N\u018f ZAMAN \u0130ST\u0130FAD\u018f OLUNUR?<\/strong><\/p>\n<ul>\n<li>Tez-tez ba\u015f ver\u0259n bakterial, g\u00f6b\u0259l\u0259k v\u0259 virus infeksiyalar\u0131 zaman\u0131<\/li>\n<li>A\u011fciy\u0259r v\u0259 qulaq iltihablar\u0131nda<\/li>\n<li>Xroniki x\u0259st\u0259likl\u0259rd\u0259<\/li>\n<li>Orqanizmin z\u0259ifl\u0259diyi hallarda<\/li>\n<li>Z\u0259if i\u015ftaha zaman\u0131<\/li>\n<li>Sa\u011falma d\u00f6vr\u00fcnd\u0259<\/li>\n<\/ul>\n","protected":false},"featured_media":8741,"comment_status":"open","ping_status":"closed","template":"","meta":{"_acf_changed":false},"pwb-brand":[],"product_brand":[759],"product_cat":[761,760],"product_tag":[],"class_list":{"0":"post-8739","1":"product","2":"type-product","3":"status-publish","4":"has-post-thumbnail","6":"product_brand-regalena","7":"product_cat-dog-supplements","8":"product_cat-dog-food","10":"first","11":"instock","12":"taxable","13":"shipping-taxable","14":"product-type-variable"},"acf":[],"brands":[],"_links":{"self":[{"href":"https:\/\/kraftiapet.com\/az\/wp-json\/wp\/v2\/product\/8739","targetHints":{"allow":["GET"]}}],"collection":[{"href":"https:\/\/kraftiapet.com\/az\/wp-json\/wp\/v2\/product"}],"about":[{"href":"https:\/\/kraftiapet.com\/az\/wp-json\/wp\/v2\/types\/product"}],"replies":[{"embeddable":true,"href":"https:\/\/kraftiapet.com\/az\/wp-json\/wp\/v2\/comments?post=8739"}],"wp:featuredmedia":[{"embeddable":true,"href":"https:\/\/kraftiapet.com\/az\/wp-json\/wp\/v2\/media\/8741"}],"wp:attachment":[{"href":"https:\/\/kraftiapet.com\/az\/wp-json\/wp\/v2\/media?parent=8739"}],"wp:term":[{"taxonomy":"pwb-brand","embeddable":true,"href":"https:\/\/kraftiapet.com\/az\/wp-json\/wp\/v2\/pwb-brand?post=8739"},{"taxonomy":"product_brand","embeddable":true,"href":"https:\/\/kraftiapet.com\/az\/wp-json\/wp\/v2\/product_brand?post=8739"},{"taxonomy":"product_cat","embeddable":true,"href":"https:\/\/kraftiapet.com\/az\/wp-json\/wp\/v2\/product_cat?post=8739"},{"taxonomy":"product_tag","embeddable":true,"href":"https:\/\/kraftiapet.com\/az\/wp-json\/wp\/v2\/product_tag?post=8739"}],"curies":[{"name":"wp","href":"https:\/\/api.w.org\/{rel}","templated":true}]}}