{"id":8755,"date":"2025-10-10T12:28:20","date_gmt":"2025-10-10T12:28:20","guid":{"rendered":"https:\/\/kraftiapet.com\/?post_type=product&#038;p=8755"},"modified":"2026-05-06T09:55:39","modified_gmt":"2026-05-06T09:55:39","slug":"liver-support","status":"publish","type":"product","link":"https:\/\/kraftiapet.com\/az\/product\/liver-support\/","title":{"rendered":"Liver Support"},"content":{"rendered":"<p data-start=\"249\" data-end=\"352\"><strong>\u0130stifad\u0259 qaydas\u0131:<\/strong> \u0130lk 10 g\u00fcn \u0259rzind\u0259 g\u00fcnd\u0259 10 kq b\u0259d\u0259n \u00e7\u0259kisin\u0259 (BM) 1 tablet.<\/p>\n<p data-start=\"249\" data-end=\"352\">\u00c7eyn\u0259nil\u0259 bil\u0259n tablet <strong data-start=\"280\" data-end=\"294\">g\u00fcnd\u0259 bir d\u0259f\u0259<\/strong> t\u00f6vsiy\u0259 olunan dozaya uy\u011fun olaraq verilir. Tablet a\u015fa\u011f\u0131dak\u0131 \u015f\u0259kild\u0259 t\u0259tbiq oluna bil\u0259r: <\/p>\n<ul data-start=\"353\" data-end=\"529\">\n<li data-start=\"353\" data-end=\"398\">\n<p data-start=\"355\" data-end=\"398\">\u0130t\u0259 <strong data-start=\"355\" data-end=\"373\">birba\u015fa<\/strong> m\u00fckafat kimi veril\u0259 bil\u0259r.<\/p>\n<\/li>\n<li data-start=\"399\" data-end=\"448\">\n<p data-start=\"401\" data-end=\"448\"><strong data-start=\"401\" data-end=\"420\">Qidaya qar\u0131\u015fd\u0131r\u0131laraq<\/strong> q\u0259bul etm\u0259si asanla\u015fd\u0131r\u0131la bil\u0259r.<\/p>\n<\/li>\n<li data-start=\"449\" data-end=\"529\">\n<p data-start=\"451\" data-end=\"529\">Laz\u0131m olduqda tam udulman\u0131 t\u0259min etm\u0259k \u00fc\u00e7\u00fcn<strong data-start=\"451\" data-end=\"487\"> dilin k\u00f6k\u00fcn\u0259 yerl\u0259\u015fdiril\u0259<\/strong> bil\u0259r.<\/p>\n<\/li>\n<\/ul>\n<p data-start=\"531\" data-end=\"682\">\u0130tin h\u0259r zaman t\u0259miz i\u00e7m\u0259li suya \u00e7\u0131x\u0131\u015f\u0131 oldu\u011fundan \u0259min olun. Optimal doza v\u0259 istifad\u0259 m\u00fcdd\u0259ti \u00fc\u00e7\u00fcn baytar h\u0259kiminizin t\u00f6vsiy\u0259l\u0259rin\u0259 \u0259m\u0259l edin. <\/p>\n","protected":false},"excerpt":{"rendered":"<p>Qaraciy\u0259r madd\u0259l\u0259r m\u00fcbadil\u0259sind\u0259 m\u00fch\u00fcm rol oynay\u0131r v\u0259 orqanizmd\u0259 bir \u00e7ox funksiyan\u0131 yerin\u0259 yetirir \u2013 toksinl\u0259rin xaric edilm\u0259sin\u0259 k\u00f6m\u0259k edir, qan z\u00fclallar\u0131n\u0131n sintezind\u0259 i\u015ftirak edir v\u0259 h\u0259zmi d\u0259st\u0259kl\u0259yir. \u0130tl\u0259r \u00fc\u00e7\u00fcn qaraciy\u0259r \u0259lav\u0259si qaraciy\u0259r h\u00fcceyr\u0259l\u0259rinin qorunmas\u0131na, regenerasiyan\u0131n d\u0259st\u0259kl\u0259nm\u0259sin\u0259 v\u0259 sa\u011flam madd\u0259l\u0259r m\u00fcbadil\u0259sinin saxlanmas\u0131na k\u00f6m\u0259k edir. Qaraciy\u0259rin m\u0259rk\u0259zi rolu onu m\u00fcxt\u0259lif risk faktorlar\u0131na m\u0259ruz qoyur, buna g\u00f6r\u0259 d\u0259 profilaktik d\u0259st\u0259k onun optimal funksiyas\u0131 \u00fc\u00e7\u00fcn vacibdir.  <\/p>\n<p><strong>LIVER SUPPORT N\u018f ZAMAN \u0130ST\u0130FAD\u018f OLUNUR?<\/strong><\/p>\n<ul>\n<li>Ya\u011fl\u0131 qaraciy\u0259r hallar\u0131nda<\/li>\n<li>Hepatotoksik d\u0259rmanlar\u0131n istifad\u0259si zaman\u0131<\/li>\n<li>Hepatit hallar\u0131nda (adenoviruslar, leptospiroz, toksoplazmoz)<\/li>\n<li>A\u011f\u0131r metallarla z\u0259h\u0259rl\u0259nm\u0259 hallar\u0131nda<\/li>\n<li>Qaraciy\u0259r kistalar\u0131 zaman\u0131<\/li>\n<li>\u00d6d yollar\u0131n\u0131n t\u0131xanmas\u0131 hallar\u0131nda<\/li>\n<\/ul>\n","protected":false},"featured_media":8756,"comment_status":"open","ping_status":"closed","template":"","meta":{"_acf_changed":false},"pwb-brand":[],"product_brand":[759],"product_cat":[761,760],"product_tag":[],"class_list":{"0":"post-8755","1":"product","2":"type-product","3":"status-publish","4":"has-post-thumbnail","6":"product_brand-regalena","7":"product_cat-dog-supplements","8":"product_cat-dog-food","10":"first","11":"instock","12":"taxable","13":"shipping-taxable","14":"product-type-variable"},"acf":[],"brands":[],"_links":{"self":[{"href":"https:\/\/kraftiapet.com\/az\/wp-json\/wp\/v2\/product\/8755","targetHints":{"allow":["GET"]}}],"collection":[{"href":"https:\/\/kraftiapet.com\/az\/wp-json\/wp\/v2\/product"}],"about":[{"href":"https:\/\/kraftiapet.com\/az\/wp-json\/wp\/v2\/types\/product"}],"replies":[{"embeddable":true,"href":"https:\/\/kraftiapet.com\/az\/wp-json\/wp\/v2\/comments?post=8755"}],"wp:featuredmedia":[{"embeddable":true,"href":"https:\/\/kraftiapet.com\/az\/wp-json\/wp\/v2\/media\/8756"}],"wp:attachment":[{"href":"https:\/\/kraftiapet.com\/az\/wp-json\/wp\/v2\/media?parent=8755"}],"wp:term":[{"taxonomy":"pwb-brand","embeddable":true,"href":"https:\/\/kraftiapet.com\/az\/wp-json\/wp\/v2\/pwb-brand?post=8755"},{"taxonomy":"product_brand","embeddable":true,"href":"https:\/\/kraftiapet.com\/az\/wp-json\/wp\/v2\/product_brand?post=8755"},{"taxonomy":"product_cat","embeddable":true,"href":"https:\/\/kraftiapet.com\/az\/wp-json\/wp\/v2\/product_cat?post=8755"},{"taxonomy":"product_tag","embeddable":true,"href":"https:\/\/kraftiapet.com\/az\/wp-json\/wp\/v2\/product_tag?post=8755"}],"curies":[{"name":"wp","href":"https:\/\/api.w.org\/{rel}","templated":true}]}}