{"id":8760,"date":"2025-10-10T10:05:34","date_gmt":"2025-10-10T10:05:34","guid":{"rendered":"https:\/\/kraftiapet.com\/?post_type=product&#038;p=8760"},"modified":"2026-05-06T09:55:40","modified_gmt":"2026-05-06T09:55:40","slug":"multivitamin","status":"publish","type":"product","link":"https:\/\/kraftiapet.com\/az\/product\/multivitamin\/","title":{"rendered":"Multivitamin"},"content":{"rendered":"<p data-start=\"249\" data-end=\"352\"><strong>\u0130stifad\u0259 qaydas\u0131<\/strong>: G\u00fcnd\u0259 15 kq b\u0259d\u0259n \u00e7\u0259kisin\u0259 (BM) 1 dozator (2.7 g) v\u0259 ya 1 tablet.<\/p>\n<p data-start=\"249\" data-end=\"352\">\u00c7eyn\u0259nil\u0259 bil\u0259n tablet <strong data-start=\"280\" data-end=\"294\">g\u00fcnd\u0259 bir d\u0259f\u0259<\/strong> t\u00f6vsiy\u0259 olunan dozaya uy\u011fun olaraq verilir. Tablet a\u015fa\u011f\u0131dak\u0131 \u015f\u0259kild\u0259 t\u0259tbiq oluna bil\u0259r: <\/p>\n<ul data-start=\"353\" data-end=\"529\">\n<li data-start=\"353\" data-end=\"398\">\n<p data-start=\"355\" data-end=\"398\">\u0130t\u0259<strong data-start=\"355\" data-end=\"373\"> birba\u015fa<\/strong> m\u00fckafat kimi veril\u0259 bil\u0259r.<\/p>\n<\/li>\n<li data-start=\"399\" data-end=\"448\">\n<p data-start=\"401\" data-end=\"448\"><strong data-start=\"401\" data-end=\"420\">Qidaya qar\u0131\u015fd\u0131r\u0131laraq<\/strong> q\u0259bul etm\u0259si asanla\u015fd\u0131r\u0131la bil\u0259r.<\/p>\n<\/li>\n<li data-start=\"449\" data-end=\"529\">\n<p data-start=\"451\" data-end=\"529\">Laz\u0131m olduqda tam udulman\u0131 t\u0259min etm\u0259k \u00fc\u00e7\u00fcn <strong data-start=\"451\" data-end=\"487\">dilin k\u00f6k\u00fcn\u0259 yerl\u0259\u015fdiril\u0259<\/strong> bil\u0259r.<\/p>\n<\/li>\n<\/ul>\n<p data-start=\"531\" data-end=\"682\">\u0130tin h\u0259r zaman t\u0259miz i\u00e7m\u0259li suya \u00e7\u0131x\u0131\u015f\u0131 oldu\u011fundan \u0259min olun. Optimal doza v\u0259 istifad\u0259 m\u00fcdd\u0259ti \u00fc\u00e7\u00fcn baytar h\u0259kiminizin t\u00f6vsiy\u0259l\u0259rin\u0259 \u0259m\u0259l edin. <\/p>\n","protected":false},"excerpt":{"rendered":"<p>D\u00fczg\u00fcn qidalanma itl\u0259r \u00fc\u00e7\u00fcn b\u00fct\u00fcn laz\u0131mi qida madd\u0259l\u0259rini t\u0259min etm\u0259lidir, lakin orqanizm m\u00f6vs\u00fcmi soyuqd\u0259ym\u0259l\u0259r, z\u0259if immunitet v\u0259 m\u00fcxt\u0259lif xarici t\u0259sirl\u0259rl\u0259 m\u00fcbariz\u0259 aparmaq \u00fc\u00e7\u00fcn tez-tez \u0259lav\u0259 vitamin v\u0259 minerallara ehtiyac duyur. \u0130tl\u0259r \u00fc\u00e7\u00fcn multivitamin \u0259lav\u0259si balansl\u0131 qidalanman\u0131 d\u0259st\u0259kl\u0259yir, immunitet sistemini g\u00fccl\u0259ndirir v\u0259 il boyu enerji v\u0259 canl\u0131l\u0131\u011f\u0131 qoruma\u011fa k\u00f6m\u0259k edir. <\/p>\n<p><strong>MULTIVITAMIN N\u018f ZAMAN \u0130ST\u0130FAD\u018f OLUNUR?<\/strong><\/p>\n<ul>\n<li>B\u00fct\u00fcn cinsl\u0259rd\u0259 d\u00fczg\u00fcn b\u00f6y\u00fcm\u0259 v\u0259 inki\u015faf \u00fc\u00e7\u00fcn<\/li>\n<li>Hamil\u0259lik v\u0259 laktasiya d\u00f6vr\u00fcnd\u0259<\/li>\n<li>M\u00fcalic\u0259 v\u0259 sa\u011falma d\u00f6vr\u00fcnd\u0259 d\u0259st\u0259k \u00fc\u00e7\u00fcn<\/li>\n<li>Sinir v\u0259 \u00fcr\u0259k-damar sisteml\u0259rinin d\u0259st\u0259kl\u0259nm\u0259si \u00fc\u00e7\u00fcn<\/li>\n<li>\u0130mmunitetin qorunmas\u0131 v\u0259 g\u00fccl\u0259ndirilm\u0259si \u00fc\u00e7\u00fcn<\/li>\n<\/ul>\n","protected":false},"featured_media":8761,"comment_status":"open","ping_status":"closed","template":"","meta":{"_acf_changed":false},"pwb-brand":[],"product_brand":[759],"product_cat":[761,760],"product_tag":[],"class_list":{"0":"post-8760","1":"product","2":"type-product","3":"status-publish","4":"has-post-thumbnail","6":"product_brand-regalena","7":"product_cat-dog-supplements","8":"product_cat-dog-food","10":"first","11":"instock","12":"taxable","13":"shipping-taxable","14":"product-type-variable"},"acf":[],"brands":[],"_links":{"self":[{"href":"https:\/\/kraftiapet.com\/az\/wp-json\/wp\/v2\/product\/8760","targetHints":{"allow":["GET"]}}],"collection":[{"href":"https:\/\/kraftiapet.com\/az\/wp-json\/wp\/v2\/product"}],"about":[{"href":"https:\/\/kraftiapet.com\/az\/wp-json\/wp\/v2\/types\/product"}],"replies":[{"embeddable":true,"href":"https:\/\/kraftiapet.com\/az\/wp-json\/wp\/v2\/comments?post=8760"}],"wp:featuredmedia":[{"embeddable":true,"href":"https:\/\/kraftiapet.com\/az\/wp-json\/wp\/v2\/media\/8761"}],"wp:attachment":[{"href":"https:\/\/kraftiapet.com\/az\/wp-json\/wp\/v2\/media?parent=8760"}],"wp:term":[{"taxonomy":"pwb-brand","embeddable":true,"href":"https:\/\/kraftiapet.com\/az\/wp-json\/wp\/v2\/pwb-brand?post=8760"},{"taxonomy":"product_brand","embeddable":true,"href":"https:\/\/kraftiapet.com\/az\/wp-json\/wp\/v2\/product_brand?post=8760"},{"taxonomy":"product_cat","embeddable":true,"href":"https:\/\/kraftiapet.com\/az\/wp-json\/wp\/v2\/product_cat?post=8760"},{"taxonomy":"product_tag","embeddable":true,"href":"https:\/\/kraftiapet.com\/az\/wp-json\/wp\/v2\/product_tag?post=8760"}],"curies":[{"name":"wp","href":"https:\/\/api.w.org\/{rel}","templated":true}]}}