{"id":8785,"date":"2025-10-07T09:18:46","date_gmt":"2025-10-07T09:18:46","guid":{"rendered":"https:\/\/kraftiapet.com\/?post_type=product&#038;p=8785"},"modified":"2026-05-06T14:41:32","modified_gmt":"2026-05-06T14:41:32","slug":"rc-renal-care","status":"publish","type":"product","link":"https:\/\/kraftiapet.com\/az\/product\/rc-renal-care\/","title":{"rendered":"RC Renal Care"},"content":{"rendered":"","protected":false},"excerpt":{"rendered":"<p>RC Renal Care \u2013 Craftia Galena Veterinary, b\u00f6yr\u0259k d\u0259st\u0259yi v\u0259 b\u00f6yr\u0259k bax\u0131m\u0131 \u00fc\u00e7\u00fcn baytarl\u0131q it yemidir v\u0259 itl\u0259r \u00fc\u00e7\u00fcn tam p\u0259hrizli dietetik yemdir. Xroniki v\u0259 ya m\u00fcv\u0259qq\u0259ti b\u00f6yr\u0259k \u00e7at\u0131\u015fmazl\u0131\u011f\u0131 hallar\u0131nda b\u00f6yr\u0259k funksiyas\u0131n\u0131 d\u0259st\u0259kl\u0259m\u0259k \u00fc\u00e7\u00fcn haz\u0131rlanm\u0131\u015fd\u0131r. Bu ixtisasla\u015fd\u0131r\u0131lm\u0131\u015f p\u0259hriz b\u00f6yr\u0259kl\u0259rin i\u015f y\u00fck\u00fcn\u00fc azaltma\u011fa, balansl\u0131 mineral s\u0259viyy\u0259l\u0259rini qoruma\u011fa v\u0259 b\u00f6yr\u0259k problemi olan itl\u0259rd\u0259 \u00fcmumi canl\u0131l\u0131\u011f\u0131 d\u0259st\u0259kl\u0259m\u0259y\u0259 k\u00f6m\u0259k edir.  <\/p>\n<p><strong>RC RENAL CARE N\u018f ZAMAN \u0130ST\u0130FAD\u018f OLUNUR?<\/strong><\/p>\n<ul>\n<li>Xroniki v\u0259 ya m\u00fcv\u0259qq\u0259ti b\u00f6yr\u0259k \u00e7at\u0131\u015fmazl\u0131\u011f\u0131 \u00fc\u00e7\u00fcn<\/li>\n<li>B\u00f6yr\u0259k funksiyas\u0131n\u0131 v\u0259 detoksifikasiyan\u0131 d\u0259st\u0259kl\u0259yir<\/li>\n<li>Fosfor v\u0259 natrium s\u0259viyy\u0259l\u0259rini balansla\u015fd\u0131rma\u011fa k\u00f6m\u0259k edir<\/li>\n<li>\u0130\u015ftahan\u0131 v\u0259 n\u0259ml\u0259nm\u0259ni t\u0259\u015fviq edir<\/li>\n<li>B\u00f6yr\u0259k problemi v\u0259 ya\u015fa ba\u011fl\u0131 b\u00f6yr\u0259k poz\u011funlu\u011fu olan itl\u0259r \u00fc\u00e7\u00fcn t\u00f6vsiy\u0259 olunur<\/li>\n<\/ul>\n","protected":false},"featured_media":8788,"comment_status":"open","ping_status":"closed","template":"","meta":{"_acf_changed":false},"pwb-brand":[],"product_brand":[769],"product_cat":[760,770],"product_tag":[],"class_list":{"0":"post-8785","1":"product","2":"type-product","3":"status-publish","4":"has-post-thumbnail","6":"product_brand-craftia-galena","7":"product_cat-dog-food","8":"product_cat-adult-dog","10":"first","11":"instock","12":"taxable","13":"shipping-taxable","14":"product-type-variable"},"acf":[],"brands":[],"_links":{"self":[{"href":"https:\/\/kraftiapet.com\/az\/wp-json\/wp\/v2\/product\/8785","targetHints":{"allow":["GET"]}}],"collection":[{"href":"https:\/\/kraftiapet.com\/az\/wp-json\/wp\/v2\/product"}],"about":[{"href":"https:\/\/kraftiapet.com\/az\/wp-json\/wp\/v2\/types\/product"}],"replies":[{"embeddable":true,"href":"https:\/\/kraftiapet.com\/az\/wp-json\/wp\/v2\/comments?post=8785"}],"wp:featuredmedia":[{"embeddable":true,"href":"https:\/\/kraftiapet.com\/az\/wp-json\/wp\/v2\/media\/8788"}],"wp:attachment":[{"href":"https:\/\/kraftiapet.com\/az\/wp-json\/wp\/v2\/media?parent=8785"}],"wp:term":[{"taxonomy":"pwb-brand","embeddable":true,"href":"https:\/\/kraftiapet.com\/az\/wp-json\/wp\/v2\/pwb-brand?post=8785"},{"taxonomy":"product_brand","embeddable":true,"href":"https:\/\/kraftiapet.com\/az\/wp-json\/wp\/v2\/product_brand?post=8785"},{"taxonomy":"product_cat","embeddable":true,"href":"https:\/\/kraftiapet.com\/az\/wp-json\/wp\/v2\/product_cat?post=8785"},{"taxonomy":"product_tag","embeddable":true,"href":"https:\/\/kraftiapet.com\/az\/wp-json\/wp\/v2\/product_tag?post=8785"}],"curies":[{"name":"wp","href":"https:\/\/api.w.org\/{rel}","templated":true}]}}