{"id":8786,"date":"2025-10-06T12:22:23","date_gmt":"2025-10-06T12:22:23","guid":{"rendered":"https:\/\/kraftiapet.com\/?post_type=product&#038;p=8786"},"modified":"2026-05-06T14:41:35","modified_gmt":"2026-05-06T14:41:35","slug":"rcc-recovery-convalescence-care-2","status":"publish","type":"product","link":"https:\/\/kraftiapet.com\/az\/product\/rcc-recovery-convalescence-care-2\/","title":{"rendered":"RCC Recovery &amp; Convalescence Care"},"content":{"rendered":"","protected":false},"excerpt":{"rendered":"<p>RCC Recovery &amp; Convalescence Care \u2013 Craftia Galena Baytarl\u0131q, b\u0259rpa v\u0259 sa\u011falma \u00fc\u00e7\u00fcn baytarl\u0131q pi\u015fik yemidir v\u0259 pi\u015fikl\u0259r \u00fc\u00e7\u00fcn tam p\u0259hrizli dietetik yemdir. X\u0259st\u0259lik, \u0259m\u0259liyyat v\u0259 ya sa\u011falma d\u00f6vrl\u0259rind\u0259 qidalanman\u0131n b\u0259rpas\u0131n\u0131 d\u0259st\u0259kl\u0259m\u0259k \u00fc\u00e7\u00fcn y\u00fcks\u0259k enerji s\u0131xl\u0131\u011f\u0131, vacib qida madd\u0259l\u0259ri v\u0259 asanl\u0131qla h\u0259zm olunan inqrediyentl\u0259r t\u0259min edir. Formula z\u0259ifl\u0259mi\u015f v\u0259 ya qidalanma \u00e7at\u0131\u015fmazl\u0131\u011f\u0131 olan pi\u015fikl\u0259rd\u0259 i\u015ftahan\u0131 b\u0259rpa etm\u0259y\u0259, toxumalar\u0131n regenerasiyas\u0131n\u0131 t\u0259\u015fviq etm\u0259y\u0259 v\u0259 metabolik b\u0259rpan\u0131 d\u0259st\u0259kl\u0259m\u0259y\u0259 k\u00f6m\u0259k edir.  <\/p>\n<p><strong>RCC RECOVERY &amp; CONVALESCENCE CARE N\u018f ZAMAN \u0130ST\u0130FAD\u018f OLUNUR?<\/strong><\/p>\n<ul>\n<li>X\u0259st\u0259lik v\u0259 ya \u0259m\u0259liyyatdan sonra qidalanman\u0131n b\u0259rpas\u0131 \u00fc\u00e7\u00fcn<\/li>\n<li>Sa\u011falma v\u0259 enerji b\u0259rpas\u0131n\u0131 d\u0259st\u0259kl\u0259yir<\/li>\n<li>Y\u00fcks\u0259k enerji v\u0259 qida madd\u0259l\u0259ri il\u0259 z\u0259ngin formulaya malikdir<\/li>\n<li>\u0130\u015ftahan\u0131 v\u0259 canl\u0131l\u0131\u011f\u0131 stimulla\u015fd\u0131r\u0131r<\/li>\n<li>Z\u0259ifl\u0259mi\u015f v\u0259 ya \u00e7\u0259kisi az olan pi\u015fikl\u0259r \u00fc\u00e7\u00fcn t\u00f6vsiy\u0259 olunur<\/li>\n<\/ul>\n","protected":false},"featured_media":8787,"comment_status":"open","ping_status":"closed","template":"","meta":{"_acf_changed":false},"pwb-brand":[],"product_brand":[769],"product_cat":[753,754],"product_tag":[],"class_list":{"0":"post-8786","1":"product","2":"type-product","3":"status-publish","4":"has-post-thumbnail","6":"product_brand-craftia-galena","7":"product_cat-cat-food","8":"product_cat-adult-cat","10":"first","11":"instock","12":"taxable","13":"shipping-taxable","14":"product-type-variable"},"acf":[],"brands":[],"_links":{"self":[{"href":"https:\/\/kraftiapet.com\/az\/wp-json\/wp\/v2\/product\/8786","targetHints":{"allow":["GET"]}}],"collection":[{"href":"https:\/\/kraftiapet.com\/az\/wp-json\/wp\/v2\/product"}],"about":[{"href":"https:\/\/kraftiapet.com\/az\/wp-json\/wp\/v2\/types\/product"}],"replies":[{"embeddable":true,"href":"https:\/\/kraftiapet.com\/az\/wp-json\/wp\/v2\/comments?post=8786"}],"wp:featuredmedia":[{"embeddable":true,"href":"https:\/\/kraftiapet.com\/az\/wp-json\/wp\/v2\/media\/8787"}],"wp:attachment":[{"href":"https:\/\/kraftiapet.com\/az\/wp-json\/wp\/v2\/media?parent=8786"}],"wp:term":[{"taxonomy":"pwb-brand","embeddable":true,"href":"https:\/\/kraftiapet.com\/az\/wp-json\/wp\/v2\/pwb-brand?post=8786"},{"taxonomy":"product_brand","embeddable":true,"href":"https:\/\/kraftiapet.com\/az\/wp-json\/wp\/v2\/product_brand?post=8786"},{"taxonomy":"product_cat","embeddable":true,"href":"https:\/\/kraftiapet.com\/az\/wp-json\/wp\/v2\/product_cat?post=8786"},{"taxonomy":"product_tag","embeddable":true,"href":"https:\/\/kraftiapet.com\/az\/wp-json\/wp\/v2\/product_tag?post=8786"}],"curies":[{"name":"wp","href":"https:\/\/api.w.org\/{rel}","templated":true}]}}