{"id":8794,"date":"2025-10-07T10:32:58","date_gmt":"2025-10-07T10:32:58","guid":{"rendered":"https:\/\/kraftiapet.com\/?post_type=product&#038;p=8794"},"modified":"2026-05-06T14:41:31","modified_gmt":"2026-05-06T14:41:31","slug":"jc-joint-mobility-care","status":"publish","type":"product","link":"https:\/\/kraftiapet.com\/az\/product\/jc-joint-mobility-care\/","title":{"rendered":"JC Joint &amp; Mobility Care"},"content":{"rendered":"","protected":false},"excerpt":{"rendered":"<p>JC Joint &amp; Mobility Care \u2013 Galena Veterinary, oynaq d\u0259st\u0259yi v\u0259 h\u0259r\u0259k\u0259tliliyi \u00fc\u00e7\u00fcn baytarl\u0131q it yemi kimi haz\u0131rlanm\u0131\u015f, yetkin itl\u0259r \u00fc\u00e7\u00fcn tam p\u0259hrizli yemdir. Osteoartrit hallar\u0131nda oynaq madd\u0259l\u0259r m\u00fcbadil\u0259sini qoruma\u011fa k\u00f6m\u0259k edir v\u0259 elastikliyi, q\u0131\u011f\u0131rdaq regenerasiyas\u0131n\u0131 v\u0259 \u00fcmumi oynaq rahatl\u0131\u011f\u0131n\u0131 d\u0259st\u0259kl\u0259yir. Ya\u015f v\u0259 ya oynaq g\u0259rginliyi s\u0259b\u0259bind\u0259n h\u0259r\u0259k\u0259tliliyi azalm\u0131\u015f yetkin v\u0259 ya\u015fl\u0131 itl\u0259r \u00fc\u00e7\u00fcn ideald\u0131r.  <\/p>\n<p><strong>JC JOINT &amp; MOBILITY CARE N\u018f ZAMAN \u0130ST\u0130FAD\u018f OLUNUR?<\/strong><\/p>\n<ul>\n<li>Osteoartritd\u0259 oynaq metabolizmas\u0131n\u0131 d\u0259st\u0259kl\u0259yir<\/li>\n<li>Q\u0131\u011f\u0131rdaq regenerasiyas\u0131n\u0131 v\u0259 elastikliyi art\u0131r\u0131r<\/li>\n<li>Yetkin itl\u0259rd\u0259 h\u0259r\u0259k\u0259tliliyi v\u0259 rahatl\u0131\u011f\u0131 art\u0131r\u0131r<\/li>\n<li>Oynaq s\u0259rtliyi v\u0259 ya a\u011fr\u0131s\u0131 olan itl\u0259r \u00fc\u00e7\u00fcn t\u00f6vsiy\u0259 olunur<\/li>\n<li>Uzunm\u00fcdd\u0259tli oynaq sa\u011flaml\u0131\u011f\u0131n\u0131 v\u0259 h\u0259r\u0259k\u0259tliliyini qoruma\u011fa k\u00f6m\u0259k edir<\/li>\n<\/ul>\n","protected":false},"featured_media":8795,"comment_status":"open","ping_status":"closed","template":"","meta":{"_acf_changed":false},"pwb-brand":[],"product_brand":[769],"product_cat":[760,770],"product_tag":[],"class_list":{"0":"post-8794","1":"product","2":"type-product","3":"status-publish","4":"has-post-thumbnail","6":"product_brand-craftia-galena","7":"product_cat-dog-food","8":"product_cat-adult-dog","10":"first","11":"instock","12":"taxable","13":"shipping-taxable","14":"product-type-variable"},"acf":[],"brands":[],"_links":{"self":[{"href":"https:\/\/kraftiapet.com\/az\/wp-json\/wp\/v2\/product\/8794","targetHints":{"allow":["GET"]}}],"collection":[{"href":"https:\/\/kraftiapet.com\/az\/wp-json\/wp\/v2\/product"}],"about":[{"href":"https:\/\/kraftiapet.com\/az\/wp-json\/wp\/v2\/types\/product"}],"replies":[{"embeddable":true,"href":"https:\/\/kraftiapet.com\/az\/wp-json\/wp\/v2\/comments?post=8794"}],"wp:featuredmedia":[{"embeddable":true,"href":"https:\/\/kraftiapet.com\/az\/wp-json\/wp\/v2\/media\/8795"}],"wp:attachment":[{"href":"https:\/\/kraftiapet.com\/az\/wp-json\/wp\/v2\/media?parent=8794"}],"wp:term":[{"taxonomy":"pwb-brand","embeddable":true,"href":"https:\/\/kraftiapet.com\/az\/wp-json\/wp\/v2\/pwb-brand?post=8794"},{"taxonomy":"product_brand","embeddable":true,"href":"https:\/\/kraftiapet.com\/az\/wp-json\/wp\/v2\/product_brand?post=8794"},{"taxonomy":"product_cat","embeddable":true,"href":"https:\/\/kraftiapet.com\/az\/wp-json\/wp\/v2\/product_cat?post=8794"},{"taxonomy":"product_tag","embeddable":true,"href":"https:\/\/kraftiapet.com\/az\/wp-json\/wp\/v2\/product_tag?post=8794"}],"curies":[{"name":"wp","href":"https:\/\/api.w.org\/{rel}","templated":true}]}}