{"id":8801,"date":"2025-10-07T05:48:17","date_gmt":"2025-10-07T05:48:17","guid":{"rendered":"https:\/\/kraftiapet.com\/?post_type=product&#038;p=8801"},"modified":"2026-05-06T14:41:34","modified_gmt":"2026-05-06T14:41:34","slug":"wjmc-weight-joint-mobility-care-2","status":"publish","type":"product","link":"https:\/\/kraftiapet.com\/az\/product\/wjmc-weight-joint-mobility-care-2\/","title":{"rendered":"WJMC Weight &amp; Joint Mobility Care"},"content":{"rendered":"","protected":false},"excerpt":{"rendered":"<p>WJMC Weight &amp; Joint Mobility Care \u2013 Craftia Galena Veterinary, \u00e7\u0259ki idar\u0259\u00e7iliyi v\u0259 oynaq d\u0259st\u0259yi \u00fc\u00e7\u00fcn baytarl\u0131q pi\u015fik yemidir v\u0259 pi\u015fikl\u0259r \u00fc\u00e7\u00fcn tam p\u0259hrizli dietetik yemdir. H\u0259ddind\u0259n art\u0131q b\u0259d\u0259n \u00e7\u0259kisinin azald\u0131lmas\u0131na k\u00f6m\u0259k edir v\u0259 osteoartrit hallar\u0131nda oynaq metabolizmas\u0131n\u0131 d\u0259st\u0259kl\u0259yir. Balansla\u015fd\u0131r\u0131lm\u0131\u015f resept n\u0259zar\u0259t olunan enerji s\u0259viyy\u0259l\u0259ri v\u0259 vacib qida madd\u0259l\u0259ri il\u0259 \u0259z\u0259l\u0259 k\u00fctl\u0259sinin qorunmas\u0131na, elastikliyin saxlanmas\u0131na v\u0259 art\u0131q \u00e7\u0259kili v\u0259 ya ya\u015fl\u0131 pi\u015fikl\u0259rd\u0259 rahatl\u0131\u011f\u0131n t\u0259min edilm\u0259sin\u0259 k\u00f6m\u0259k edir.  <\/p>\n<p><strong>WJMC WEIGHT &amp; JOINT MOBILITY CARE N\u018f ZAMAN \u0130ST\u0130FAD\u018f OLUNUR?<\/strong><\/p>\n<ul>\n<li>H\u0259ddind\u0259n art\u0131q b\u0259d\u0259n \u00e7\u0259kisinin azald\u0131lmas\u0131 v\u0259 n\u0259zar\u0259td\u0259 saxlan\u0131lmas\u0131 \u00fc\u00e7\u00fcn<\/li>\n<li>Osteoartritd\u0259 oynaq metabolizmas\u0131n\u0131 d\u0259st\u0259kl\u0259yir<\/li>\n<li>H\u0259r\u0259k\u0259tliliyi v\u0259 elastikliyi art\u0131r\u0131r<\/li>\n<li>Ar\u0131qlama zaman\u0131 \u0259z\u0259l\u0259 k\u00fctl\u0259sinin qorunmas\u0131na k\u00f6m\u0259k edir<\/li>\n<li>Art\u0131q \u00e7\u0259kili, ya\u015fl\u0131 v\u0259 ya daha az aktiv pi\u015fikl\u0259r \u00fc\u00e7\u00fcn t\u00f6vsiy\u0259 olunur<\/li>\n<\/ul>\n","protected":false},"featured_media":8803,"comment_status":"open","ping_status":"closed","template":"","meta":{"_acf_changed":false},"pwb-brand":[],"product_brand":[769],"product_cat":[753,754],"product_tag":[],"class_list":{"0":"post-8801","1":"product","2":"type-product","3":"status-publish","4":"has-post-thumbnail","6":"product_brand-craftia-galena","7":"product_cat-cat-food","8":"product_cat-adult-cat","10":"first","11":"instock","12":"taxable","13":"shipping-taxable","14":"product-type-variable"},"acf":[],"brands":[],"_links":{"self":[{"href":"https:\/\/kraftiapet.com\/az\/wp-json\/wp\/v2\/product\/8801","targetHints":{"allow":["GET"]}}],"collection":[{"href":"https:\/\/kraftiapet.com\/az\/wp-json\/wp\/v2\/product"}],"about":[{"href":"https:\/\/kraftiapet.com\/az\/wp-json\/wp\/v2\/types\/product"}],"replies":[{"embeddable":true,"href":"https:\/\/kraftiapet.com\/az\/wp-json\/wp\/v2\/comments?post=8801"}],"wp:featuredmedia":[{"embeddable":true,"href":"https:\/\/kraftiapet.com\/az\/wp-json\/wp\/v2\/media\/8803"}],"wp:attachment":[{"href":"https:\/\/kraftiapet.com\/az\/wp-json\/wp\/v2\/media?parent=8801"}],"wp:term":[{"taxonomy":"pwb-brand","embeddable":true,"href":"https:\/\/kraftiapet.com\/az\/wp-json\/wp\/v2\/pwb-brand?post=8801"},{"taxonomy":"product_brand","embeddable":true,"href":"https:\/\/kraftiapet.com\/az\/wp-json\/wp\/v2\/product_brand?post=8801"},{"taxonomy":"product_cat","embeddable":true,"href":"https:\/\/kraftiapet.com\/az\/wp-json\/wp\/v2\/product_cat?post=8801"},{"taxonomy":"product_tag","embeddable":true,"href":"https:\/\/kraftiapet.com\/az\/wp-json\/wp\/v2\/product_tag?post=8801"}],"curies":[{"name":"wp","href":"https:\/\/api.w.org\/{rel}","templated":true}]}}