{"id":8810,"date":"2025-10-07T11:11:41","date_gmt":"2025-10-07T11:11:41","guid":{"rendered":"https:\/\/kraftiapet.com\/?post_type=product&#038;p=8810"},"modified":"2026-05-06T14:41:30","modified_gmt":"2026-05-06T14:41:30","slug":"hc-hepatic-care","status":"publish","type":"product","link":"https:\/\/kraftiapet.com\/az\/product\/hc-hepatic-care\/","title":{"rendered":"HC Hepatic Care"},"content":{"rendered":"","protected":false},"excerpt":{"rendered":"<p>HC Hepatic Care \u2013 Galena Veterinary, qaraciy\u0259rin d\u0259st\u0259kl\u0259nm\u0259si v\u0259 qaraciy\u0259r bax\u0131m\u0131 \u00fc\u00e7\u00fcn baytarl\u0131q it yemidir v\u0259 itl\u0259r \u00fc\u00e7\u00fcn tam p\u0259hrizli dietetik yemdir. Xroniki qaraciy\u0259r \u00e7at\u0131\u015fmazl\u0131\u011f\u0131 hallar\u0131nda qaraciy\u0259r funksiyas\u0131n\u0131 d\u0259st\u0259kl\u0259m\u0259k v\u0259 qaraciy\u0259r \u00fcz\u0259rind\u0259ki y\u00fck\u00fc azaltmaq \u00fc\u00e7\u00fcn haz\u0131rlanm\u0131\u015fd\u0131r. Bu resept optimal madd\u0259l\u0259r m\u00fcbadil\u0259sini t\u0259\u015fviq ed\u0259n v\u0259 detoksifikasiya prosesl\u0259rin\u0259 k\u00f6m\u0259k ed\u0259n orta s\u0259viyy\u0259d\u0259 se\u00e7ilmi\u015f, y\u00fcks\u0259k h\u0259zm olunan z\u00fclallar\u0131 ehtiva edir.  <\/p>\n<p><strong>HC HEPATIC CARE N\u018f ZAMAN \u0130ST\u0130FAD\u018f OLUNUR?<\/strong><\/p>\n<ul>\n<li>Xroniki v\u0259 ya k\u0259skin qaraciy\u0259r \u00e7at\u0131\u015fmazl\u0131\u011f\u0131 hallar\u0131nda<\/li>\n<li>Qaraciy\u0259rin b\u0259rpas\u0131 v\u0259 detoksifikasiyas\u0131n\u0131n d\u0259st\u0259kl\u0259nm\u0259si \u00fc\u00e7\u00fcn<\/li>\n<li>Orta s\u0259viyy\u0259d\u0259 y\u00fcks\u0259k keyfiyy\u0259tli, h\u0259zm olunan z\u00fclal t\u0259rkibi il\u0259<\/li>\n<li>Qaraciy\u0259r stressini v\u0259 iltihab\u0131 azaltma\u011fa k\u00f6m\u0259k edir<\/li>\n<li>Qaraciy\u0259r funksiyas\u0131 pozulmu\u015f itl\u0259r \u00fc\u00e7\u00fcn t\u00f6vsiy\u0259 olunur<\/li>\n<\/ul>\n","protected":false},"featured_media":8812,"comment_status":"open","ping_status":"closed","template":"","meta":{"_acf_changed":false},"pwb-brand":[],"product_brand":[769],"product_cat":[760,770],"product_tag":[],"class_list":{"0":"post-8810","1":"product","2":"type-product","3":"status-publish","4":"has-post-thumbnail","6":"product_brand-craftia-galena","7":"product_cat-dog-food","8":"product_cat-adult-dog","10":"first","11":"instock","12":"taxable","13":"shipping-taxable","14":"product-type-variable"},"acf":[],"brands":[],"_links":{"self":[{"href":"https:\/\/kraftiapet.com\/az\/wp-json\/wp\/v2\/product\/8810","targetHints":{"allow":["GET"]}}],"collection":[{"href":"https:\/\/kraftiapet.com\/az\/wp-json\/wp\/v2\/product"}],"about":[{"href":"https:\/\/kraftiapet.com\/az\/wp-json\/wp\/v2\/types\/product"}],"replies":[{"embeddable":true,"href":"https:\/\/kraftiapet.com\/az\/wp-json\/wp\/v2\/comments?post=8810"}],"wp:featuredmedia":[{"embeddable":true,"href":"https:\/\/kraftiapet.com\/az\/wp-json\/wp\/v2\/media\/8812"}],"wp:attachment":[{"href":"https:\/\/kraftiapet.com\/az\/wp-json\/wp\/v2\/media?parent=8810"}],"wp:term":[{"taxonomy":"pwb-brand","embeddable":true,"href":"https:\/\/kraftiapet.com\/az\/wp-json\/wp\/v2\/pwb-brand?post=8810"},{"taxonomy":"product_brand","embeddable":true,"href":"https:\/\/kraftiapet.com\/az\/wp-json\/wp\/v2\/product_brand?post=8810"},{"taxonomy":"product_cat","embeddable":true,"href":"https:\/\/kraftiapet.com\/az\/wp-json\/wp\/v2\/product_cat?post=8810"},{"taxonomy":"product_tag","embeddable":true,"href":"https:\/\/kraftiapet.com\/az\/wp-json\/wp\/v2\/product_tag?post=8810"}],"curies":[{"name":"wp","href":"https:\/\/api.w.org\/{rel}","templated":true}]}}