{"id":8817,"date":"2025-10-07T08:55:42","date_gmt":"2025-10-07T08:55:42","guid":{"rendered":"https:\/\/kraftiapet.com\/?post_type=product&#038;p=8817"},"modified":"2026-05-06T14:41:32","modified_gmt":"2026-05-06T14:41:32","slug":"gc-gastrointestinal-care","status":"publish","type":"product","link":"https:\/\/kraftiapet.com\/az\/product\/gc-gastrointestinal-care\/","title":{"rendered":"GC Gastrointestinal Care"},"content":{"rendered":"","protected":false},"excerpt":{"rendered":"<p>GC Gastrointestinal Care \u2013 Craftia Galena Veterinary, h\u0259zm sistemini d\u0259st\u0259kl\u0259m\u0259k v\u0259 m\u0259d\u0259-ba\u011f\u0131rsaq bax\u0131m\u0131 \u00fc\u00e7\u00fcn baytarl\u0131q it yemidir v\u0259 itl\u0259r \u00fc\u00e7\u00fcn tam p\u0259hrizli dietetik yemdir. Ba\u011f\u0131rsaq udma poz\u011funluqlar\u0131n\u0131n azald\u0131lmas\u0131 v\u0259 h\u0259zmsizlik v\u0259 ekzokrin pankreas \u00e7at\u0131\u015fmazl\u0131\u011f\u0131n\u0131n kompensasiyas\u0131 \u00fc\u00e7\u00fcn n\u0259z\u0259rd\u0259 tutulmu\u015fdur. Bu y\u00fcks\u0259k h\u0259zm olunan formula elektrolit balans\u0131n\u0131 d\u0259st\u0259kl\u0259m\u0259k, qida madd\u0259l\u0259rinin udulmas\u0131n\u0131 b\u0259rpa etm\u0259k v\u0259 sa\u011flam h\u0259zmi t\u0259\u015fviq etm\u0259k \u00fc\u00e7\u00fcn artan natrium v\u0259 kalium s\u0259viyy\u0259l\u0259rini t\u0259min edir.  <\/p>\n<p><strong>GC GASTROINTESTINAL CARE N\u018f ZAMAN \u0130ST\u0130FAD\u018f OLUNUR?<\/strong><\/p>\n<ul>\n<li>Ba\u011f\u0131rsaq udma poz\u011funluqlar\u0131 v\u0259 h\u0259zmsizlik \u00fc\u00e7\u00fcn<\/li>\n<li>Ekzokrin pankreas \u00e7at\u0131\u015fmazl\u0131\u011f\u0131 olan itl\u0259r\u0259 d\u0259st\u0259k olur<\/li>\n<li>Balansla\u015fd\u0131r\u0131lm\u0131\u015f elektrolitl\u0259rl\u0259 y\u00fcks\u0259k h\u0259zm olunan formula<\/li>\n<li>Qida madd\u0259l\u0259rinin udulmas\u0131n\u0131 v\u0259 n\u0259cis keyfiyy\u0259tini yax\u015f\u0131la\u015fd\u0131r\u0131r<\/li>\n<li>H\u0259ssas v\u0259 ya h\u0259zm poz\u011funlu\u011fu olan itl\u0259r \u00fc\u00e7\u00fcn t\u00f6vsiy\u0259 olunur<\/li>\n<\/ul>\n","protected":false},"featured_media":8820,"comment_status":"open","ping_status":"closed","template":"","meta":{"_acf_changed":false},"pwb-brand":[],"product_brand":[769],"product_cat":[760,770],"product_tag":[],"class_list":{"0":"post-8817","1":"product","2":"type-product","3":"status-publish","4":"has-post-thumbnail","6":"product_brand-craftia-galena","7":"product_cat-dog-food","8":"product_cat-adult-dog","10":"first","11":"instock","12":"taxable","13":"shipping-taxable","14":"product-type-variable"},"acf":[],"brands":[],"_links":{"self":[{"href":"https:\/\/kraftiapet.com\/az\/wp-json\/wp\/v2\/product\/8817","targetHints":{"allow":["GET"]}}],"collection":[{"href":"https:\/\/kraftiapet.com\/az\/wp-json\/wp\/v2\/product"}],"about":[{"href":"https:\/\/kraftiapet.com\/az\/wp-json\/wp\/v2\/types\/product"}],"replies":[{"embeddable":true,"href":"https:\/\/kraftiapet.com\/az\/wp-json\/wp\/v2\/comments?post=8817"}],"wp:featuredmedia":[{"embeddable":true,"href":"https:\/\/kraftiapet.com\/az\/wp-json\/wp\/v2\/media\/8820"}],"wp:attachment":[{"href":"https:\/\/kraftiapet.com\/az\/wp-json\/wp\/v2\/media?parent=8817"}],"wp:term":[{"taxonomy":"pwb-brand","embeddable":true,"href":"https:\/\/kraftiapet.com\/az\/wp-json\/wp\/v2\/pwb-brand?post=8817"},{"taxonomy":"product_brand","embeddable":true,"href":"https:\/\/kraftiapet.com\/az\/wp-json\/wp\/v2\/product_brand?post=8817"},{"taxonomy":"product_cat","embeddable":true,"href":"https:\/\/kraftiapet.com\/az\/wp-json\/wp\/v2\/product_cat?post=8817"},{"taxonomy":"product_tag","embeddable":true,"href":"https:\/\/kraftiapet.com\/az\/wp-json\/wp\/v2\/product_tag?post=8817"}],"curies":[{"name":"wp","href":"https:\/\/api.w.org\/{rel}","templated":true}]}}