{"id":8818,"date":"2025-10-07T11:22:08","date_gmt":"2025-10-07T11:22:08","guid":{"rendered":"https:\/\/kraftiapet.com\/?post_type=product&#038;p=8818"},"modified":"2026-05-06T14:41:29","modified_gmt":"2026-05-06T14:41:29","slug":"hdc-hypoallergenic-derm-care","status":"publish","type":"product","link":"https:\/\/kraftiapet.com\/az\/product\/hdc-hypoallergenic-derm-care\/","title":{"rendered":"HDC Hypoallergenic Derm Care"},"content":{"rendered":"","protected":false},"excerpt":{"rendered":"<p>HDC Hypoallergenic Derm Care \u2013 Galena Veterinary, d\u0259ri allergiyalar\u0131 v\u0259 dermatozlar\u0131 \u00fc\u00e7\u00fcn baytarl\u0131q it yem\u0259yi kimi haz\u0131rlanm\u0131\u015f itl\u0259r \u00fc\u00e7\u00fcn tam p\u0259hrizli dietetik yemdir. Dermatoz v\u0259 h\u0259ddind\u0259n art\u0131q t\u00fck t\u00f6k\u00fclm\u0259si hallar\u0131nda d\u0259ri funksiyas\u0131n\u0131 d\u0259st\u0259kl\u0259y\u0259rk\u0259n t\u0259rkib v\u0259 qida madd\u0259l\u0259rin\u0259 qar\u015f\u0131 d\u00f6z\u00fcms\u00fczl\u00fcy\u00fc azaltma\u011fa k\u00f6m\u0259k edir. Linoleik tur\u015fu (LA), eikosapentaenoik tur\u015fu (EPA) v\u0259 dokosaheksaenoik tur\u015fu (DHA) il\u0259 z\u0259nginl\u0259\u015fdirilmi\u015f bu m\u0259hsul sa\u011flam d\u0259rinin b\u0259rpas\u0131n\u0131 t\u0259\u015fviq edir, t\u00fck keyfiyy\u0259tini yax\u015f\u0131la\u015fd\u0131r\u0131r v\u0259 t\u0259bii d\u0259ri baryerini b\u0259rpa etm\u0259y\u0259 k\u00f6m\u0259k edir.  <\/p>\n<p><strong>HDC HYPOALLERGENIC DERM CARE N\u018f ZAMAN \u0130ST\u0130FAD\u018f OLUNUR?<\/strong><\/p>\n<ul>\n<li>Qida v\u0259 ya qida madd\u0259l\u0259rin\u0259 qar\u015f\u0131 d\u00f6z\u00fcms\u00fczl\u00fcy\u00fc olan itl\u0259r \u00fc\u00e7\u00fcn<\/li>\n<li>Dermatoz v\u0259 ya h\u0259ddind\u0259n art\u0131q t\u00fck t\u00f6k\u00fclm\u0259si hallar\u0131nda<\/li>\n<li>D\u0259ri baryerinin v\u0259 b\u0259rpas\u0131n\u0131n d\u0259st\u0259kl\u0259nm\u0259si \u00fc\u00e7\u00fcn<\/li>\n<li>Qa\u015f\u0131nma v\u0259 q\u0131c\u0131qlanman\u0131 azaltma\u011fa k\u00f6m\u0259k edir<\/li>\n<li>T\u00fck\u00fcn parlaql\u0131\u011f\u0131n\u0131 v\u0259 teksturas\u0131n\u0131 yax\u015f\u0131la\u015fd\u0131r\u0131r<\/li>\n<li>Allergik d\u0259ri reaksiyalar\u0131na meylli itl\u0259r \u00fc\u00e7\u00fcn t\u00f6vsiy\u0259 olunur<\/li>\n<\/ul>\n","protected":false},"featured_media":8819,"comment_status":"open","ping_status":"closed","template":"","meta":{"_acf_changed":false},"pwb-brand":[],"product_brand":[769],"product_cat":[760,770],"product_tag":[],"class_list":{"0":"post-8818","1":"product","2":"type-product","3":"status-publish","4":"has-post-thumbnail","6":"product_brand-craftia-galena","7":"product_cat-dog-food","8":"product_cat-adult-dog","10":"first","11":"instock","12":"taxable","13":"shipping-taxable","14":"product-type-variable"},"acf":[],"brands":[],"_links":{"self":[{"href":"https:\/\/kraftiapet.com\/az\/wp-json\/wp\/v2\/product\/8818","targetHints":{"allow":["GET"]}}],"collection":[{"href":"https:\/\/kraftiapet.com\/az\/wp-json\/wp\/v2\/product"}],"about":[{"href":"https:\/\/kraftiapet.com\/az\/wp-json\/wp\/v2\/types\/product"}],"replies":[{"embeddable":true,"href":"https:\/\/kraftiapet.com\/az\/wp-json\/wp\/v2\/comments?post=8818"}],"wp:featuredmedia":[{"embeddable":true,"href":"https:\/\/kraftiapet.com\/az\/wp-json\/wp\/v2\/media\/8819"}],"wp:attachment":[{"href":"https:\/\/kraftiapet.com\/az\/wp-json\/wp\/v2\/media?parent=8818"}],"wp:term":[{"taxonomy":"pwb-brand","embeddable":true,"href":"https:\/\/kraftiapet.com\/az\/wp-json\/wp\/v2\/pwb-brand?post=8818"},{"taxonomy":"product_brand","embeddable":true,"href":"https:\/\/kraftiapet.com\/az\/wp-json\/wp\/v2\/product_brand?post=8818"},{"taxonomy":"product_cat","embeddable":true,"href":"https:\/\/kraftiapet.com\/az\/wp-json\/wp\/v2\/product_cat?post=8818"},{"taxonomy":"product_tag","embeddable":true,"href":"https:\/\/kraftiapet.com\/az\/wp-json\/wp\/v2\/product_tag?post=8818"}],"curies":[{"name":"wp","href":"https:\/\/api.w.org\/{rel}","templated":true}]}}