{"id":8825,"date":"2025-10-07T11:34:35","date_gmt":"2025-10-07T11:34:35","guid":{"rendered":"https:\/\/kraftiapet.com\/?post_type=product&#038;p=8825"},"modified":"2026-05-06T14:41:29","modified_gmt":"2026-05-06T14:41:29","slug":"cc-calming-care","status":"publish","type":"product","link":"https:\/\/kraftiapet.com\/az\/product\/cc-calming-care\/","title":{"rendered":"CC Calming Care"},"content":{"rendered":"","protected":false},"excerpt":{"rendered":"<p>Galena Calming Care itl\u0259r \u00fc\u00e7\u00fcn tam p\u0259hrizli dietetik yemdir v\u0259 sakitl\u0259\u015fdirm\u0259 v\u0259 stress d\u0259st\u0259yi \u00fc\u00e7\u00fcn baytarl\u0131q it yemidir. Bu m\u0259hsul itl\u0259rin stresli v\u0259ziyy\u0259tl\u0259rin \u00f6hd\u0259sind\u0259n g\u0259lm\u0259sin\u0259 k\u00f6m\u0259k edir v\u0259 narahatl\u0131q, g\u0259rginlik v\u0259 ya hiperaktivlik kimi davran\u0131\u015f probleml\u0259rini azald\u0131r. Bu baytarl\u0131q formula sedativ d\u0259rmanlardan istifad\u0259 etm\u0259d\u0259n emosional tarazl\u0131\u011f\u0131 d\u0259st\u0259kl\u0259yir v\u0259 sakitliyi t\u0259\u015fviq edir.  <\/p>\n<p><strong>GALENA CALMING CARE N\u018f ZAMAN \u0130ST\u0130FAD\u018f OLUNUR?<\/strong><\/p>\n<ul>\n<li>S\u0259yah\u0259t, baytar ziyar\u0259tl\u0259ri v\u0259 y\u00fcks\u0259k s\u0259sli m\u00fchitl\u0259r kimi stresli v\u0259ziyy\u0259tl\u0259r zaman\u0131<\/li>\n<li>Narahatl\u0131q v\u0259 ya hiperaktivlik \u0259lam\u0259tl\u0259ri g\u00f6st\u0259r\u0259n itl\u0259r \u00fc\u00e7\u00fcn<\/li>\n<li>Emosional tarazl\u0131\u011f\u0131n v\u0259 rahatlaman\u0131n d\u0259st\u0259kl\u0259nm\u0259si \u00fc\u00e7\u00fcn<\/li>\n<li>Davran\u0131\u015f terapiyas\u0131na \u0259lav\u0259 d\u0259st\u0259k vasit\u0259si kimi<\/li>\n<li>Uzunm\u00fcdd\u0259tli stressin qar\u015f\u0131s\u0131n\u0131n al\u0131nmas\u0131 v\u0259 \u00fcmumi rifah \u00fc\u00e7\u00fcn<\/li>\n<\/ul>\n","protected":false},"featured_media":8826,"comment_status":"open","ping_status":"closed","template":"","meta":{"_acf_changed":false},"pwb-brand":[],"product_brand":[769],"product_cat":[760,770],"product_tag":[],"class_list":{"0":"post-8825","1":"product","2":"type-product","3":"status-publish","4":"has-post-thumbnail","6":"product_brand-craftia-galena","7":"product_cat-dog-food","8":"product_cat-adult-dog","10":"first","11":"instock","12":"taxable","13":"shipping-taxable","14":"product-type-variable"},"acf":[],"brands":[],"_links":{"self":[{"href":"https:\/\/kraftiapet.com\/az\/wp-json\/wp\/v2\/product\/8825","targetHints":{"allow":["GET"]}}],"collection":[{"href":"https:\/\/kraftiapet.com\/az\/wp-json\/wp\/v2\/product"}],"about":[{"href":"https:\/\/kraftiapet.com\/az\/wp-json\/wp\/v2\/types\/product"}],"replies":[{"embeddable":true,"href":"https:\/\/kraftiapet.com\/az\/wp-json\/wp\/v2\/comments?post=8825"}],"wp:featuredmedia":[{"embeddable":true,"href":"https:\/\/kraftiapet.com\/az\/wp-json\/wp\/v2\/media\/8826"}],"wp:attachment":[{"href":"https:\/\/kraftiapet.com\/az\/wp-json\/wp\/v2\/media?parent=8825"}],"wp:term":[{"taxonomy":"pwb-brand","embeddable":true,"href":"https:\/\/kraftiapet.com\/az\/wp-json\/wp\/v2\/pwb-brand?post=8825"},{"taxonomy":"product_brand","embeddable":true,"href":"https:\/\/kraftiapet.com\/az\/wp-json\/wp\/v2\/product_brand?post=8825"},{"taxonomy":"product_cat","embeddable":true,"href":"https:\/\/kraftiapet.com\/az\/wp-json\/wp\/v2\/product_cat?post=8825"},{"taxonomy":"product_tag","embeddable":true,"href":"https:\/\/kraftiapet.com\/az\/wp-json\/wp\/v2\/product_tag?post=8825"}],"curies":[{"name":"wp","href":"https:\/\/api.w.org\/{rel}","templated":true}]}}