{"id":8829,"date":"2025-10-07T11:43:47","date_gmt":"2025-10-07T11:43:47","guid":{"rendered":"https:\/\/kraftiapet.com\/?post_type=product&#038;p=8829"},"modified":"2026-05-06T14:41:29","modified_gmt":"2026-05-06T14:41:29","slug":"wjmc-weight-joint-mobility-care","status":"publish","type":"product","link":"https:\/\/kraftiapet.com\/az\/product\/wjmc-weight-joint-mobility-care\/","title":{"rendered":"WJMC Weight &amp; Joint Mobility Care"},"content":{"rendered":"","protected":false},"excerpt":{"rendered":"<p>WJMC Weight &amp; Joint Mobility Care \u2013 Craftia Galena Veterinary, itl\u0259r \u00fc\u00e7\u00fcn tam p\u0259hrizli dietetik yemdir v\u0259 \u00e7\u0259ki idar\u0259etm\u0259si v\u0259 oynaq d\u0259st\u0259yi \u00fc\u00e7\u00fcn baytarl\u0131q m\u0259qs\u0259dli haz\u0131rlanm\u0131\u015fd\u0131r. Osteoartrit hallar\u0131nda art\u0131q b\u0259d\u0259n \u00e7\u0259kisinin azald\u0131lmas\u0131na v\u0259 oynaq metabolizmas\u0131n\u0131n d\u0259st\u0259kl\u0259nm\u0259sin\u0259 k\u00f6m\u0259k edir. N\u0259zar\u0259t olunan enerji t\u0259rkibi, optimal protein s\u0259viyy\u0259l\u0259ri v\u0259 h\u0259d\u0259fl\u0259nmi\u015f qida madd\u0259l\u0259ri \u0259z\u0259l\u0259 k\u00fctl\u0259sinin qorunmas\u0131na, q\u0131\u011f\u0131rdaq sa\u011flaml\u0131\u011f\u0131n\u0131n d\u0259st\u0259kl\u0259nm\u0259sin\u0259 v\u0259 h\u0259r\u0259k\u0259tliliyin art\u0131r\u0131lmas\u0131na xidm\u0259t edir.  <\/p>\n<p><strong>GALENA WEIGHT &amp; JOINT MOBILITY CARE N\u018f ZAMAN \u0130ST\u0130FAD\u018f OLUNUR?<\/strong><\/p>\n<ul>\n<li>\u00c7\u0259ki idar\u0259etm\u0259si v\u0259 piyl\u0259nm\u0259nin n\u0259zar\u0259ti \u00fc\u00e7\u00fcn<\/li>\n<li>Osteoartrit hallar\u0131nda oynaq metabolizmas\u0131n\u0131n d\u0259st\u0259kl\u0259nm\u0259si \u00fc\u00e7\u00fcn<\/li>\n<li>H\u0259r\u0259k\u0259tliliyin v\u0259 elastikliyin yax\u015f\u0131la\u015fd\u0131r\u0131lmas\u0131 \u00fc\u00e7\u00fcn<\/li>\n<li>Ar\u0131qlama zaman\u0131 \u0259z\u0259l\u0259 k\u00fctl\u0259sinin qorunmas\u0131na k\u00f6m\u0259k \u00fc\u00e7\u00fcn<\/li>\n<li>Art\u0131q \u00e7\u0259kili v\u0259 ya oynaq problemi olan ya\u015fl\u0131 itl\u0259r \u00fc\u00e7\u00fcn t\u00f6vsiy\u0259 olunur<\/li>\n<\/ul>\n","protected":false},"featured_media":8830,"comment_status":"open","ping_status":"closed","template":"","meta":{"_acf_changed":false},"pwb-brand":[],"product_brand":[769],"product_cat":[760,770],"product_tag":[],"class_list":{"0":"post-8829","1":"product","2":"type-product","3":"status-publish","4":"has-post-thumbnail","6":"product_brand-craftia-galena","7":"product_cat-dog-food","8":"product_cat-adult-dog","10":"first","11":"instock","12":"taxable","13":"shipping-taxable","14":"product-type-variable"},"acf":[],"brands":[],"_links":{"self":[{"href":"https:\/\/kraftiapet.com\/az\/wp-json\/wp\/v2\/product\/8829","targetHints":{"allow":["GET"]}}],"collection":[{"href":"https:\/\/kraftiapet.com\/az\/wp-json\/wp\/v2\/product"}],"about":[{"href":"https:\/\/kraftiapet.com\/az\/wp-json\/wp\/v2\/types\/product"}],"replies":[{"embeddable":true,"href":"https:\/\/kraftiapet.com\/az\/wp-json\/wp\/v2\/comments?post=8829"}],"wp:featuredmedia":[{"embeddable":true,"href":"https:\/\/kraftiapet.com\/az\/wp-json\/wp\/v2\/media\/8830"}],"wp:attachment":[{"href":"https:\/\/kraftiapet.com\/az\/wp-json\/wp\/v2\/media?parent=8829"}],"wp:term":[{"taxonomy":"pwb-brand","embeddable":true,"href":"https:\/\/kraftiapet.com\/az\/wp-json\/wp\/v2\/pwb-brand?post=8829"},{"taxonomy":"product_brand","embeddable":true,"href":"https:\/\/kraftiapet.com\/az\/wp-json\/wp\/v2\/product_brand?post=8829"},{"taxonomy":"product_cat","embeddable":true,"href":"https:\/\/kraftiapet.com\/az\/wp-json\/wp\/v2\/product_cat?post=8829"},{"taxonomy":"product_tag","embeddable":true,"href":"https:\/\/kraftiapet.com\/az\/wp-json\/wp\/v2\/product_tag?post=8829"}],"curies":[{"name":"wp","href":"https:\/\/api.w.org\/{rel}","templated":true}]}}