{"id":8833,"date":"2025-10-06T11:30:25","date_gmt":"2025-10-06T11:30:25","guid":{"rendered":"https:\/\/kraftiapet.com\/?post_type=product&#038;p=8833"},"modified":"2026-05-06T14:41:37","modified_gmt":"2026-05-06T14:41:37","slug":"wm-weight-management-2","status":"publish","type":"product","link":"https:\/\/kraftiapet.com\/az\/product\/wm-weight-management-2\/","title":{"rendered":"WM Weight Management"},"content":{"rendered":"","protected":false},"excerpt":{"rendered":"<p>WM \u00c7\u0259ki \u0130dar\u0259etm\u0259si \u2013 Craftia Galena Baytarl\u0131q, \u00e7\u0259ki idar\u0259\u00e7iliyi v\u0259 piyl\u0259nm\u0259nin qar\u015f\u0131s\u0131n\u0131n al\u0131nmas\u0131 \u00fc\u00e7\u00fcn baytarl\u0131q pi\u015fik yemi kimi haz\u0131rlanm\u0131\u015f pi\u015fikl\u0259r \u00fc\u00e7\u00fcn tam p\u0259hrizli yemdir. D\u0259qiq kalori n\u0259zar\u0259ti v\u0259 qida madd\u0259l\u0259rinin optimal balans\u0131 vasit\u0259sil\u0259 t\u0259hl\u00fck\u0259siz v\u0259 effektiv \u00e7\u0259ki azaltma\u011f\u0131 t\u0259\u015fviq etm\u0259k \u00fc\u00e7\u00fcn haz\u0131rlanm\u0131\u015fd\u0131r. Bu baytarl\u0131q p\u0259hrizi ya\u011f metabolizmas\u0131n\u0131 d\u0259st\u0259kl\u0259yir, ar\u0131q \u0259z\u0259l\u0259 k\u00fctl\u0259sinin qorunmas\u0131na k\u00f6m\u0259k edir v\u0259 \u00fcmumi metabolik sabitliy\u0259 t\u00f6hf\u0259 verir.  <\/p>\n<p><strong>GALENA WEIGHT MANAGEMENT N\u018f ZAMAN?<\/strong><\/p>\n<ul>\n<li>H\u0259ddind\u0259n art\u0131q b\u0259d\u0259n \u00e7\u0259kisinin azald\u0131lmas\u0131 v\u0259 idar\u0259 olunmas\u0131 \u00fc\u00e7\u00fcn<\/li>\n<li>Ya\u011f metabolizmas\u0131n\u0131 v\u0259 ya\u011fs\u0131z \u0259z\u0259l\u0259 k\u00fctl\u0259sinin qorunmas\u0131n\u0131 d\u0259st\u0259kl\u0259yir<\/li>\n<li>Sa\u011flam enerji balans\u0131n\u0131 v\u0259 toxluq hissini t\u0259\u015fviq edir<\/li>\n<li>Art\u0131q \u00e7\u0259kili v\u0259 piyl\u0259nm\u0259 problemi olan pi\u015fikl\u0259r \u00fc\u00e7\u00fcn t\u00f6vsiy\u0259 olunur<\/li>\n<li>Ar\u0131qlad\u0131qdan sonra ideal b\u0259d\u0259n v\u0259ziyy\u0259tini qoruma\u011fa k\u00f6m\u0259k edir<\/li>\n<\/ul>\n","protected":false},"featured_media":8834,"comment_status":"open","ping_status":"closed","template":"","meta":{"_acf_changed":false},"pwb-brand":[],"product_brand":[769],"product_cat":[753,754],"product_tag":[],"class_list":{"0":"post-8833","1":"product","2":"type-product","3":"status-publish","4":"has-post-thumbnail","6":"product_brand-craftia-galena","7":"product_cat-cat-food","8":"product_cat-adult-cat","10":"first","11":"instock","12":"taxable","13":"shipping-taxable","14":"product-type-variable"},"acf":[],"brands":[],"_links":{"self":[{"href":"https:\/\/kraftiapet.com\/az\/wp-json\/wp\/v2\/product\/8833","targetHints":{"allow":["GET"]}}],"collection":[{"href":"https:\/\/kraftiapet.com\/az\/wp-json\/wp\/v2\/product"}],"about":[{"href":"https:\/\/kraftiapet.com\/az\/wp-json\/wp\/v2\/types\/product"}],"replies":[{"embeddable":true,"href":"https:\/\/kraftiapet.com\/az\/wp-json\/wp\/v2\/comments?post=8833"}],"wp:featuredmedia":[{"embeddable":true,"href":"https:\/\/kraftiapet.com\/az\/wp-json\/wp\/v2\/media\/8834"}],"wp:attachment":[{"href":"https:\/\/kraftiapet.com\/az\/wp-json\/wp\/v2\/media?parent=8833"}],"wp:term":[{"taxonomy":"pwb-brand","embeddable":true,"href":"https:\/\/kraftiapet.com\/az\/wp-json\/wp\/v2\/pwb-brand?post=8833"},{"taxonomy":"product_brand","embeddable":true,"href":"https:\/\/kraftiapet.com\/az\/wp-json\/wp\/v2\/product_brand?post=8833"},{"taxonomy":"product_cat","embeddable":true,"href":"https:\/\/kraftiapet.com\/az\/wp-json\/wp\/v2\/product_cat?post=8833"},{"taxonomy":"product_tag","embeddable":true,"href":"https:\/\/kraftiapet.com\/az\/wp-json\/wp\/v2\/product_tag?post=8833"}],"curies":[{"name":"wp","href":"https:\/\/api.w.org\/{rel}","templated":true}]}}