{"id":8837,"date":"2025-10-06T11:58:33","date_gmt":"2025-10-06T11:58:33","guid":{"rendered":"https:\/\/kraftiapet.com\/?post_type=product&#038;p=8837"},"modified":"2026-05-06T14:41:37","modified_gmt":"2026-05-06T14:41:37","slug":"gc-gastrointestinal-care-2","status":"publish","type":"product","link":"https:\/\/kraftiapet.com\/az\/product\/gc-gastrointestinal-care-2\/","title":{"rendered":"GC Gastrointestinal Care"},"content":{"rendered":"","protected":false},"excerpt":{"rendered":"<p>&lt;s\u0259h&gt; GC Gastrointestinal Care \u2013 Craftia Galena Veterinary, h\u0259zm v\u0259 m\u0259d\u0259-ba\u011f\u0131rsaq bax\u0131m\u0131 \u00fc\u00e7\u00fcn baytarl\u0131q pi\u015fik yemidir v\u0259 pi\u015fikl\u0259r \u00fc\u00e7\u00fcn tam p\u0259hrizli dietetik yemdir. Ba\u011f\u0131rsaq udma poz\u011funluqlar\u0131n\u0131n azald\u0131lmas\u0131 v\u0259 h\u0259zmsizlik v\u0259 ekzokrin pankreas \u00e7at\u0131\u015fmazl\u0131\u011f\u0131n\u0131n kompensasiyas\u0131 \u00fc\u00e7\u00fcn n\u0259z\u0259rd\u0259 tutulmu\u015fdur. P\u0259hriz y\u00fcks\u0259k h\u0259zm olunan inqrediyentl\u0259rd\u0259n ibar\u0259tdir v\u0259 natrium v\u0259 kaliumun artm\u0131\u015f s\u0259viyy\u0259l\u0259ri il\u0259 elektrolit balans\u0131n\u0131 sabitl\u0259\u015fdirm\u0259y\u0259, ba\u011f\u0131rsaq b\u0259rpas\u0131n\u0131 d\u0259st\u0259kl\u0259m\u0259y\u0259 v\u0259 qida madd\u0259l\u0259rinin m\u0259nims\u0259nilm\u0259sini yax\u015f\u0131la\u015fd\u0131rma\u011fa k\u00f6m\u0259k edir.  &lt;\/p&gt;<br \/>\n&lt;s\u0259h&gt;&lt;g\u00fccl\u00fc&gt; GC GASTROINTESTINAL CARE N\u018f ZAMAN \u0130ST\u0130FAD\u018f OLUNUR?&lt; \/g\u00fccl\u00fc&gt;&lt;\/p&gt;<br \/>\n&lt;ul&gt;<br \/>\n&lt;li&gt; Ba\u011f\u0131rsaq udma poz\u011funluqlar\u0131n\u0131n azald\u0131lmas\u0131 \u00fc\u00e7\u00fcn&lt; \/li&gt;<br \/>\n&lt;li&gt; H\u0259zmsizlik v\u0259 ya pankreas \u00e7at\u0131\u015fmazl\u0131\u011f\u0131 hallar\u0131nda kompensasiya olaraq &lt; \/li&gt;<br \/>\n&lt;li&gt; H\u0259zm funksiyas\u0131n\u0131 v\u0259 qida madd\u0259l\u0259rinin udulmas\u0131n\u0131 d\u0259st\u0259kl\u0259yir &lt; \/li&gt;<br \/>\n&lt;li&gt; Natrium v\u0259 kaliumla elektrolit sabitliyini art\u0131r\u0131r &lt; \/li&gt;<br \/>\n&lt;li&gt; Xroniki v\u0259 ya k\u0259skin m\u0259d\u0259-ba\u011f\u0131rsaq probleml\u0259ri olan pi\u015fikl\u0259r \u00fc\u00e7\u00fcn t\u00f6vsiy\u0259 olunur&lt; \/li&gt;<br \/>\n&lt;\/ul&gt;<\/p>\n","protected":false},"featured_media":8838,"comment_status":"open","ping_status":"closed","template":"","meta":{"_acf_changed":false},"pwb-brand":[],"product_brand":[769],"product_cat":[753,754],"product_tag":[],"class_list":{"0":"post-8837","1":"product","2":"type-product","3":"status-publish","4":"has-post-thumbnail","6":"product_brand-craftia-galena","7":"product_cat-cat-food","8":"product_cat-adult-cat","10":"first","11":"instock","12":"taxable","13":"shipping-taxable","14":"product-type-variable"},"acf":[],"brands":[],"_links":{"self":[{"href":"https:\/\/kraftiapet.com\/az\/wp-json\/wp\/v2\/product\/8837","targetHints":{"allow":["GET"]}}],"collection":[{"href":"https:\/\/kraftiapet.com\/az\/wp-json\/wp\/v2\/product"}],"about":[{"href":"https:\/\/kraftiapet.com\/az\/wp-json\/wp\/v2\/types\/product"}],"replies":[{"embeddable":true,"href":"https:\/\/kraftiapet.com\/az\/wp-json\/wp\/v2\/comments?post=8837"}],"wp:featuredmedia":[{"embeddable":true,"href":"https:\/\/kraftiapet.com\/az\/wp-json\/wp\/v2\/media\/8838"}],"wp:attachment":[{"href":"https:\/\/kraftiapet.com\/az\/wp-json\/wp\/v2\/media?parent=8837"}],"wp:term":[{"taxonomy":"pwb-brand","embeddable":true,"href":"https:\/\/kraftiapet.com\/az\/wp-json\/wp\/v2\/pwb-brand?post=8837"},{"taxonomy":"product_brand","embeddable":true,"href":"https:\/\/kraftiapet.com\/az\/wp-json\/wp\/v2\/product_brand?post=8837"},{"taxonomy":"product_cat","embeddable":true,"href":"https:\/\/kraftiapet.com\/az\/wp-json\/wp\/v2\/product_cat?post=8837"},{"taxonomy":"product_tag","embeddable":true,"href":"https:\/\/kraftiapet.com\/az\/wp-json\/wp\/v2\/product_tag?post=8837"}],"curies":[{"name":"wp","href":"https:\/\/api.w.org\/{rel}","templated":true}]}}