{"id":8845,"date":"2025-10-07T06:57:56","date_gmt":"2025-10-07T06:57:56","guid":{"rendered":"https:\/\/kraftiapet.com\/?post_type=product&#038;p=8845"},"modified":"2026-05-06T14:41:34","modified_gmt":"2026-05-06T14:41:34","slug":"ur-urinary-care","status":"publish","type":"product","link":"https:\/\/kraftiapet.com\/az\/product\/ur-urinary-care\/","title":{"rendered":"UR Urinary Care"},"content":{"rendered":"","protected":false},"excerpt":{"rendered":"<p>UR Urinary Care \u2013 Craftia Galena Veterinary, sidik yollar\u0131n\u0131n sa\u011flaml\u0131\u011f\u0131 v\u0259 struvitl\u0259rin qar\u015f\u0131s\u0131n\u0131n al\u0131nmas\u0131 \u00fc\u00e7\u00fcn baytarl\u0131q pi\u015fik yemidir v\u0259 pi\u015fikl\u0259r \u00fc\u00e7\u00fcn tam p\u0259hrizli dietetik yemdir. Struvit da\u015flar\u0131n\u0131n \u0259ridilm\u0259si, onlar\u0131n t\u0259krar yaranmas\u0131n\u0131n azald\u0131lmas\u0131 v\u0259 pi\u015fikl\u0259rd\u0259 a\u015fa\u011f\u0131 sidik yolu x\u0259st\u0259likl\u0259rinin (FLUTD) idar\u0259 olunmas\u0131 \u00fc\u00e7\u00fcn haz\u0131rlanm\u0131\u015fd\u0131r. Bu p\u0259hriz sidik tur\u015fulu\u011funu art\u0131ran x\u00fcsusiyy\u0259tl\u0259r\u0259 v\u0259 a\u015fa\u011f\u0131 maqnezium t\u0259rkibin\u0259 malikdir ki, bu da sidik sa\u011flaml\u0131\u011f\u0131n\u0131 qoruma\u011fa, kristallar\u0131n \u0259m\u0259l\u0259 g\u0259lm\u0259sinin qar\u015f\u0131s\u0131n\u0131 alma\u011fa v\u0259 sidik kis\u0259sinin normal funksiyas\u0131n\u0131 d\u0259st\u0259kl\u0259m\u0259y\u0259 k\u00f6m\u0259k edir.  <\/p>\n<p><strong>UR URINARY CARE N\u018f ZAMAN \u0130ST\u0130FAD\u018f OLUNUR?<\/strong><\/p>\n<ul>\n<li>Struvit da\u015flar\u0131n\u0131n \u0259ridilm\u0259si \u00fc\u00e7\u00fcn<\/li>\n<li>Sidik da\u015flar\u0131n\u0131n t\u0259krar yaranmas\u0131n\u0131n azald\u0131lmas\u0131 \u00fc\u00e7\u00fcn<\/li>\n<li>Pi\u015fikl\u0259rd\u0259 a\u015fa\u011f\u0131 sidik yolu x\u0259st\u0259likl\u0259rinin (FLUTD) idar\u0259 olunmas\u0131n\u0131n d\u0259st\u0259kl\u0259nm\u0259si \u00fc\u00e7\u00fcn<\/li>\n<li>Sidik tur\u015fulu\u011funu art\u0131raraq optimal pH balans\u0131n\u0131 d\u0259st\u0259kl\u0259yir<\/li>\n<li>A\u015fa\u011f\u0131 maqnezium t\u0259rkibi kristallar\u0131n \u0259m\u0259l\u0259 g\u0259lm\u0259sinin qar\u015f\u0131s\u0131n\u0131 al\u0131r<\/li>\n<li>Sidik yollar\u0131 probleml\u0259rin\u0259 v\u0259 ya t\u0259krarlanan sistit\u0259 meylli pi\u015fikl\u0259r \u00fc\u00e7\u00fcn t\u00f6vsiy\u0259 olunur<\/li>\n<\/ul>\n","protected":false},"featured_media":8846,"comment_status":"open","ping_status":"closed","template":"","meta":{"_acf_changed":false},"pwb-brand":[],"product_brand":[769],"product_cat":[753,754],"product_tag":[],"class_list":{"0":"post-8845","1":"product","2":"type-product","3":"status-publish","4":"has-post-thumbnail","6":"product_brand-craftia-galena","7":"product_cat-cat-food","8":"product_cat-adult-cat","10":"first","11":"instock","12":"taxable","13":"shipping-taxable","14":"product-type-variable"},"acf":[],"brands":[],"_links":{"self":[{"href":"https:\/\/kraftiapet.com\/az\/wp-json\/wp\/v2\/product\/8845","targetHints":{"allow":["GET"]}}],"collection":[{"href":"https:\/\/kraftiapet.com\/az\/wp-json\/wp\/v2\/product"}],"about":[{"href":"https:\/\/kraftiapet.com\/az\/wp-json\/wp\/v2\/types\/product"}],"replies":[{"embeddable":true,"href":"https:\/\/kraftiapet.com\/az\/wp-json\/wp\/v2\/comments?post=8845"}],"wp:featuredmedia":[{"embeddable":true,"href":"https:\/\/kraftiapet.com\/az\/wp-json\/wp\/v2\/media\/8846"}],"wp:attachment":[{"href":"https:\/\/kraftiapet.com\/az\/wp-json\/wp\/v2\/media?parent=8845"}],"wp:term":[{"taxonomy":"pwb-brand","embeddable":true,"href":"https:\/\/kraftiapet.com\/az\/wp-json\/wp\/v2\/pwb-brand?post=8845"},{"taxonomy":"product_brand","embeddable":true,"href":"https:\/\/kraftiapet.com\/az\/wp-json\/wp\/v2\/product_brand?post=8845"},{"taxonomy":"product_cat","embeddable":true,"href":"https:\/\/kraftiapet.com\/az\/wp-json\/wp\/v2\/product_cat?post=8845"},{"taxonomy":"product_tag","embeddable":true,"href":"https:\/\/kraftiapet.com\/az\/wp-json\/wp\/v2\/product_tag?post=8845"}],"curies":[{"name":"wp","href":"https:\/\/api.w.org\/{rel}","templated":true}]}}