{"id":8849,"date":"2025-10-07T07:12:42","date_gmt":"2025-10-07T07:12:42","guid":{"rendered":"https:\/\/kraftiapet.com\/?post_type=product&#038;p=8849"},"modified":"2026-05-06T14:41:33","modified_gmt":"2026-05-06T14:41:33","slug":"dc-diabetic-care","status":"publish","type":"product","link":"https:\/\/kraftiapet.com\/az\/product\/dc-diabetic-care\/","title":{"rendered":"DC Diabetic Care"},"content":{"rendered":"","protected":false},"excerpt":{"rendered":"<p>DC Diabetic Care \u2013 Craftia Galena Veterinary, diabet v\u0259 ql\u00fckoza t\u0259nziml\u0259nm\u0259si \u00fc\u00e7\u00fcn baytarl\u0131q pi\u015fik yemidir v\u0259 pi\u015fikl\u0259r \u00fc\u00e7\u00fcn tam p\u0259hrizli dietetik yemdir. Balansla\u015fd\u0131r\u0131lm\u0131\u015f qidalanma profili vasit\u0259sil\u0259 diabetli pi\u015fikl\u0259rd\u0259 ql\u00fckoza t\u0259dar\u00fck\u00fcn\u00fcn idar\u0259 olunmas\u0131na k\u00f6m\u0259k edir. Formul a\u015fa\u011f\u0131 s\u0259viyy\u0259d\u0259 mono- v\u0259 disaxaridl\u0259rl\u0259 xarakteriz\u0259 olunur, qan \u015f\u0259k\u0259rinin sabit qalmas\u0131na v\u0259 \u00fcmumi metabolik tarazl\u0131\u011f\u0131n d\u0259st\u0259kl\u0259nm\u0259sin\u0259 k\u00f6m\u0259k edir.  <\/p>\n<p><strong>DC DIABETIC CARE N\u018f ZAMAN \u0130ST\u0130FAD\u018f OLUNUR?<\/strong><\/p>\n<ul>\n<li>Diabetli pi\u015fikl\u0259r \u00fc\u00e7\u00fcn<\/li>\n<li>Ql\u00fckoza t\u0259dar\u00fck\u00fcn\u00fcn t\u0259nziml\u0259nm\u0259sin\u0259 k\u00f6m\u0259k edir<\/li>\n<li>Sabit qan \u015f\u0259k\u0259ri s\u0259viyy\u0259l\u0259rini d\u0259st\u0259kl\u0259yir<\/li>\n<li>Mono- v\u0259 disaxaridl\u0259rd\u0259 a\u015fa\u011f\u0131 t\u0259rkib<\/li>\n<li>Diabetli pi\u015fikl\u0259rin uzunm\u00fcdd\u0259tli p\u0259hriz idar\u0259\u00e7iliyi \u00fc\u00e7\u00fcn t\u00f6vsiy\u0259 olunur<\/li>\n<\/ul>\n","protected":false},"featured_media":8850,"comment_status":"open","ping_status":"closed","template":"","meta":{"_acf_changed":false},"pwb-brand":[],"product_brand":[769],"product_cat":[753,754],"product_tag":[],"class_list":{"0":"post-8849","1":"product","2":"type-product","3":"status-publish","4":"has-post-thumbnail","6":"product_brand-craftia-galena","7":"product_cat-cat-food","8":"product_cat-adult-cat","10":"first","11":"instock","12":"taxable","13":"shipping-taxable","14":"product-type-variable"},"acf":[],"brands":[],"_links":{"self":[{"href":"https:\/\/kraftiapet.com\/az\/wp-json\/wp\/v2\/product\/8849","targetHints":{"allow":["GET"]}}],"collection":[{"href":"https:\/\/kraftiapet.com\/az\/wp-json\/wp\/v2\/product"}],"about":[{"href":"https:\/\/kraftiapet.com\/az\/wp-json\/wp\/v2\/types\/product"}],"replies":[{"embeddable":true,"href":"https:\/\/kraftiapet.com\/az\/wp-json\/wp\/v2\/comments?post=8849"}],"wp:featuredmedia":[{"embeddable":true,"href":"https:\/\/kraftiapet.com\/az\/wp-json\/wp\/v2\/media\/8850"}],"wp:attachment":[{"href":"https:\/\/kraftiapet.com\/az\/wp-json\/wp\/v2\/media?parent=8849"}],"wp:term":[{"taxonomy":"pwb-brand","embeddable":true,"href":"https:\/\/kraftiapet.com\/az\/wp-json\/wp\/v2\/pwb-brand?post=8849"},{"taxonomy":"product_brand","embeddable":true,"href":"https:\/\/kraftiapet.com\/az\/wp-json\/wp\/v2\/product_brand?post=8849"},{"taxonomy":"product_cat","embeddable":true,"href":"https:\/\/kraftiapet.com\/az\/wp-json\/wp\/v2\/product_cat?post=8849"},{"taxonomy":"product_tag","embeddable":true,"href":"https:\/\/kraftiapet.com\/az\/wp-json\/wp\/v2\/product_tag?post=8849"}],"curies":[{"name":"wp","href":"https:\/\/api.w.org\/{rel}","templated":true}]}}