{"id":8864,"date":"2025-09-29T07:48:01","date_gmt":"2025-09-29T07:48:01","guid":{"rendered":"https:\/\/kraftiapet.com\/?post_type=product&#038;p=8864"},"modified":"2026-05-07T09:00:42","modified_gmt":"2026-05-07T09:00:42","slug":"chicken-turkey-4","status":"publish","type":"product","link":"https:\/\/kraftiapet.com\/az\/product\/chicken-turkey-4\/","title":{"rendered":"Chicken &amp; Turkey"},"content":{"rendered":"","protected":false},"excerpt":{"rendered":"<p>Craftia Natura Chicken &amp; Turkey, toyuq v\u0259 hindu\u015fka \u0259sas\u0131nda orta v\u0259 b\u00f6y\u00fck cins itl\u0259r \u00fc\u00e7\u00fcn haz\u0131rlanm\u0131\u015f premium t\u0259bii it yemidir.<br \/>Toyuq v\u0259 hindu\u015fka m\u00fck\u0259mm\u0259l bir qar\u0131\u015f\u0131qd\u0131r. Onlar ql\u00fckozamin v\u0259 xondroitinl\u0259 birlikd\u0259 g\u00fccl\u00fc \u0259z\u0259l\u0259l\u0259ri, s\u00fcm\u00fckl\u0259ri v\u0259 sa\u011flam oynaqlar\u0131 d\u0259st\u0259kl\u0259y\u0259n balansl\u0131 protein t\u0259min edir: t\u0259bii enerji il\u0259 dolu, lakin art\u0131q kalori olmayan sa\u011flam v\u0259 g\u00f6z\u0259l g\u00f6r\u00fcn\u00fc\u015fl\u00fc bir it \u00fc\u00e7\u00fcn.  <\/p>\n","protected":false},"featured_media":8866,"comment_status":"open","ping_status":"closed","template":"","meta":{"_acf_changed":false},"pwb-brand":[],"product_brand":[775],"product_cat":[760,770],"product_tag":[],"class_list":{"0":"post-8864","1":"product","2":"type-product","3":"status-publish","4":"has-post-thumbnail","6":"product_brand-craftia-natura","7":"product_cat-dog-food","8":"product_cat-adult-dog","10":"first","11":"instock","12":"taxable","13":"shipping-taxable","14":"product-type-variable"},"acf":[],"brands":[],"_links":{"self":[{"href":"https:\/\/kraftiapet.com\/az\/wp-json\/wp\/v2\/product\/8864","targetHints":{"allow":["GET"]}}],"collection":[{"href":"https:\/\/kraftiapet.com\/az\/wp-json\/wp\/v2\/product"}],"about":[{"href":"https:\/\/kraftiapet.com\/az\/wp-json\/wp\/v2\/types\/product"}],"replies":[{"embeddable":true,"href":"https:\/\/kraftiapet.com\/az\/wp-json\/wp\/v2\/comments?post=8864"}],"wp:featuredmedia":[{"embeddable":true,"href":"https:\/\/kraftiapet.com\/az\/wp-json\/wp\/v2\/media\/8866"}],"wp:attachment":[{"href":"https:\/\/kraftiapet.com\/az\/wp-json\/wp\/v2\/media?parent=8864"}],"wp:term":[{"taxonomy":"pwb-brand","embeddable":true,"href":"https:\/\/kraftiapet.com\/az\/wp-json\/wp\/v2\/pwb-brand?post=8864"},{"taxonomy":"product_brand","embeddable":true,"href":"https:\/\/kraftiapet.com\/az\/wp-json\/wp\/v2\/product_brand?post=8864"},{"taxonomy":"product_cat","embeddable":true,"href":"https:\/\/kraftiapet.com\/az\/wp-json\/wp\/v2\/product_cat?post=8864"},{"taxonomy":"product_tag","embeddable":true,"href":"https:\/\/kraftiapet.com\/az\/wp-json\/wp\/v2\/product_tag?post=8864"}],"curies":[{"name":"wp","href":"https:\/\/api.w.org\/{rel}","templated":true}]}}