{"id":8885,"date":"2025-09-29T11:32:55","date_gmt":"2025-09-29T11:32:55","guid":{"rendered":"https:\/\/kraftiapet.com\/?post_type=product&#038;p=8885"},"modified":"2026-05-07T09:00:38","modified_gmt":"2026-05-07T09:00:38","slug":"lamb-with-quail","status":"publish","type":"product","link":"https:\/\/kraftiapet.com\/az\/product\/lamb-with-quail\/","title":{"rendered":"Lamb with Quail"},"content":{"rendered":"","protected":false},"excerpt":{"rendered":"<p>Craftia Natura Lamb with Quail, quzu v\u0259 bildir\u00e7in il\u0259 oyuncaq v\u0259 ki\u00e7ik cinsl\u0259r \u00fc\u00e7\u00fcn premium t\u0259bii bala yemidir. Otla b\u0259sl\u0259n\u0259n quzu v\u0259 bildir\u00e7in y\u00fcks\u0259k h\u0259zm olunan z\u00fclal v\u0259 h\u0259yati vacib qida madd\u0259l\u0259ri il\u0259 z\u0259ngin olan t\u0259bii hipoallergen qar\u0131\u015f\u0131q t\u0259qdim ed\u0259n ideal bir uy\u011funla\u015fmad\u0131r. Bu kombinasiya orqanizmd\u0259 balans yarad\u0131r v\u0259 sa\u011flam immun sistemini d\u0259st\u0259kl\u0259yir.  <\/p>\n","protected":false},"featured_media":8890,"comment_status":"open","ping_status":"closed","template":"","meta":{"_acf_changed":false},"pwb-brand":[],"product_brand":[775],"product_cat":[760,778],"product_tag":[],"class_list":{"0":"post-8885","1":"product","2":"type-product","3":"status-publish","4":"has-post-thumbnail","6":"product_brand-craftia-natura","7":"product_cat-dog-food","8":"product_cat-puppy","10":"first","11":"instock","12":"taxable","13":"shipping-taxable","14":"product-type-variable"},"acf":[],"brands":[],"_links":{"self":[{"href":"https:\/\/kraftiapet.com\/az\/wp-json\/wp\/v2\/product\/8885","targetHints":{"allow":["GET"]}}],"collection":[{"href":"https:\/\/kraftiapet.com\/az\/wp-json\/wp\/v2\/product"}],"about":[{"href":"https:\/\/kraftiapet.com\/az\/wp-json\/wp\/v2\/types\/product"}],"replies":[{"embeddable":true,"href":"https:\/\/kraftiapet.com\/az\/wp-json\/wp\/v2\/comments?post=8885"}],"wp:featuredmedia":[{"embeddable":true,"href":"https:\/\/kraftiapet.com\/az\/wp-json\/wp\/v2\/media\/8890"}],"wp:attachment":[{"href":"https:\/\/kraftiapet.com\/az\/wp-json\/wp\/v2\/media?parent=8885"}],"wp:term":[{"taxonomy":"pwb-brand","embeddable":true,"href":"https:\/\/kraftiapet.com\/az\/wp-json\/wp\/v2\/pwb-brand?post=8885"},{"taxonomy":"product_brand","embeddable":true,"href":"https:\/\/kraftiapet.com\/az\/wp-json\/wp\/v2\/product_brand?post=8885"},{"taxonomy":"product_cat","embeddable":true,"href":"https:\/\/kraftiapet.com\/az\/wp-json\/wp\/v2\/product_cat?post=8885"},{"taxonomy":"product_tag","embeddable":true,"href":"https:\/\/kraftiapet.com\/az\/wp-json\/wp\/v2\/product_tag?post=8885"}],"curies":[{"name":"wp","href":"https:\/\/api.w.org\/{rel}","templated":true}]}}