{"id":8914,"date":"2025-09-29T12:25:25","date_gmt":"2025-09-29T12:25:25","guid":{"rendered":"https:\/\/kraftiapet.com\/?post_type=product&#038;p=8914"},"modified":"2026-05-07T09:00:37","modified_gmt":"2026-05-07T09:00:37","slug":"salmon-herring-2","status":"publish","type":"product","link":"https:\/\/kraftiapet.com\/az\/product\/salmon-herring-2\/","title":{"rendered":"Salmon &amp; Herring"},"content":{"rendered":"","protected":false},"excerpt":{"rendered":"<p>Craftia Natura Salmon &amp; Herring orta v\u0259 b\u00f6y\u00fck cinsl\u0259r \u00fc\u00e7\u00fcn q\u0131z\u0131lbal\u0131q v\u0259 siy\u0259n\u0259k il\u0259 birlikd\u0259 premium t\u0259bii bala yemidir. Siy\u0259n\u0259k v\u0259 q\u0131z\u0131lbal\u0131q ev heyvanlar\u0131n\u0131n bir \u00e7ox c\u0259h\u0259td\u0259n inki\u015faf etm\u0259sin\u0259 k\u00f6m\u0259k edir: bal\u0131q z\u00fclal\u0131 sa\u011flam d\u0259ri v\u0259 parlaq t\u00fck saxlamaq \u00fc\u00e7\u00fcn \u0259lad\u0131r. T\u0259bii olaraq sa\u011flam olan bal\u0131q b\u0259d\u0259n v\u0259 zehn balans\u0131n\u0131 d\u0259st\u0259kl\u0259yir v\u0259 y\u00fcks\u0259k d\u0259r\u0259c\u0259d\u0259 h\u0259zm olunan protein olaraq \u0259z\u0259l\u0259 g\u00fcc\u00fcn\u00fc qoruma\u011fa k\u00f6m\u0259k edir.  <\/p>\n","protected":false},"featured_media":8916,"comment_status":"open","ping_status":"closed","template":"","meta":{"_acf_changed":false},"pwb-brand":[],"product_brand":[775],"product_cat":[760,778],"product_tag":[],"class_list":{"0":"post-8914","1":"product","2":"type-product","3":"status-publish","4":"has-post-thumbnail","6":"product_brand-craftia-natura","7":"product_cat-dog-food","8":"product_cat-puppy","10":"first","11":"instock","12":"taxable","13":"shipping-taxable","14":"product-type-variable"},"acf":[],"brands":[],"_links":{"self":[{"href":"https:\/\/kraftiapet.com\/az\/wp-json\/wp\/v2\/product\/8914","targetHints":{"allow":["GET"]}}],"collection":[{"href":"https:\/\/kraftiapet.com\/az\/wp-json\/wp\/v2\/product"}],"about":[{"href":"https:\/\/kraftiapet.com\/az\/wp-json\/wp\/v2\/types\/product"}],"replies":[{"embeddable":true,"href":"https:\/\/kraftiapet.com\/az\/wp-json\/wp\/v2\/comments?post=8914"}],"wp:featuredmedia":[{"embeddable":true,"href":"https:\/\/kraftiapet.com\/az\/wp-json\/wp\/v2\/media\/8916"}],"wp:attachment":[{"href":"https:\/\/kraftiapet.com\/az\/wp-json\/wp\/v2\/media?parent=8914"}],"wp:term":[{"taxonomy":"pwb-brand","embeddable":true,"href":"https:\/\/kraftiapet.com\/az\/wp-json\/wp\/v2\/pwb-brand?post=8914"},{"taxonomy":"product_brand","embeddable":true,"href":"https:\/\/kraftiapet.com\/az\/wp-json\/wp\/v2\/product_brand?post=8914"},{"taxonomy":"product_cat","embeddable":true,"href":"https:\/\/kraftiapet.com\/az\/wp-json\/wp\/v2\/product_cat?post=8914"},{"taxonomy":"product_tag","embeddable":true,"href":"https:\/\/kraftiapet.com\/az\/wp-json\/wp\/v2\/product_tag?post=8914"}],"curies":[{"name":"wp","href":"https:\/\/api.w.org\/{rel}","templated":true}]}}