{"id":8939,"date":"2025-10-07T12:40:08","date_gmt":"2025-10-07T12:40:08","guid":{"rendered":"https:\/\/kraftiapet.com\/?post_type=product&#038;p=8939"},"modified":"2026-05-07T09:00:35","modified_gmt":"2026-05-07T09:00:35","slug":"duck-with-pheasant-2","status":"publish","type":"product","link":"https:\/\/kraftiapet.com\/az\/product\/duck-with-pheasant-2\/","title":{"rendered":"Duck With Pheasant"},"content":{"rendered":"","protected":false},"excerpt":{"rendered":"<p>Craftia Natura Duck with Pheasant, orta v\u0259 b\u00f6y\u00fck cinsl\u0259r \u00fc\u00e7\u00fcn \u00f6rd\u0259k v\u0259 q\u0131rqovul il\u0259 birlikd\u0259 premium t\u0259bii it yemidir. \u00d6rd\u0259k v\u0259 q\u0131rqovul c\u0259lbedici v\u0259 l\u0259zz\u0259tli t\u0259bii birl\u0259\u015fm\u0259dir. Onlar y\u00fcks\u0259k h\u0259zm olunan protein v\u0259 h\u0259yati vacib qida madd\u0259l\u0259ri il\u0259 z\u0259ngin olan t\u0259bii hipoallergen qar\u0131\u015f\u0131q t\u0259min edir. Onlar\u0131n z\u0259ngin protein t\u0259rkibi sa\u011flam \u0259z\u0259l\u0259l\u0259ri d\u0259st\u0259kl\u0259m\u0259y\u0259 k\u00f6m\u0259k edir v\u0259 kombinasiya \u0259lav\u0259 l\u0259zz\u0259tli dad verir.   <\/p>\n","protected":false},"featured_media":8940,"comment_status":"open","ping_status":"closed","template":"","meta":{"_acf_changed":false},"pwb-brand":[],"product_brand":[775],"product_cat":[760,770],"product_tag":[],"class_list":{"0":"post-8939","1":"product","2":"type-product","3":"status-publish","4":"has-post-thumbnail","6":"product_brand-craftia-natura","7":"product_cat-dog-food","8":"product_cat-adult-dog","10":"first","11":"instock","12":"taxable","13":"shipping-taxable","14":"product-type-variable"},"acf":[],"brands":[],"_links":{"self":[{"href":"https:\/\/kraftiapet.com\/az\/wp-json\/wp\/v2\/product\/8939","targetHints":{"allow":["GET"]}}],"collection":[{"href":"https:\/\/kraftiapet.com\/az\/wp-json\/wp\/v2\/product"}],"about":[{"href":"https:\/\/kraftiapet.com\/az\/wp-json\/wp\/v2\/types\/product"}],"replies":[{"embeddable":true,"href":"https:\/\/kraftiapet.com\/az\/wp-json\/wp\/v2\/comments?post=8939"}],"wp:featuredmedia":[{"embeddable":true,"href":"https:\/\/kraftiapet.com\/az\/wp-json\/wp\/v2\/media\/8940"}],"wp:attachment":[{"href":"https:\/\/kraftiapet.com\/az\/wp-json\/wp\/v2\/media?parent=8939"}],"wp:term":[{"taxonomy":"pwb-brand","embeddable":true,"href":"https:\/\/kraftiapet.com\/az\/wp-json\/wp\/v2\/pwb-brand?post=8939"},{"taxonomy":"product_brand","embeddable":true,"href":"https:\/\/kraftiapet.com\/az\/wp-json\/wp\/v2\/product_brand?post=8939"},{"taxonomy":"product_cat","embeddable":true,"href":"https:\/\/kraftiapet.com\/az\/wp-json\/wp\/v2\/product_cat?post=8939"},{"taxonomy":"product_tag","embeddable":true,"href":"https:\/\/kraftiapet.com\/az\/wp-json\/wp\/v2\/product_tag?post=8939"}],"curies":[{"name":"wp","href":"https:\/\/api.w.org\/{rel}","templated":true}]}}