{"id":8958,"date":"2025-09-26T09:20:37","date_gmt":"2025-09-26T09:20:37","guid":{"rendered":"https:\/\/kraftiapet.com\/?post_type=product&#038;p=8958"},"modified":"2026-05-07T11:38:15","modified_gmt":"2026-05-07T11:38:15","slug":"gifts-of-land-and-sea","status":"publish","type":"product","link":"https:\/\/kraftiapet.com\/az\/product\/gifts-of-land-and-sea\/","title":{"rendered":"Gifts of Land and Sea"},"content":{"rendered":"","protected":false},"excerpt":{"rendered":"<p>Quru v\u0259 D\u0259niz H\u0259diyy\u0259l\u0259ri \u2013 Rawival, toyuq, q\u0131z\u0131lbal\u0131q v\u0259 siy\u0259n\u0259kd\u0259n ibar\u0259t premium pi\u015fik balas\u0131 yemidir. S\u00fcm\u00fcks\u00fcz \u00e7iy toyuq, t\u0259z\u0259 dondurulmu\u015f siy\u0259n\u0259k v\u0259 q\u0131z\u0131lbal\u0131q \u00e7ox dadl\u0131 v\u0259 sa\u011flam bir kombinasiyad\u0131r. Onlar vacib protein v\u0259 taurin t\u0259min edir, h\u0259r ikisi pi\u015fik balalar\u0131n\u0131n sa\u011flam g\u00f6z v\u0259 \u00fcr\u0259k inki\u015faf\u0131 \u00fc\u00e7\u00fcn vacibdir. Z\u00fclallar h\u0259m\u00e7inin g\u00fccl\u00fc v\u0259 \u00e7evik \u0259z\u0259l\u0259l\u0259rin qorunmas\u0131na v\u0259 d\u0259st\u0259kl\u0259nm\u0259sin\u0259 k\u00f6m\u0259k edir.   <\/p>\n","protected":false},"featured_media":8950,"comment_status":"open","ping_status":"closed","template":"","meta":{"_acf_changed":false},"pwb-brand":[],"product_brand":[786],"product_cat":[755,753],"product_tag":[],"class_list":{"0":"post-8958","1":"product","2":"type-product","3":"status-publish","4":"has-post-thumbnail","6":"product_brand-rawival","7":"product_cat-kitten","8":"product_cat-cat-food","10":"first","11":"instock","12":"taxable","13":"shipping-taxable","14":"product-type-variable"},"acf":[],"brands":[],"_links":{"self":[{"href":"https:\/\/kraftiapet.com\/az\/wp-json\/wp\/v2\/product\/8958","targetHints":{"allow":["GET"]}}],"collection":[{"href":"https:\/\/kraftiapet.com\/az\/wp-json\/wp\/v2\/product"}],"about":[{"href":"https:\/\/kraftiapet.com\/az\/wp-json\/wp\/v2\/types\/product"}],"replies":[{"embeddable":true,"href":"https:\/\/kraftiapet.com\/az\/wp-json\/wp\/v2\/comments?post=8958"}],"wp:featuredmedia":[{"embeddable":true,"href":"https:\/\/kraftiapet.com\/az\/wp-json\/wp\/v2\/media\/8950"}],"wp:attachment":[{"href":"https:\/\/kraftiapet.com\/az\/wp-json\/wp\/v2\/media?parent=8958"}],"wp:term":[{"taxonomy":"pwb-brand","embeddable":true,"href":"https:\/\/kraftiapet.com\/az\/wp-json\/wp\/v2\/pwb-brand?post=8958"},{"taxonomy":"product_brand","embeddable":true,"href":"https:\/\/kraftiapet.com\/az\/wp-json\/wp\/v2\/product_brand?post=8958"},{"taxonomy":"product_cat","embeddable":true,"href":"https:\/\/kraftiapet.com\/az\/wp-json\/wp\/v2\/product_cat?post=8958"},{"taxonomy":"product_tag","embeddable":true,"href":"https:\/\/kraftiapet.com\/az\/wp-json\/wp\/v2\/product_tag?post=8958"}],"curies":[{"name":"wp","href":"https:\/\/api.w.org\/{rel}","templated":true}]}}