{"id":8959,"date":"2025-09-26T11:06:00","date_gmt":"2025-09-26T11:06:00","guid":{"rendered":"https:\/\/kraftiapet.com\/?post_type=product&#038;p=8959"},"modified":"2026-05-07T11:38:12","modified_gmt":"2026-05-07T11:38:12","slug":"finest-with-wings-2","status":"publish","type":"product","link":"https:\/\/kraftiapet.com\/az\/product\/finest-with-wings-2\/","title":{"rendered":"Finest with Wings"},"content":{"rendered":"","protected":false},"excerpt":{"rendered":"<p>Finest with Wings \u2013 Rawival, orta v\u0259 b\u00f6y\u00fck cinsl\u0259r \u00fc\u00e7\u00fcn toyuq v\u0259 hindu\u015fka il\u0259 premium yetkin it yemidir. S\u00fcm\u00fcks\u00fcz \u00e7iy toyuq v\u0259 s\u00fcm\u00fcks\u00fcz \u00e7iy hindu\u015fka, aktiv itin ehtiyac duydu\u011fu qidal\u0131 z\u00fclal\u0131 t\u0259min ed\u0259n inc\u0259 dadl\u0131 bir qar\u0131\u015f\u0131q yarad\u0131r. Q\u0259dim m\u0259nb\u0259l\u0259r d\u0259 daxil olmaqla sa\u011flam tax\u0131llar\u0131n qar\u0131\u015f\u0131\u011f\u0131 uzun g\u0259zintil\u0259r \u00fc\u00e7\u00fcn enerji verir. Prebiotikl\u0259r, lifl\u0259r, fitonutrientl\u0259r v\u0259 vitaminl\u0259r sa\u011flam ba\u011f\u0131rsaq trakt\u0131n\u0131 d\u0259st\u0259kl\u0259m\u0259y\u0259 k\u00f6m\u0259k edir.   <\/p>\n","protected":false},"featured_media":8960,"comment_status":"open","ping_status":"closed","template":"","meta":{"_acf_changed":false},"pwb-brand":[],"product_brand":[786],"product_cat":[760,770],"product_tag":[],"class_list":{"0":"post-8959","1":"product","2":"type-product","3":"status-publish","4":"has-post-thumbnail","6":"product_brand-rawival","7":"product_cat-dog-food","8":"product_cat-adult-dog","10":"first","11":"instock","12":"taxable","13":"shipping-taxable","14":"product-type-variable"},"acf":[],"brands":[],"_links":{"self":[{"href":"https:\/\/kraftiapet.com\/az\/wp-json\/wp\/v2\/product\/8959","targetHints":{"allow":["GET"]}}],"collection":[{"href":"https:\/\/kraftiapet.com\/az\/wp-json\/wp\/v2\/product"}],"about":[{"href":"https:\/\/kraftiapet.com\/az\/wp-json\/wp\/v2\/types\/product"}],"replies":[{"embeddable":true,"href":"https:\/\/kraftiapet.com\/az\/wp-json\/wp\/v2\/comments?post=8959"}],"wp:featuredmedia":[{"embeddable":true,"href":"https:\/\/kraftiapet.com\/az\/wp-json\/wp\/v2\/media\/8960"}],"wp:attachment":[{"href":"https:\/\/kraftiapet.com\/az\/wp-json\/wp\/v2\/media?parent=8959"}],"wp:term":[{"taxonomy":"pwb-brand","embeddable":true,"href":"https:\/\/kraftiapet.com\/az\/wp-json\/wp\/v2\/pwb-brand?post=8959"},{"taxonomy":"product_brand","embeddable":true,"href":"https:\/\/kraftiapet.com\/az\/wp-json\/wp\/v2\/product_brand?post=8959"},{"taxonomy":"product_cat","embeddable":true,"href":"https:\/\/kraftiapet.com\/az\/wp-json\/wp\/v2\/product_cat?post=8959"},{"taxonomy":"product_tag","embeddable":true,"href":"https:\/\/kraftiapet.com\/az\/wp-json\/wp\/v2\/product_tag?post=8959"}],"curies":[{"name":"wp","href":"https:\/\/api.w.org\/{rel}","templated":true}]}}