{"id":8978,"date":"2025-09-26T10:18:38","date_gmt":"2025-09-26T10:18:38","guid":{"rendered":"https:\/\/kraftiapet.com\/?post_type=product&#038;p=8978"},"modified":"2026-05-07T11:38:14","modified_gmt":"2026-05-07T11:38:14","slug":"finest-from-the-sky-sterilizasiya-edilmis-pisikl%c9%99r-ucun","status":"publish","type":"product","link":"https:\/\/kraftiapet.com\/az\/product\/finest-from-the-sky-sterilizasiya-edilmis-pisikl%c9%99r-ucun\/","title":{"rendered":"Finest From the Sky &#8211; sterilizasiya edilmi\u015f pi\u015fikl\u0259r \u00fc\u00e7\u00fcn"},"content":{"rendered":"","protected":false},"excerpt":{"rendered":"<p>Finest From the Sky \u2013 Rawival, sterilizasiya edilmi\u015f pi\u015fikl\u0259r \u00fc\u00e7\u00fcn \u00f6rd\u0259k v\u0259 hindu\u015fka il\u0259 premium yetkin pi\u015fik yemidir. S\u00fcm\u00fcks\u00fcz \u00e7iy \u00f6rd\u0259k v\u0259 s\u00fcm\u00fcks\u00fcz \u00e7iy hindu\u015fka \u00e7ox dadl\u0131 v\u0259 sa\u011flam birl\u0259\u015fm\u0259dir: h\u0259r ikisi sa\u011flam \u0259z\u0259l\u0259l\u0259r \u00fc\u00e7\u00fcn laz\u0131m olan vacib proteini t\u0259min edir. N\u0259zar\u0259t olunan v\u0259 a\u015fa\u011f\u0131 ya\u011f s\u0259viyy\u0259si, el\u0259c\u0259 d\u0259 ya\u011f yand\u0131ran L-karnitin sterilizasiya edilmi\u015f pi\u015fikl\u0259rd\u0259 sa\u011flam \u00e7\u0259ki idar\u0259 etm\u0259y\u0259 k\u00f6m\u0259k edir.  <\/p>\n","protected":false},"featured_media":8980,"comment_status":"open","ping_status":"closed","template":"","meta":{"_acf_changed":false},"pwb-brand":[],"product_brand":[786],"product_cat":[753,754],"product_tag":[],"class_list":{"0":"post-8978","1":"product","2":"type-product","3":"status-publish","4":"has-post-thumbnail","6":"product_brand-rawival","7":"product_cat-cat-food","8":"product_cat-adult-cat","10":"first","11":"instock","12":"taxable","13":"shipping-taxable","14":"product-type-variable"},"acf":[],"brands":[],"_links":{"self":[{"href":"https:\/\/kraftiapet.com\/az\/wp-json\/wp\/v2\/product\/8978","targetHints":{"allow":["GET"]}}],"collection":[{"href":"https:\/\/kraftiapet.com\/az\/wp-json\/wp\/v2\/product"}],"about":[{"href":"https:\/\/kraftiapet.com\/az\/wp-json\/wp\/v2\/types\/product"}],"replies":[{"embeddable":true,"href":"https:\/\/kraftiapet.com\/az\/wp-json\/wp\/v2\/comments?post=8978"}],"wp:featuredmedia":[{"embeddable":true,"href":"https:\/\/kraftiapet.com\/az\/wp-json\/wp\/v2\/media\/8980"}],"wp:attachment":[{"href":"https:\/\/kraftiapet.com\/az\/wp-json\/wp\/v2\/media?parent=8978"}],"wp:term":[{"taxonomy":"pwb-brand","embeddable":true,"href":"https:\/\/kraftiapet.com\/az\/wp-json\/wp\/v2\/pwb-brand?post=8978"},{"taxonomy":"product_brand","embeddable":true,"href":"https:\/\/kraftiapet.com\/az\/wp-json\/wp\/v2\/product_brand?post=8978"},{"taxonomy":"product_cat","embeddable":true,"href":"https:\/\/kraftiapet.com\/az\/wp-json\/wp\/v2\/product_cat?post=8978"},{"taxonomy":"product_tag","embeddable":true,"href":"https:\/\/kraftiapet.com\/az\/wp-json\/wp\/v2\/product_tag?post=8978"}],"curies":[{"name":"wp","href":"https:\/\/api.w.org\/{rel}","templated":true}]}}