{"id":8987,"date":"2025-09-26T11:44:56","date_gmt":"2025-09-26T11:44:56","guid":{"rendered":"https:\/\/kraftiapet.com\/?post_type=product&#038;p=8987"},"modified":"2026-05-07T11:38:10","modified_gmt":"2026-05-07T11:38:10","slug":"wild-gifts-with-wings","status":"publish","type":"product","link":"https:\/\/kraftiapet.com\/az\/product\/wild-gifts-with-wings\/","title":{"rendered":"Wild Gifts with Wings"},"content":{"rendered":"","protected":false},"excerpt":{"rendered":"<p>Wild Gifts with Wings \u2013 Rawival, \u00f6rd\u0259k v\u0259 q\u0131rqovul il\u0259 oyuncaq v\u0259 ki\u00e7ik cinsl\u0259r \u00fc\u00e7\u00fcn premium yetkin it yemidir. S\u00fcm\u00fcks\u00fcz \u00e7iy \u00f6rd\u0259k v\u0259 s\u00fcm\u00fcks\u00fcz \u00e7iy q\u0131rqovul, aktiv itin ehtiyac duydu\u011fu b\u00fct\u00fcn qidal\u0131 z\u00fclal\u0131 t\u0259min ed\u0259n inc\u0259 dadl\u0131 bir qar\u0131\u015f\u0131q yarad\u0131r. Q\u0259dim m\u0259nb\u0259l\u0259r d\u0259 daxil olmaqla sa\u011flam d\u0259nli bitkil\u0259rin qar\u0131\u015f\u0131\u011f\u0131 qa\u00e7\u0131\u015f v\u0259 oyun \u00fc\u00e7\u00fcn enerji verir v\u0259 x\u00fcsusi q\u0259hv\u0259yi d\u0259niz yosunu t\u0259rkibi di\u015f v\u0259 di\u015f \u0259tinin sa\u011flaml\u0131\u011f\u0131n\u0131 d\u0259st\u0259kl\u0259m\u0259y\u0259 k\u00f6m\u0259k edir.  <\/p>\n","protected":false},"featured_media":8989,"comment_status":"open","ping_status":"closed","template":"","meta":{"_acf_changed":false},"pwb-brand":[],"product_brand":[786],"product_cat":[760,770],"product_tag":[],"class_list":{"0":"post-8987","1":"product","2":"type-product","3":"status-publish","4":"has-post-thumbnail","6":"product_brand-rawival","7":"product_cat-dog-food","8":"product_cat-adult-dog","10":"first","11":"instock","12":"taxable","13":"shipping-taxable","14":"product-type-variable"},"acf":[],"brands":[],"_links":{"self":[{"href":"https:\/\/kraftiapet.com\/az\/wp-json\/wp\/v2\/product\/8987","targetHints":{"allow":["GET"]}}],"collection":[{"href":"https:\/\/kraftiapet.com\/az\/wp-json\/wp\/v2\/product"}],"about":[{"href":"https:\/\/kraftiapet.com\/az\/wp-json\/wp\/v2\/types\/product"}],"replies":[{"embeddable":true,"href":"https:\/\/kraftiapet.com\/az\/wp-json\/wp\/v2\/comments?post=8987"}],"wp:featuredmedia":[{"embeddable":true,"href":"https:\/\/kraftiapet.com\/az\/wp-json\/wp\/v2\/media\/8989"}],"wp:attachment":[{"href":"https:\/\/kraftiapet.com\/az\/wp-json\/wp\/v2\/media?parent=8987"}],"wp:term":[{"taxonomy":"pwb-brand","embeddable":true,"href":"https:\/\/kraftiapet.com\/az\/wp-json\/wp\/v2\/pwb-brand?post=8987"},{"taxonomy":"product_brand","embeddable":true,"href":"https:\/\/kraftiapet.com\/az\/wp-json\/wp\/v2\/product_brand?post=8987"},{"taxonomy":"product_cat","embeddable":true,"href":"https:\/\/kraftiapet.com\/az\/wp-json\/wp\/v2\/product_cat?post=8987"},{"taxonomy":"product_tag","embeddable":true,"href":"https:\/\/kraftiapet.com\/az\/wp-json\/wp\/v2\/product_tag?post=8987"}],"curies":[{"name":"wp","href":"https:\/\/api.w.org\/{rel}","templated":true}]}}