{"id":8988,"date":"2025-09-26T10:35:42","date_gmt":"2025-09-26T10:35:42","guid":{"rendered":"https:\/\/kraftiapet.com\/?post_type=product&#038;p=8988"},"modified":"2026-05-07T11:38:13","modified_gmt":"2026-05-07T11:38:13","slug":"finest-from-the-sky","status":"publish","type":"product","link":"https:\/\/kraftiapet.com\/az\/product\/finest-from-the-sky\/","title":{"rendered":"Finest From the Sky"},"content":{"rendered":"","protected":false},"excerpt":{"rendered":"<p>Finest From the Sky \u2013 Rawival, \u00f6rd\u0259k v\u0259 hindu\u015fka il\u0259 haz\u0131rlanm\u0131\u015f premium pi\u015fik balas\u0131 yemidir. S\u00fcm\u00fcks\u00fcz \u00e7iy \u00f6rd\u0259k v\u0259 s\u00fcm\u00fcks\u00fcz \u00e7iy hindu\u015fka \u00e7ox dadl\u0131 v\u0259 sa\u011flam birl\u0259\u015fm\u0259 yarad\u0131r. Onlar pi\u015fik balalar\u0131n\u0131n sa\u011flam g\u00f6z v\u0259 \u00fcr\u0259k inki\u015faf\u0131 \u00fc\u00e7\u00fcn vacib olan protein v\u0259 taurini t\u0259min edir. Z\u00fclallar h\u0259m\u00e7inin g\u00fccl\u00fc v\u0259 \u00e7evik \u0259z\u0259l\u0259l\u0259rin d\u0259st\u0259kl\u0259nm\u0259sin\u0259 k\u00f6m\u0259k edir.   <\/p>\n","protected":false},"featured_media":8990,"comment_status":"open","ping_status":"closed","template":"","meta":{"_acf_changed":false},"pwb-brand":[],"product_brand":[786],"product_cat":[755,753],"product_tag":[],"class_list":{"0":"post-8988","1":"product","2":"type-product","3":"status-publish","4":"has-post-thumbnail","6":"product_brand-rawival","7":"product_cat-kitten","8":"product_cat-cat-food","10":"first","11":"instock","12":"taxable","13":"shipping-taxable","14":"product-type-variable"},"acf":[],"brands":[],"_links":{"self":[{"href":"https:\/\/kraftiapet.com\/az\/wp-json\/wp\/v2\/product\/8988","targetHints":{"allow":["GET"]}}],"collection":[{"href":"https:\/\/kraftiapet.com\/az\/wp-json\/wp\/v2\/product"}],"about":[{"href":"https:\/\/kraftiapet.com\/az\/wp-json\/wp\/v2\/types\/product"}],"replies":[{"embeddable":true,"href":"https:\/\/kraftiapet.com\/az\/wp-json\/wp\/v2\/comments?post=8988"}],"wp:featuredmedia":[{"embeddable":true,"href":"https:\/\/kraftiapet.com\/az\/wp-json\/wp\/v2\/media\/8990"}],"wp:attachment":[{"href":"https:\/\/kraftiapet.com\/az\/wp-json\/wp\/v2\/media?parent=8988"}],"wp:term":[{"taxonomy":"pwb-brand","embeddable":true,"href":"https:\/\/kraftiapet.com\/az\/wp-json\/wp\/v2\/pwb-brand?post=8988"},{"taxonomy":"product_brand","embeddable":true,"href":"https:\/\/kraftiapet.com\/az\/wp-json\/wp\/v2\/product_brand?post=8988"},{"taxonomy":"product_cat","embeddable":true,"href":"https:\/\/kraftiapet.com\/az\/wp-json\/wp\/v2\/product_cat?post=8988"},{"taxonomy":"product_tag","embeddable":true,"href":"https:\/\/kraftiapet.com\/az\/wp-json\/wp\/v2\/product_tag?post=8988"}],"curies":[{"name":"wp","href":"https:\/\/api.w.org\/{rel}","templated":true}]}}