{"id":9007,"date":"2025-09-28T21:40:24","date_gmt":"2025-09-28T21:40:24","guid":{"rendered":"https:\/\/kraftiapet.com\/?post_type=product&#038;p=9007"},"modified":"2026-05-07T11:38:09","modified_gmt":"2026-05-07T11:38:09","slug":"gifts-of-fields-branches-3","status":"publish","type":"product","link":"https:\/\/kraftiapet.com\/az\/product\/gifts-of-fields-branches-3\/","title":{"rendered":"Gifts of Fields &amp; Branches"},"content":{"rendered":"","protected":false},"excerpt":{"rendered":"<p>Gifts of Fields &amp; Branches \u2013 Rawival, oyuncaq v\u0259 ki\u00e7ik cinsl\u0259r \u00fc\u00e7\u00fcn quzu v\u0259 bildir\u00e7in il\u0259 premium yetkin it yemidir. Otla b\u0259sl\u0259n\u0259n \u00e7iy s\u00fcm\u00fcks\u00fcz quzu v\u0259 \u00e7iy s\u00fcm\u00fcks\u00fcz bildir\u00e7in, aktiv itin ehtiyac duydu\u011fu b\u00fct\u00fcn qidal\u0131 proteini t\u0259min ed\u0259n inc\u0259 dadl\u0131 bir qar\u0131\u015f\u0131q yarad\u0131r. Q\u0259dim m\u0259nb\u0259l\u0259r d\u0259 daxil olmaqla sa\u011flam tax\u0131llar\u0131n qar\u0131\u015f\u0131\u011f\u0131 qa\u00e7\u0131\u015f v\u0259 oyun \u00fc\u00e7\u00fcn enerji verir v\u0259 x\u00fcsusi q\u0259hv\u0259yi d\u0259niz yosunu t\u0259rkibi di\u015f v\u0259 di\u015f \u0259tinin sa\u011flaml\u0131\u011f\u0131n\u0131 d\u0259st\u0259kl\u0259m\u0259y\u0259 k\u00f6m\u0259k edir.  <\/p>\n","protected":false},"featured_media":9009,"comment_status":"open","ping_status":"closed","template":"","meta":{"_acf_changed":false},"pwb-brand":[],"product_brand":[786],"product_cat":[760,770],"product_tag":[],"class_list":{"0":"post-9007","1":"product","2":"type-product","3":"status-publish","4":"has-post-thumbnail","6":"product_brand-rawival","7":"product_cat-dog-food","8":"product_cat-adult-dog","10":"first","11":"instock","12":"taxable","13":"shipping-taxable","14":"product-type-variable"},"acf":[],"brands":[],"_links":{"self":[{"href":"https:\/\/kraftiapet.com\/az\/wp-json\/wp\/v2\/product\/9007","targetHints":{"allow":["GET"]}}],"collection":[{"href":"https:\/\/kraftiapet.com\/az\/wp-json\/wp\/v2\/product"}],"about":[{"href":"https:\/\/kraftiapet.com\/az\/wp-json\/wp\/v2\/types\/product"}],"replies":[{"embeddable":true,"href":"https:\/\/kraftiapet.com\/az\/wp-json\/wp\/v2\/comments?post=9007"}],"wp:featuredmedia":[{"embeddable":true,"href":"https:\/\/kraftiapet.com\/az\/wp-json\/wp\/v2\/media\/9009"}],"wp:attachment":[{"href":"https:\/\/kraftiapet.com\/az\/wp-json\/wp\/v2\/media?parent=9007"}],"wp:term":[{"taxonomy":"pwb-brand","embeddable":true,"href":"https:\/\/kraftiapet.com\/az\/wp-json\/wp\/v2\/pwb-brand?post=9007"},{"taxonomy":"product_brand","embeddable":true,"href":"https:\/\/kraftiapet.com\/az\/wp-json\/wp\/v2\/product_brand?post=9007"},{"taxonomy":"product_cat","embeddable":true,"href":"https:\/\/kraftiapet.com\/az\/wp-json\/wp\/v2\/product_cat?post=9007"},{"taxonomy":"product_tag","embeddable":true,"href":"https:\/\/kraftiapet.com\/az\/wp-json\/wp\/v2\/product_tag?post=9007"}],"curies":[{"name":"wp","href":"https:\/\/api.w.org\/{rel}","templated":true}]}}