{"id":9008,"date":"2025-09-29T08:54:47","date_gmt":"2025-09-29T08:54:47","guid":{"rendered":"https:\/\/kraftiapet.com\/?post_type=product&#038;p=9008"},"modified":"2026-05-07T11:38:07","modified_gmt":"2026-05-07T11:38:07","slug":"north-seas-finest-2","status":"publish","type":"product","link":"https:\/\/kraftiapet.com\/az\/product\/north-seas-finest-2\/","title":{"rendered":"North Sea\u2019s Finest"},"content":{"rendered":"","protected":false},"excerpt":{"rendered":"<p>North Sea\u2019s Finest \u2013 Rawival, orta v\u0259 b\u00f6y\u00fck cinsl\u0259r \u00fc\u00e7\u00fcn q\u0131z\u0131lbal\u0131q v\u0259 siy\u0259n\u0259k il\u0259 birlikd\u0259 premium bala yemidir. T\u0259z\u0259 dondurulmu\u015f q\u0131z\u0131lbal\u0131q v\u0259 siy\u0259n\u0259k, sa\u011flam b\u00f6y\u00fcm\u0259 v\u0259 inki\u015faf\u0131 d\u0259st\u0259kl\u0259m\u0259k \u00fc\u00e7\u00fcn laz\u0131m olan dadl\u0131 proteini t\u0259min ed\u0259n m\u00fck\u0259mm\u0259l bir qar\u0131\u015f\u0131qd\u0131r. Q\u0259dim m\u0259nb\u0259l\u0259r d\u0259 daxil olmaqla sa\u011flam d\u0259nli bitkil\u0259rin qar\u0131\u015f\u0131\u011f\u0131 b\u00f6y\u00fcm\u0259 \u00fc\u00e7\u00fcn enerji t\u0259min edir v\u0259 resept hamil\u0259 v\u0259 ya \u0259mizdir\u0259n analar \u00fc\u00e7\u00fcn d\u0259 uy\u011fundur.  <\/p>\n","protected":false},"featured_media":9013,"comment_status":"open","ping_status":"closed","template":"","meta":{"_acf_changed":false},"pwb-brand":[],"product_brand":[786],"product_cat":[760,778],"product_tag":[],"class_list":{"0":"post-9008","1":"product","2":"type-product","3":"status-publish","4":"has-post-thumbnail","6":"product_brand-rawival","7":"product_cat-dog-food","8":"product_cat-puppy","10":"first","11":"instock","12":"taxable","13":"shipping-taxable","14":"product-type-variable"},"acf":[],"brands":[],"_links":{"self":[{"href":"https:\/\/kraftiapet.com\/az\/wp-json\/wp\/v2\/product\/9008","targetHints":{"allow":["GET"]}}],"collection":[{"href":"https:\/\/kraftiapet.com\/az\/wp-json\/wp\/v2\/product"}],"about":[{"href":"https:\/\/kraftiapet.com\/az\/wp-json\/wp\/v2\/types\/product"}],"replies":[{"embeddable":true,"href":"https:\/\/kraftiapet.com\/az\/wp-json\/wp\/v2\/comments?post=9008"}],"wp:featuredmedia":[{"embeddable":true,"href":"https:\/\/kraftiapet.com\/az\/wp-json\/wp\/v2\/media\/9013"}],"wp:attachment":[{"href":"https:\/\/kraftiapet.com\/az\/wp-json\/wp\/v2\/media?parent=9008"}],"wp:term":[{"taxonomy":"pwb-brand","embeddable":true,"href":"https:\/\/kraftiapet.com\/az\/wp-json\/wp\/v2\/pwb-brand?post=9008"},{"taxonomy":"product_brand","embeddable":true,"href":"https:\/\/kraftiapet.com\/az\/wp-json\/wp\/v2\/product_brand?post=9008"},{"taxonomy":"product_cat","embeddable":true,"href":"https:\/\/kraftiapet.com\/az\/wp-json\/wp\/v2\/product_cat?post=9008"},{"taxonomy":"product_tag","embeddable":true,"href":"https:\/\/kraftiapet.com\/az\/wp-json\/wp\/v2\/product_tag?post=9008"}],"curies":[{"name":"wp","href":"https:\/\/api.w.org\/{rel}","templated":true}]}}