{"id":9017,"date":"2025-09-28T21:49:19","date_gmt":"2025-09-28T21:49:19","guid":{"rendered":"https:\/\/kraftiapet.com\/?post_type=product&#038;p=9017"},"modified":"2026-05-07T11:38:09","modified_gmt":"2026-05-07T11:38:09","slug":"gifts-of-fields-branches-2","status":"publish","type":"product","link":"https:\/\/kraftiapet.com\/az\/product\/gifts-of-fields-branches-2\/","title":{"rendered":"Gifts of Fields &amp; Branches"},"content":{"rendered":"","protected":false},"excerpt":{"rendered":"<p>Gifts of Fields &amp; Branches \u2013 Rawival, oyuncaq v\u0259 ki\u00e7ik cinsl\u0259r \u00fc\u00e7\u00fcn quzu v\u0259 bildir\u00e7in il\u0259 premium bala yemidir. Otla b\u0259sl\u0259n\u0259n \u00e7iy s\u00fcm\u00fcks\u00fcz quzu v\u0259 \u00e7iy s\u00fcm\u00fcks\u00fcz bildir\u00e7in, sa\u011flam b\u00f6y\u00fcm\u0259 v\u0259 inki\u015faf\u0131 d\u0259st\u0259kl\u0259m\u0259k \u00fc\u00e7\u00fcn laz\u0131m olan \u0259sas qida madd\u0259l\u0259rini t\u0259min ed\u0259n t\u0259bii z\u00fclallar\u0131n m\u00fck\u0259mm\u0259l qar\u0131\u015f\u0131\u011f\u0131n\u0131 yarad\u0131r. Q\u0259dim m\u0259nb\u0259l\u0259r d\u0259 daxil olmaqla sa\u011flam tax\u0131llar\u0131n qar\u0131\u015f\u0131\u011f\u0131 b\u00f6y\u00fcm\u0259 \u00fc\u00e7\u00fcn sabit enerji verir v\u0259 resept hamil\u0259 v\u0259 ya \u0259mizdir\u0259n analar \u00fc\u00e7\u00fcn d\u0259 uy\u011fundur.  <\/p>\n","protected":false},"featured_media":9019,"comment_status":"open","ping_status":"closed","template":"","meta":{"_acf_changed":false},"pwb-brand":[],"product_brand":[786],"product_cat":[760,778],"product_tag":[],"class_list":{"0":"post-9017","1":"product","2":"type-product","3":"status-publish","4":"has-post-thumbnail","6":"product_brand-rawival","7":"product_cat-dog-food","8":"product_cat-puppy","10":"first","11":"instock","12":"taxable","13":"shipping-taxable","14":"product-type-variable"},"acf":[],"brands":[],"_links":{"self":[{"href":"https:\/\/kraftiapet.com\/az\/wp-json\/wp\/v2\/product\/9017","targetHints":{"allow":["GET"]}}],"collection":[{"href":"https:\/\/kraftiapet.com\/az\/wp-json\/wp\/v2\/product"}],"about":[{"href":"https:\/\/kraftiapet.com\/az\/wp-json\/wp\/v2\/types\/product"}],"replies":[{"embeddable":true,"href":"https:\/\/kraftiapet.com\/az\/wp-json\/wp\/v2\/comments?post=9017"}],"wp:featuredmedia":[{"embeddable":true,"href":"https:\/\/kraftiapet.com\/az\/wp-json\/wp\/v2\/media\/9019"}],"wp:attachment":[{"href":"https:\/\/kraftiapet.com\/az\/wp-json\/wp\/v2\/media?parent=9017"}],"wp:term":[{"taxonomy":"pwb-brand","embeddable":true,"href":"https:\/\/kraftiapet.com\/az\/wp-json\/wp\/v2\/pwb-brand?post=9017"},{"taxonomy":"product_brand","embeddable":true,"href":"https:\/\/kraftiapet.com\/az\/wp-json\/wp\/v2\/product_brand?post=9017"},{"taxonomy":"product_cat","embeddable":true,"href":"https:\/\/kraftiapet.com\/az\/wp-json\/wp\/v2\/product_cat?post=9017"},{"taxonomy":"product_tag","embeddable":true,"href":"https:\/\/kraftiapet.com\/az\/wp-json\/wp\/v2\/product_tag?post=9017"}],"curies":[{"name":"wp","href":"https:\/\/api.w.org\/{rel}","templated":true}]}}