{"id":9037,"date":"2025-10-02T11:11:05","date_gmt":"2025-10-02T11:11:05","guid":{"rendered":"https:\/\/kraftiapet.com\/?post_type=product&#038;p=9037"},"modified":"2026-05-07T09:40:05","modified_gmt":"2026-05-07T09:40:05","slug":"rich-in-fish-with-rice","status":"publish","type":"product","link":"https:\/\/kraftiapet.com\/az\/product\/rich-in-fish-with-rice\/","title":{"rendered":"Rich in Fish With Rice"},"content":{"rendered":"","protected":false},"excerpt":{"rendered":"<p>Mysticat Fish &amp; Rice, bal\u0131q v\u0259 d\u00fcy\u00fc il\u0259 haz\u0131rlanm\u0131\u015f pi\u015fik yemidir. Bal\u0131q v\u0259 d\u00fcy\u00fc y\u00fcng\u00fcl v\u0259 qidal\u0131 bir reseptdir, omeqa-3 ya\u011f tur\u015fular\u0131 say\u0259sind\u0259 parlaq t\u00fck v\u0259 sa\u011flam d\u0259ri t\u0259min edir. Asan h\u0259zm olunan d\u00fcy\u00fc il\u0259 birlikd\u0259 pi\u015fiyinizi aktiv, xo\u015fb\u0259xt v\u0259 sa\u011flam saxlay\u0131r. Qaragil\u0259 antioksidantlar v\u0259 lifl\u0259 z\u0259ngin olub, \u00fcmumi sa\u011flaml\u0131\u011f\u0131 v\u0259 h\u0259zmi d\u0259st\u0259kl\u0259yir, madd\u0259l\u0259r m\u00fcbadil\u0259sini g\u00fccl\u0259ndirir.   <\/p>\n","protected":false},"featured_media":9039,"comment_status":"open","ping_status":"closed","template":"","meta":{"_acf_changed":false},"pwb-brand":[],"product_brand":[792],"product_cat":[753,754],"product_tag":[],"class_list":{"0":"post-9037","1":"product","2":"type-product","3":"status-publish","4":"has-post-thumbnail","6":"product_brand-mysticat","7":"product_cat-cat-food","8":"product_cat-adult-cat","10":"first","11":"instock","12":"taxable","13":"shipping-taxable","14":"product-type-variable"},"acf":[],"brands":[],"_links":{"self":[{"href":"https:\/\/kraftiapet.com\/az\/wp-json\/wp\/v2\/product\/9037","targetHints":{"allow":["GET"]}}],"collection":[{"href":"https:\/\/kraftiapet.com\/az\/wp-json\/wp\/v2\/product"}],"about":[{"href":"https:\/\/kraftiapet.com\/az\/wp-json\/wp\/v2\/types\/product"}],"replies":[{"embeddable":true,"href":"https:\/\/kraftiapet.com\/az\/wp-json\/wp\/v2\/comments?post=9037"}],"wp:featuredmedia":[{"embeddable":true,"href":"https:\/\/kraftiapet.com\/az\/wp-json\/wp\/v2\/media\/9039"}],"wp:attachment":[{"href":"https:\/\/kraftiapet.com\/az\/wp-json\/wp\/v2\/media?parent=9037"}],"wp:term":[{"taxonomy":"pwb-brand","embeddable":true,"href":"https:\/\/kraftiapet.com\/az\/wp-json\/wp\/v2\/pwb-brand?post=9037"},{"taxonomy":"product_brand","embeddable":true,"href":"https:\/\/kraftiapet.com\/az\/wp-json\/wp\/v2\/product_brand?post=9037"},{"taxonomy":"product_cat","embeddable":true,"href":"https:\/\/kraftiapet.com\/az\/wp-json\/wp\/v2\/product_cat?post=9037"},{"taxonomy":"product_tag","embeddable":true,"href":"https:\/\/kraftiapet.com\/az\/wp-json\/wp\/v2\/product_tag?post=9037"}],"curies":[{"name":"wp","href":"https:\/\/api.w.org\/{rel}","templated":true}]}}