{"id":9049,"date":"2025-10-02T11:27:38","date_gmt":"2025-10-02T11:27:38","guid":{"rendered":"https:\/\/kraftiapet.com\/?post_type=product&#038;p=9049"},"modified":"2026-05-07T09:24:34","modified_gmt":"2026-05-07T09:24:34","slug":"rich-in-chicken-with-carrot-rice","status":"publish","type":"product","link":"https:\/\/kraftiapet.com\/az\/product\/rich-in-chicken-with-carrot-rice\/","title":{"rendered":"Rich in Chicken With Carrot &amp; Rice"},"content":{"rendered":"","protected":false},"excerpt":{"rendered":"<p>Dogsy Chicken, Carrot &amp; Rice, toyuq, yerk\u00f6k\u00fc v\u0259 d\u00fcy\u00fc il\u0259 haz\u0131rlanm\u0131\u015f it yemidir.<br \/>Toyuq, yerk\u00f6k\u00fc v\u0259 d\u00fcy\u00fc qar\u0131\u015f\u0131\u011f\u0131 h\u0259zmi asan v\u0259 vacib qida madd\u0259l\u0259ri il\u0259 z\u0259ngindir. Sa\u011flam h\u0259zmi v\u0259 parlaq t\u00fckl\u0259ri d\u0259st\u0259kl\u0259m\u0259k \u00fc\u00e7\u00fcn z\u00fclal, lif v\u0259 vitaminl\u0259rl\u0259 z\u0259ngindir. Yerk\u00f6k\u00fc g\u00f6z sa\u011flaml\u0131\u011f\u0131n\u0131 d\u0259st\u0259kl\u0259y\u0259n beta-karoten t\u0259min edir, x\u0131rt\u0131ldayan teksturas\u0131 is\u0259 di\u015fl\u0259rin t\u0259miz qalmas\u0131na v\u0259 h\u0259zmin m\u00fcnt\u0259z\u0259m olmas\u0131na k\u00f6m\u0259k edir. H\u0259r g\u00fcn ev heyvan\u0131n\u0131z\u0131n canl\u0131l\u0131\u011f\u0131n\u0131 v\u0259 rifah\u0131n\u0131 d\u0259st\u0259kl\u0259y\u0259n balansl\u0131, a\u015fa\u011f\u0131 kalorili bir yem\u0259kdir.    <\/p>\n","protected":false},"featured_media":9050,"comment_status":"open","ping_status":"closed","template":"","meta":{"_acf_changed":false},"pwb-brand":[],"product_brand":[795],"product_cat":[760,770],"product_tag":[],"class_list":{"0":"post-9049","1":"product","2":"type-product","3":"status-publish","4":"has-post-thumbnail","6":"product_brand-dogsy","7":"product_cat-dog-food","8":"product_cat-adult-dog","10":"first","11":"instock","12":"taxable","13":"shipping-taxable","14":"product-type-variable"},"acf":[],"brands":[],"_links":{"self":[{"href":"https:\/\/kraftiapet.com\/az\/wp-json\/wp\/v2\/product\/9049","targetHints":{"allow":["GET"]}}],"collection":[{"href":"https:\/\/kraftiapet.com\/az\/wp-json\/wp\/v2\/product"}],"about":[{"href":"https:\/\/kraftiapet.com\/az\/wp-json\/wp\/v2\/types\/product"}],"replies":[{"embeddable":true,"href":"https:\/\/kraftiapet.com\/az\/wp-json\/wp\/v2\/comments?post=9049"}],"wp:featuredmedia":[{"embeddable":true,"href":"https:\/\/kraftiapet.com\/az\/wp-json\/wp\/v2\/media\/9050"}],"wp:attachment":[{"href":"https:\/\/kraftiapet.com\/az\/wp-json\/wp\/v2\/media?parent=9049"}],"wp:term":[{"taxonomy":"pwb-brand","embeddable":true,"href":"https:\/\/kraftiapet.com\/az\/wp-json\/wp\/v2\/pwb-brand?post=9049"},{"taxonomy":"product_brand","embeddable":true,"href":"https:\/\/kraftiapet.com\/az\/wp-json\/wp\/v2\/product_brand?post=9049"},{"taxonomy":"product_cat","embeddable":true,"href":"https:\/\/kraftiapet.com\/az\/wp-json\/wp\/v2\/product_cat?post=9049"},{"taxonomy":"product_tag","embeddable":true,"href":"https:\/\/kraftiapet.com\/az\/wp-json\/wp\/v2\/product_tag?post=9049"}],"curies":[{"name":"wp","href":"https:\/\/api.w.org\/{rel}","templated":true}]}}