{"id":9054,"date":"2025-10-02T10:03:40","date_gmt":"2025-10-02T10:03:40","guid":{"rendered":"https:\/\/kraftiapet.com\/?post_type=product&#038;p=9054"},"modified":"2026-05-07T14:28:32","modified_gmt":"2026-05-07T14:28:32","slug":"with-lamb-chicken-super-veggies","status":"publish","type":"product","link":"https:\/\/kraftiapet.com\/az\/product\/with-lamb-chicken-super-veggies\/","title":{"rendered":"With Lamb, Chicken &amp; Super Veggies"},"content":{"rendered":"","protected":false},"excerpt":{"rendered":"<p>Vida Super Lamb, Chicken &amp; Veggies, orta v\u0259 b\u00f6y\u00fck cinsl\u0259r \u00fc\u00e7\u00fcn quzu, toyuq v\u0259 t\u0259r\u0259v\u0259zl\u0259rl\u0259 birlikd\u0259 premium it yemidir. \u018fla protein m\u0259nb\u0259l\u0259ri olan quzu v\u0259 toyuqla z\u0259ngindir. Yerk\u00f6k\u00fc v\u0259 alma kimi t\u0259r\u0259v\u0259zl\u0259r sa\u011flam h\u0259zm sistemini d\u0259st\u0259kl\u0259y\u0259n antioksidanlar v\u0259 vitaminl\u0259rl\u0259 z\u0259ngindir.  <\/p>\n","protected":false},"featured_media":9056,"comment_status":"open","ping_status":"closed","template":"","meta":{"_acf_changed":false},"pwb-brand":[],"product_brand":[799],"product_cat":[760,770],"product_tag":[],"class_list":{"0":"post-9054","1":"product","2":"type-product","3":"status-publish","4":"has-post-thumbnail","6":"product_brand-vida-super","7":"product_cat-dog-food","8":"product_cat-adult-dog","10":"first","11":"instock","12":"taxable","13":"shipping-taxable","14":"product-type-variable"},"acf":[],"brands":[],"_links":{"self":[{"href":"https:\/\/kraftiapet.com\/az\/wp-json\/wp\/v2\/product\/9054","targetHints":{"allow":["GET"]}}],"collection":[{"href":"https:\/\/kraftiapet.com\/az\/wp-json\/wp\/v2\/product"}],"about":[{"href":"https:\/\/kraftiapet.com\/az\/wp-json\/wp\/v2\/types\/product"}],"replies":[{"embeddable":true,"href":"https:\/\/kraftiapet.com\/az\/wp-json\/wp\/v2\/comments?post=9054"}],"wp:featuredmedia":[{"embeddable":true,"href":"https:\/\/kraftiapet.com\/az\/wp-json\/wp\/v2\/media\/9056"}],"wp:attachment":[{"href":"https:\/\/kraftiapet.com\/az\/wp-json\/wp\/v2\/media?parent=9054"}],"wp:term":[{"taxonomy":"pwb-brand","embeddable":true,"href":"https:\/\/kraftiapet.com\/az\/wp-json\/wp\/v2\/pwb-brand?post=9054"},{"taxonomy":"product_brand","embeddable":true,"href":"https:\/\/kraftiapet.com\/az\/wp-json\/wp\/v2\/product_brand?post=9054"},{"taxonomy":"product_cat","embeddable":true,"href":"https:\/\/kraftiapet.com\/az\/wp-json\/wp\/v2\/product_cat?post=9054"},{"taxonomy":"product_tag","embeddable":true,"href":"https:\/\/kraftiapet.com\/az\/wp-json\/wp\/v2\/product_tag?post=9054"}],"curies":[{"name":"wp","href":"https:\/\/api.w.org\/{rel}","templated":true}]}}