{"id":9055,"date":"2025-10-02T07:02:22","date_gmt":"2025-10-02T07:02:22","guid":{"rendered":"https:\/\/kraftiapet.com\/?post_type=product&#038;p=9055"},"modified":"2026-05-07T14:28:34","modified_gmt":"2026-05-07T14:28:34","slug":"chicken-with-super-veggies","status":"publish","type":"product","link":"https:\/\/kraftiapet.com\/az\/product\/chicken-with-super-veggies\/","title":{"rendered":"Chicken With Super Veggies"},"content":{"rendered":"","protected":false},"excerpt":{"rendered":"<p>Vida Super Chicken &amp; Veggies, toyuq v\u0259 t\u0259r\u0259v\u0259zl\u0259rd\u0259n ibar\u0259t premium pi\u015fik yem\u0259yidir. Sa\u011flam oynaqlar \u00fc\u00e7\u00fcn vacib olan z\u00fclal, amin tur\u015fular\u0131 v\u0259 ql\u00fckozaminl\u0259 z\u0259ngin olan toyuqla l\u0259zz\u0259tli birl\u0259\u015fm\u0259. Yerk\u00f6k\u00fc v\u0259 alma kimi t\u0259r\u0259v\u0259zl\u0259r g\u00f6z sa\u011flaml\u0131\u011f\u0131n\u0131 v\u0259 ba\u011f\u0131rsaq h\u0259r\u0259k\u0259tini d\u0259st\u0259kl\u0259m\u0259k \u00fc\u00e7\u00fcn m\u00f6vcuddur.  <\/p>\n","protected":false},"featured_media":9057,"comment_status":"open","ping_status":"closed","template":"","meta":{"_acf_changed":false},"pwb-brand":[],"product_brand":[799],"product_cat":[753,754],"product_tag":[],"class_list":{"0":"post-9055","1":"product","2":"type-product","3":"status-publish","4":"has-post-thumbnail","6":"product_brand-vida-super","7":"product_cat-cat-food","8":"product_cat-adult-cat","10":"first","11":"instock","12":"taxable","13":"shipping-taxable","14":"product-type-variable"},"acf":[],"brands":[],"_links":{"self":[{"href":"https:\/\/kraftiapet.com\/az\/wp-json\/wp\/v2\/product\/9055","targetHints":{"allow":["GET"]}}],"collection":[{"href":"https:\/\/kraftiapet.com\/az\/wp-json\/wp\/v2\/product"}],"about":[{"href":"https:\/\/kraftiapet.com\/az\/wp-json\/wp\/v2\/types\/product"}],"replies":[{"embeddable":true,"href":"https:\/\/kraftiapet.com\/az\/wp-json\/wp\/v2\/comments?post=9055"}],"wp:featuredmedia":[{"embeddable":true,"href":"https:\/\/kraftiapet.com\/az\/wp-json\/wp\/v2\/media\/9057"}],"wp:attachment":[{"href":"https:\/\/kraftiapet.com\/az\/wp-json\/wp\/v2\/media?parent=9055"}],"wp:term":[{"taxonomy":"pwb-brand","embeddable":true,"href":"https:\/\/kraftiapet.com\/az\/wp-json\/wp\/v2\/pwb-brand?post=9055"},{"taxonomy":"product_brand","embeddable":true,"href":"https:\/\/kraftiapet.com\/az\/wp-json\/wp\/v2\/product_brand?post=9055"},{"taxonomy":"product_cat","embeddable":true,"href":"https:\/\/kraftiapet.com\/az\/wp-json\/wp\/v2\/product_cat?post=9055"},{"taxonomy":"product_tag","embeddable":true,"href":"https:\/\/kraftiapet.com\/az\/wp-json\/wp\/v2\/product_tag?post=9055"}],"curies":[{"name":"wp","href":"https:\/\/api.w.org\/{rel}","templated":true}]}}