{"id":9063,"date":"2025-10-02T10:13:48","date_gmt":"2025-10-02T10:13:48","guid":{"rendered":"https:\/\/kraftiapet.com\/?post_type=product&#038;p=9063"},"modified":"2026-05-07T14:28:32","modified_gmt":"2026-05-07T14:28:32","slug":"with-salmon-fish-super-veggies","status":"publish","type":"product","link":"https:\/\/kraftiapet.com\/az\/product\/with-salmon-fish-super-veggies\/","title":{"rendered":"With Salmon, Fish &amp; Super Veggies"},"content":{"rendered":"","protected":false},"excerpt":{"rendered":"<p>Vida Super Salmon, Fish &amp; Veggies, q\u0131z\u0131lbal\u0131q v\u0259 t\u0259r\u0259v\u0259zl\u0259rl\u0259 birlikd\u0259 orta v\u0259 b\u00f6y\u00fck cins itl\u0259r \u00fc\u00e7\u00fcn premium yemdir. Q\u0131z\u0131lbal\u0131q v\u0259 bal\u0131q \u0259z\u0259l\u0259l\u0259r, s\u00fcm\u00fckl\u0259r, d\u0259ri v\u0259 parlaq t\u00fckl\u0259r \u00fc\u00e7\u00fcn \u0259la olan keyfiyy\u0259tli qida madd\u0259l\u0259ri il\u0259 z\u0259ngindir. D\u0259niz l\u0259zz\u0259tl\u0259ri laz\u0131mi vitaminl\u0259ri t\u0259min ed\u0259n ispanaq v\u0259 yerk\u00f6k\u00fc kimi madd\u0259l\u0259rl\u0259 d\u0259st\u0259kl\u0259nir.  <\/p>\n","protected":false},"featured_media":9065,"comment_status":"open","ping_status":"closed","template":"","meta":{"_acf_changed":false},"pwb-brand":[],"product_brand":[799],"product_cat":[760,770],"product_tag":[],"class_list":{"0":"post-9063","1":"product","2":"type-product","3":"status-publish","4":"has-post-thumbnail","6":"product_brand-vida-super","7":"product_cat-dog-food","8":"product_cat-adult-dog","10":"first","11":"instock","12":"taxable","13":"shipping-taxable","14":"product-type-variable"},"acf":[],"brands":[],"_links":{"self":[{"href":"https:\/\/kraftiapet.com\/az\/wp-json\/wp\/v2\/product\/9063","targetHints":{"allow":["GET"]}}],"collection":[{"href":"https:\/\/kraftiapet.com\/az\/wp-json\/wp\/v2\/product"}],"about":[{"href":"https:\/\/kraftiapet.com\/az\/wp-json\/wp\/v2\/types\/product"}],"replies":[{"embeddable":true,"href":"https:\/\/kraftiapet.com\/az\/wp-json\/wp\/v2\/comments?post=9063"}],"wp:featuredmedia":[{"embeddable":true,"href":"https:\/\/kraftiapet.com\/az\/wp-json\/wp\/v2\/media\/9065"}],"wp:attachment":[{"href":"https:\/\/kraftiapet.com\/az\/wp-json\/wp\/v2\/media?parent=9063"}],"wp:term":[{"taxonomy":"pwb-brand","embeddable":true,"href":"https:\/\/kraftiapet.com\/az\/wp-json\/wp\/v2\/pwb-brand?post=9063"},{"taxonomy":"product_brand","embeddable":true,"href":"https:\/\/kraftiapet.com\/az\/wp-json\/wp\/v2\/product_brand?post=9063"},{"taxonomy":"product_cat","embeddable":true,"href":"https:\/\/kraftiapet.com\/az\/wp-json\/wp\/v2\/product_cat?post=9063"},{"taxonomy":"product_tag","embeddable":true,"href":"https:\/\/kraftiapet.com\/az\/wp-json\/wp\/v2\/product_tag?post=9063"}],"curies":[{"name":"wp","href":"https:\/\/api.w.org\/{rel}","templated":true}]}}