{"id":9073,"date":"2025-10-02T09:14:07","date_gmt":"2025-10-02T09:14:07","guid":{"rendered":"https:\/\/kraftiapet.com\/?post_type=product&#038;p=9073"},"modified":"2026-05-07T14:28:33","modified_gmt":"2026-05-07T14:28:33","slug":"rich-in-ocean-fish-with-salmon-super-veggies","status":"publish","type":"product","link":"https:\/\/kraftiapet.com\/az\/product\/rich-in-ocean-fish-with-salmon-super-veggies\/","title":{"rendered":"Rich in Ocean Fish With Salmon &amp; Super Veggies"},"content":{"rendered":"","protected":false},"excerpt":{"rendered":"<p>Vida Super Ocean Fish &amp; Salmon, okean bal\u0131\u011f\u0131, q\u0131z\u0131lbal\u0131q v\u0259 t\u0259r\u0259v\u0259zl\u0259rd\u0259n ibar\u0259t premium pi\u015fik yemidir. Pi\u015fikl\u0259rin m\u00fctl\u0259q sev\u0259c\u0259yi l\u0259zz\u0259tli bir yem\u0259k. D\u0259ri v\u0259 parlaq t\u00fck \u00fc\u00e7\u00fcn \u0259la olan okean bal\u0131\u011f\u0131 v\u0259 q\u0131z\u0131lbal\u0131q, el\u0259c\u0259 d\u0259 lifl\u0259 z\u0259ngin balqabaq il\u0259 bu yem\u0259k b\u0259d\u0259n v\u0259 zehn aras\u0131nda tarazl\u0131q t\u0259min ed\u0259n vacib qida madd\u0259l\u0259ri il\u0259 z\u0259ngindir.  <\/p>\n","protected":false},"featured_media":9075,"comment_status":"open","ping_status":"closed","template":"","meta":{"_acf_changed":false},"pwb-brand":[],"product_brand":[799],"product_cat":[753,754],"product_tag":[],"class_list":{"0":"post-9073","1":"product","2":"type-product","3":"status-publish","4":"has-post-thumbnail","6":"product_brand-vida-super","7":"product_cat-cat-food","8":"product_cat-adult-cat","10":"first","11":"instock","12":"taxable","13":"shipping-taxable","14":"product-type-variable"},"acf":[],"brands":[],"_links":{"self":[{"href":"https:\/\/kraftiapet.com\/az\/wp-json\/wp\/v2\/product\/9073","targetHints":{"allow":["GET"]}}],"collection":[{"href":"https:\/\/kraftiapet.com\/az\/wp-json\/wp\/v2\/product"}],"about":[{"href":"https:\/\/kraftiapet.com\/az\/wp-json\/wp\/v2\/types\/product"}],"replies":[{"embeddable":true,"href":"https:\/\/kraftiapet.com\/az\/wp-json\/wp\/v2\/comments?post=9073"}],"wp:featuredmedia":[{"embeddable":true,"href":"https:\/\/kraftiapet.com\/az\/wp-json\/wp\/v2\/media\/9075"}],"wp:attachment":[{"href":"https:\/\/kraftiapet.com\/az\/wp-json\/wp\/v2\/media?parent=9073"}],"wp:term":[{"taxonomy":"pwb-brand","embeddable":true,"href":"https:\/\/kraftiapet.com\/az\/wp-json\/wp\/v2\/pwb-brand?post=9073"},{"taxonomy":"product_brand","embeddable":true,"href":"https:\/\/kraftiapet.com\/az\/wp-json\/wp\/v2\/product_brand?post=9073"},{"taxonomy":"product_cat","embeddable":true,"href":"https:\/\/kraftiapet.com\/az\/wp-json\/wp\/v2\/product_cat?post=9073"},{"taxonomy":"product_tag","embeddable":true,"href":"https:\/\/kraftiapet.com\/az\/wp-json\/wp\/v2\/product_tag?post=9073"}],"curies":[{"name":"wp","href":"https:\/\/api.w.org\/{rel}","templated":true}]}}