{"id":9091,"date":"2025-10-02T09:51:24","date_gmt":"2025-10-02T09:51:24","guid":{"rendered":"https:\/\/kraftiapet.com\/?post_type=product&#038;p=9091"},"modified":"2026-05-07T14:28:32","modified_gmt":"2026-05-07T14:28:32","slug":"chicken-with-turkey-super-veggies","status":"publish","type":"product","link":"https:\/\/kraftiapet.com\/az\/product\/chicken-with-turkey-super-veggies\/","title":{"rendered":"Chicken With Turkey &amp; Super Veggies"},"content":{"rendered":"","protected":false},"excerpt":{"rendered":"<p>Vida Super Chicken, Turkey &amp; Veggies, orta v\u0259 b\u00f6y\u00fck cinsl\u0259r \u00fc\u00e7\u00fcn toyuq, hindu\u015fka v\u0259 t\u0259r\u0259v\u0259zl\u0259rd\u0259n ibar\u0259t premium it yemidir. Toyuq v\u0259 hindu\u015fka l\u0259zz\u0259tli v\u0259 sa\u011flam birl\u0259\u015fm\u0259 yarad\u0131r. Bu qar\u0131\u015f\u0131q g\u00fccl\u00fc s\u00fcm\u00fckl\u0259r v\u0259 sa\u011flam oynaqlar \u00fc\u00e7\u00fcn vacib olan \u0259la protein m\u0259nb\u0259yidir, t\u0259r\u0259v\u0259zl\u0259r kimi super qidalar is\u0259 immunitet sistemini g\u00fccl\u0259ndirm\u0259y\u0259 k\u00f6m\u0259k ed\u0259n lif v\u0259 antioksidantlar t\u0259min edir.  <\/p>\n","protected":false},"featured_media":9093,"comment_status":"open","ping_status":"closed","template":"","meta":{"_acf_changed":false},"pwb-brand":[],"product_brand":[799],"product_cat":[760,770],"product_tag":[],"class_list":{"0":"post-9091","1":"product","2":"type-product","3":"status-publish","4":"has-post-thumbnail","6":"product_brand-vida-super","7":"product_cat-dog-food","8":"product_cat-adult-dog","10":"first","11":"instock","12":"taxable","13":"shipping-taxable","14":"product-type-variable"},"acf":[],"brands":[],"_links":{"self":[{"href":"https:\/\/kraftiapet.com\/az\/wp-json\/wp\/v2\/product\/9091","targetHints":{"allow":["GET"]}}],"collection":[{"href":"https:\/\/kraftiapet.com\/az\/wp-json\/wp\/v2\/product"}],"about":[{"href":"https:\/\/kraftiapet.com\/az\/wp-json\/wp\/v2\/types\/product"}],"replies":[{"embeddable":true,"href":"https:\/\/kraftiapet.com\/az\/wp-json\/wp\/v2\/comments?post=9091"}],"wp:featuredmedia":[{"embeddable":true,"href":"https:\/\/kraftiapet.com\/az\/wp-json\/wp\/v2\/media\/9093"}],"wp:attachment":[{"href":"https:\/\/kraftiapet.com\/az\/wp-json\/wp\/v2\/media?parent=9091"}],"wp:term":[{"taxonomy":"pwb-brand","embeddable":true,"href":"https:\/\/kraftiapet.com\/az\/wp-json\/wp\/v2\/pwb-brand?post=9091"},{"taxonomy":"product_brand","embeddable":true,"href":"https:\/\/kraftiapet.com\/az\/wp-json\/wp\/v2\/product_brand?post=9091"},{"taxonomy":"product_cat","embeddable":true,"href":"https:\/\/kraftiapet.com\/az\/wp-json\/wp\/v2\/product_cat?post=9091"},{"taxonomy":"product_tag","embeddable":true,"href":"https:\/\/kraftiapet.com\/az\/wp-json\/wp\/v2\/product_tag?post=9091"}],"curies":[{"name":"wp","href":"https:\/\/api.w.org\/{rel}","templated":true}]}}