{"id":9107,"date":"2025-10-02T07:43:10","date_gmt":"2025-10-02T07:43:10","guid":{"rendered":"https:\/\/kraftiapet.com\/?post_type=product&#038;p=9107"},"modified":"2026-05-07T13:26:59","modified_gmt":"2026-05-07T13:26:59","slug":"salmon-with-butternut-squash-steriliz%c9%99-edilmis-pisikl%c9%99r-ucun","status":"publish","type":"product","link":"https:\/\/kraftiapet.com\/az\/product\/salmon-with-butternut-squash-steriliz%c9%99-edilmis-pisikl%c9%99r-ucun\/","title":{"rendered":"Salmon with Butternut Squash Steriliz\u0259 edilmi\u015f pi\u015fikl\u0259r \u00fc\u00e7\u00fcn"},"content":{"rendered":"","protected":false},"excerpt":{"rendered":"<p>Vida Nativa Salmon &amp; Butternut, q\u0131z\u0131lbal\u0131q v\u0259 balqabaq il\u0259 sterilizasiya edilmi\u015f pi\u015fikl\u0259r \u00fc\u00e7\u00fcn premium t\u0259bii pi\u015fik yemidir. Q\u0131z\u0131lbal\u0131q v\u0259 balqabaq \u0259sl l\u0259zz\u0259tdir v\u0259 ev heyvan\u0131n\u0131z\u0131n sa\u011flaml\u0131\u011f\u0131n\u0131 bir \u00e7ox c\u0259h\u0259td\u0259n d\u0259st\u0259kl\u0259yir: q\u0131z\u0131lbal\u0131q asanl\u0131qla h\u0259zm olunan z\u00fclallar\u0131n \u0259la m\u0259nb\u0259yidir v\u0259 d\u0259ri sa\u011flaml\u0131\u011f\u0131 v\u0259 parlaq t\u00fck \u00fc\u00e7\u00fcn \u0259lad\u0131r, balqabaq v\u0259 alma is\u0259 sa\u011flam h\u0259zm sistemi v\u0259 \u00fcmumi rifah \u00fc\u00e7\u00fcn t\u0259m\u0259l t\u0259min edir. <\/p>\n","protected":false},"featured_media":9109,"comment_status":"open","ping_status":"closed","template":"","meta":{"_acf_changed":false},"pwb-brand":[],"product_brand":[801],"product_cat":[753,754],"product_tag":[],"class_list":{"0":"post-9107","1":"product","2":"type-product","3":"status-publish","4":"has-post-thumbnail","6":"product_brand-vida-nativa","7":"product_cat-cat-food","8":"product_cat-adult-cat","10":"first","11":"instock","12":"taxable","13":"shipping-taxable","14":"product-type-variable"},"acf":[],"brands":[],"_links":{"self":[{"href":"https:\/\/kraftiapet.com\/az\/wp-json\/wp\/v2\/product\/9107","targetHints":{"allow":["GET"]}}],"collection":[{"href":"https:\/\/kraftiapet.com\/az\/wp-json\/wp\/v2\/product"}],"about":[{"href":"https:\/\/kraftiapet.com\/az\/wp-json\/wp\/v2\/types\/product"}],"replies":[{"embeddable":true,"href":"https:\/\/kraftiapet.com\/az\/wp-json\/wp\/v2\/comments?post=9107"}],"wp:featuredmedia":[{"embeddable":true,"href":"https:\/\/kraftiapet.com\/az\/wp-json\/wp\/v2\/media\/9109"}],"wp:attachment":[{"href":"https:\/\/kraftiapet.com\/az\/wp-json\/wp\/v2\/media?parent=9107"}],"wp:term":[{"taxonomy":"pwb-brand","embeddable":true,"href":"https:\/\/kraftiapet.com\/az\/wp-json\/wp\/v2\/pwb-brand?post=9107"},{"taxonomy":"product_brand","embeddable":true,"href":"https:\/\/kraftiapet.com\/az\/wp-json\/wp\/v2\/product_brand?post=9107"},{"taxonomy":"product_cat","embeddable":true,"href":"https:\/\/kraftiapet.com\/az\/wp-json\/wp\/v2\/product_cat?post=9107"},{"taxonomy":"product_tag","embeddable":true,"href":"https:\/\/kraftiapet.com\/az\/wp-json\/wp\/v2\/product_tag?post=9107"}],"curies":[{"name":"wp","href":"https:\/\/api.w.org\/{rel}","templated":true}]}}