{"id":9116,"date":"2025-10-04T21:16:21","date_gmt":"2025-10-04T21:16:21","guid":{"rendered":"https:\/\/kraftiapet.com\/?post_type=product&#038;p=9116"},"modified":"2026-05-07T13:26:56","modified_gmt":"2026-05-07T13:26:56","slug":"chicken-with-blueberry","status":"publish","type":"product","link":"https:\/\/kraftiapet.com\/az\/product\/chicken-with-blueberry\/","title":{"rendered":"Chicken with Blueberry"},"content":{"rendered":"","protected":false},"excerpt":{"rendered":"<p>Vida Nativa Chicken &amp; Blueberry, oyuncaq v\u0259 ki\u00e7ik cins itl\u0259r \u00fc\u00e7\u00fcn toyuq v\u0259 qaragil\u0259 il\u0259 haz\u0131rlanm\u0131\u015f premium t\u0259bii bala yemidir. Toyuq v\u0259 qaragil\u0259 l\u0259zz\u0259tli v\u0259 sa\u011flam bir kombinasiya yarad\u0131r. Bu qar\u0131\u015f\u0131q g\u00fccl\u00fc s\u00fcm\u00fckl\u0259r v\u0259 sa\u011flam oynaqlar \u00fc\u00e7\u00fcn vacib olan \u0259la protein m\u0259nb\u0259yidir, qaragil\u0259 kimi super qidalar is\u0259 immunitet sistemini g\u00fccl\u0259ndirm\u0259y\u0259 k\u00f6m\u0259k ed\u0259n lif v\u0259 antioksidantlar t\u0259min edir.  <\/p>\n","protected":false},"featured_media":9118,"comment_status":"open","ping_status":"closed","template":"","meta":{"_acf_changed":false},"pwb-brand":[],"product_brand":[801],"product_cat":[760,778],"product_tag":[],"class_list":{"0":"post-9116","1":"product","2":"type-product","3":"status-publish","4":"has-post-thumbnail","6":"product_brand-vida-nativa","7":"product_cat-dog-food","8":"product_cat-puppy","10":"first","11":"instock","12":"taxable","13":"shipping-taxable","14":"product-type-variable"},"acf":[],"brands":[],"_links":{"self":[{"href":"https:\/\/kraftiapet.com\/az\/wp-json\/wp\/v2\/product\/9116","targetHints":{"allow":["GET"]}}],"collection":[{"href":"https:\/\/kraftiapet.com\/az\/wp-json\/wp\/v2\/product"}],"about":[{"href":"https:\/\/kraftiapet.com\/az\/wp-json\/wp\/v2\/types\/product"}],"replies":[{"embeddable":true,"href":"https:\/\/kraftiapet.com\/az\/wp-json\/wp\/v2\/comments?post=9116"}],"wp:featuredmedia":[{"embeddable":true,"href":"https:\/\/kraftiapet.com\/az\/wp-json\/wp\/v2\/media\/9118"}],"wp:attachment":[{"href":"https:\/\/kraftiapet.com\/az\/wp-json\/wp\/v2\/media?parent=9116"}],"wp:term":[{"taxonomy":"pwb-brand","embeddable":true,"href":"https:\/\/kraftiapet.com\/az\/wp-json\/wp\/v2\/pwb-brand?post=9116"},{"taxonomy":"product_brand","embeddable":true,"href":"https:\/\/kraftiapet.com\/az\/wp-json\/wp\/v2\/product_brand?post=9116"},{"taxonomy":"product_cat","embeddable":true,"href":"https:\/\/kraftiapet.com\/az\/wp-json\/wp\/v2\/product_cat?post=9116"},{"taxonomy":"product_tag","embeddable":true,"href":"https:\/\/kraftiapet.com\/az\/wp-json\/wp\/v2\/product_tag?post=9116"}],"curies":[{"name":"wp","href":"https:\/\/api.w.org\/{rel}","templated":true}]}}