{"id":9117,"date":"2025-10-02T08:02:35","date_gmt":"2025-10-02T08:02:35","guid":{"rendered":"https:\/\/kraftiapet.com\/?post_type=product&#038;p=9117"},"modified":"2026-05-07T13:26:58","modified_gmt":"2026-05-07T13:26:58","slug":"salmon-with-butternut-squash-4","status":"publish","type":"product","link":"https:\/\/kraftiapet.com\/az\/product\/salmon-with-butternut-squash-4\/","title":{"rendered":"Salmon with Butternut Squash"},"content":{"rendered":"","protected":false},"excerpt":{"rendered":"<p>Vida Nativa Salmon &amp; Butternut, q\u0131z\u0131lbal\u0131q v\u0259 balqabaq il\u0259 haz\u0131rlanm\u0131\u015f premium t\u0259bii pi\u015fik yemidir. Q\u0131z\u0131lbal\u0131q asanl\u0131qla h\u0259zm olunan z\u00fclal m\u0259nb\u0259yidir v\u0259 d\u0259ri sa\u011flaml\u0131\u011f\u0131 v\u0259 parlaq t\u00fck \u00fc\u00e7\u00fcn \u0259lad\u0131r. Balqabaq v\u0259 alma yem\u0259yi \u0259sl l\u0259zz\u0259t\u0259 \u00e7evirir v\u0259 \u00fcmumi sa\u011flaml\u0131q v\u0259 h\u0259zm sistemi \u00fc\u00e7\u00fcn \u0259lad\u0131r.  <\/p>\n","protected":false},"featured_media":9121,"comment_status":"open","ping_status":"closed","template":"","meta":{"_acf_changed":false},"pwb-brand":[],"product_brand":[801],"product_cat":[755,753],"product_tag":[],"class_list":{"0":"post-9117","1":"product","2":"type-product","3":"status-publish","4":"has-post-thumbnail","6":"product_brand-vida-nativa","7":"product_cat-kitten","8":"product_cat-cat-food","10":"first","11":"instock","12":"taxable","13":"shipping-taxable","14":"product-type-variable"},"acf":[],"brands":[],"_links":{"self":[{"href":"https:\/\/kraftiapet.com\/az\/wp-json\/wp\/v2\/product\/9117","targetHints":{"allow":["GET"]}}],"collection":[{"href":"https:\/\/kraftiapet.com\/az\/wp-json\/wp\/v2\/product"}],"about":[{"href":"https:\/\/kraftiapet.com\/az\/wp-json\/wp\/v2\/types\/product"}],"replies":[{"embeddable":true,"href":"https:\/\/kraftiapet.com\/az\/wp-json\/wp\/v2\/comments?post=9117"}],"wp:featuredmedia":[{"embeddable":true,"href":"https:\/\/kraftiapet.com\/az\/wp-json\/wp\/v2\/media\/9121"}],"wp:attachment":[{"href":"https:\/\/kraftiapet.com\/az\/wp-json\/wp\/v2\/media?parent=9117"}],"wp:term":[{"taxonomy":"pwb-brand","embeddable":true,"href":"https:\/\/kraftiapet.com\/az\/wp-json\/wp\/v2\/pwb-brand?post=9117"},{"taxonomy":"product_brand","embeddable":true,"href":"https:\/\/kraftiapet.com\/az\/wp-json\/wp\/v2\/product_brand?post=9117"},{"taxonomy":"product_cat","embeddable":true,"href":"https:\/\/kraftiapet.com\/az\/wp-json\/wp\/v2\/product_cat?post=9117"},{"taxonomy":"product_tag","embeddable":true,"href":"https:\/\/kraftiapet.com\/az\/wp-json\/wp\/v2\/product_tag?post=9117"}],"curies":[{"name":"wp","href":"https:\/\/api.w.org\/{rel}","templated":true}]}}