{"id":9133,"date":"2025-10-04T21:29:59","date_gmt":"2025-10-04T21:29:59","guid":{"rendered":"https:\/\/kraftiapet.com\/?post_type=product&#038;p=9133"},"modified":"2026-05-07T13:26:55","modified_gmt":"2026-05-07T13:26:55","slug":"lamb-with-brown-rice-3","status":"publish","type":"product","link":"https:\/\/kraftiapet.com\/az\/product\/lamb-with-brown-rice-3\/","title":{"rendered":"Lamb with Brown Rice"},"content":{"rendered":"","protected":false},"excerpt":{"rendered":"<p>Vida Nativa Lamb &amp; Brown Rice, oyuncaq v\u0259 ki\u00e7ik cins itl\u0259r \u00fc\u00e7\u00fcn quzu v\u0259 q\u0259hv\u0259yi d\u00fcy\u00fc il\u0259 birlikd\u0259 premium t\u0259bii it yemidir. Quzu v\u0259 q\u0259hv\u0259yi d\u00fcy\u00fc ev heyvanlar\u0131n\u0131n qidalanmas\u0131 \u00fc\u00e7\u00fcn m\u00fcst\u0259sna bir kombinasiyad\u0131r. Quzu \u0259ti sa\u011flam \u0259z\u0259l\u0259l\u0259rin, d\u0259rinin v\u0259 t\u00fckl\u0259rin qurulmas\u0131 v\u0259 saxlanmas\u0131 \u00fc\u00e7\u00fcn vacibdir, q\u0259hv\u0259yi d\u00fcy\u00fc is\u0259 ev heyvan\u0131n\u0131n madd\u0259l\u0259r m\u00fcbadil\u0259sini d\u0259st\u0259kl\u0259yir v\u0259 bu resept h\u0259m d\u00fczg\u00fcn se\u00e7im, h\u0259m d\u0259 l\u0259zz\u0259tlidir.  <\/p>\n","protected":false},"featured_media":9135,"comment_status":"open","ping_status":"closed","template":"","meta":{"_acf_changed":false},"pwb-brand":[],"product_brand":[801],"product_cat":[760,770],"product_tag":[],"class_list":{"0":"post-9133","1":"product","2":"type-product","3":"status-publish","4":"has-post-thumbnail","6":"product_brand-vida-nativa","7":"product_cat-dog-food","8":"product_cat-adult-dog","10":"first","11":"instock","12":"taxable","13":"shipping-taxable","14":"product-type-variable"},"acf":[],"brands":[],"_links":{"self":[{"href":"https:\/\/kraftiapet.com\/az\/wp-json\/wp\/v2\/product\/9133","targetHints":{"allow":["GET"]}}],"collection":[{"href":"https:\/\/kraftiapet.com\/az\/wp-json\/wp\/v2\/product"}],"about":[{"href":"https:\/\/kraftiapet.com\/az\/wp-json\/wp\/v2\/types\/product"}],"replies":[{"embeddable":true,"href":"https:\/\/kraftiapet.com\/az\/wp-json\/wp\/v2\/comments?post=9133"}],"wp:featuredmedia":[{"embeddable":true,"href":"https:\/\/kraftiapet.com\/az\/wp-json\/wp\/v2\/media\/9135"}],"wp:attachment":[{"href":"https:\/\/kraftiapet.com\/az\/wp-json\/wp\/v2\/media?parent=9133"}],"wp:term":[{"taxonomy":"pwb-brand","embeddable":true,"href":"https:\/\/kraftiapet.com\/az\/wp-json\/wp\/v2\/pwb-brand?post=9133"},{"taxonomy":"product_brand","embeddable":true,"href":"https:\/\/kraftiapet.com\/az\/wp-json\/wp\/v2\/product_brand?post=9133"},{"taxonomy":"product_cat","embeddable":true,"href":"https:\/\/kraftiapet.com\/az\/wp-json\/wp\/v2\/product_cat?post=9133"},{"taxonomy":"product_tag","embeddable":true,"href":"https:\/\/kraftiapet.com\/az\/wp-json\/wp\/v2\/product_tag?post=9133"}],"curies":[{"name":"wp","href":"https:\/\/api.w.org\/{rel}","templated":true}]}}