{"id":9149,"date":"2025-10-04T21:49:06","date_gmt":"2025-10-04T21:49:06","guid":{"rendered":"https:\/\/kraftiapet.com\/?post_type=product&#038;p=9149"},"modified":"2026-05-07T13:26:54","modified_gmt":"2026-05-07T13:26:54","slug":"salmon-with-butternut-squash-3","status":"publish","type":"product","link":"https:\/\/kraftiapet.com\/az\/product\/salmon-with-butternut-squash-3\/","title":{"rendered":"Salmon with Butternut Squash"},"content":{"rendered":"","protected":false},"excerpt":{"rendered":"<p>Vida Nativa Salmon &amp; Butternut, orta v\u0259 b\u00f6y\u00fck cins itl\u0259r \u00fc\u00e7\u00fcn q\u0131z\u0131lbal\u0131q v\u0259 butternut balqaba\u011f\u0131 il\u0259 premium t\u0259bii it yemidir. Q\u0131z\u0131lbal\u0131q v\u0259 balqabaq \u0259sl l\u0259zz\u0259tdir v\u0259 ev heyvan\u0131n\u0131z\u0131n sa\u011flaml\u0131\u011f\u0131n\u0131 bir \u00e7ox c\u0259h\u0259td\u0259n d\u0259st\u0259kl\u0259yir: q\u0131z\u0131lbal\u0131q asan h\u0259zm olunan z\u00fclallar\u0131n \u0259la m\u0259nb\u0259yidir v\u0259 d\u0259ri sa\u011flaml\u0131\u011f\u0131 il\u0259 parlaq t\u00fck \u00fc\u00e7\u00fcn faydal\u0131d\u0131r, butternut balqaba\u011f\u0131 v\u0259 alma is\u0259 sa\u011flam h\u0259zm sistemi v\u0259 \u00fcmumi rifah \u00fc\u00e7\u00fcn \u0259sas yarad\u0131r. <\/p>\n","protected":false},"featured_media":9150,"comment_status":"open","ping_status":"closed","template":"","meta":{"_acf_changed":false},"pwb-brand":[],"product_brand":[801],"product_cat":[760,770],"product_tag":[],"class_list":{"0":"post-9149","1":"product","2":"type-product","3":"status-publish","4":"has-post-thumbnail","6":"product_brand-vida-nativa","7":"product_cat-dog-food","8":"product_cat-adult-dog","10":"first","11":"instock","12":"taxable","13":"shipping-taxable","14":"product-type-variable"},"acf":[],"brands":[],"_links":{"self":[{"href":"https:\/\/kraftiapet.com\/az\/wp-json\/wp\/v2\/product\/9149","targetHints":{"allow":["GET"]}}],"collection":[{"href":"https:\/\/kraftiapet.com\/az\/wp-json\/wp\/v2\/product"}],"about":[{"href":"https:\/\/kraftiapet.com\/az\/wp-json\/wp\/v2\/types\/product"}],"replies":[{"embeddable":true,"href":"https:\/\/kraftiapet.com\/az\/wp-json\/wp\/v2\/comments?post=9149"}],"wp:featuredmedia":[{"embeddable":true,"href":"https:\/\/kraftiapet.com\/az\/wp-json\/wp\/v2\/media\/9150"}],"wp:attachment":[{"href":"https:\/\/kraftiapet.com\/az\/wp-json\/wp\/v2\/media?parent=9149"}],"wp:term":[{"taxonomy":"pwb-brand","embeddable":true,"href":"https:\/\/kraftiapet.com\/az\/wp-json\/wp\/v2\/pwb-brand?post=9149"},{"taxonomy":"product_brand","embeddable":true,"href":"https:\/\/kraftiapet.com\/az\/wp-json\/wp\/v2\/product_brand?post=9149"},{"taxonomy":"product_cat","embeddable":true,"href":"https:\/\/kraftiapet.com\/az\/wp-json\/wp\/v2\/product_cat?post=9149"},{"taxonomy":"product_tag","embeddable":true,"href":"https:\/\/kraftiapet.com\/az\/wp-json\/wp\/v2\/product_tag?post=9149"}],"curies":[{"name":"wp","href":"https:\/\/api.w.org\/{rel}","templated":true}]}}