{"id":9153,"date":"2025-10-04T21:54:38","date_gmt":"2025-10-04T21:54:38","guid":{"rendered":"https:\/\/kraftiapet.com\/?post_type=product&#038;p=9153"},"modified":"2026-05-07T13:26:54","modified_gmt":"2026-05-07T13:26:54","slug":"salmon-with-butternut-squash-2","status":"publish","type":"product","link":"https:\/\/kraftiapet.com\/az\/product\/salmon-with-butternut-squash-2\/","title":{"rendered":"Salmon with Butternut Squash"},"content":{"rendered":"","protected":false},"excerpt":{"rendered":"<p>Vida Nativa Salmon &amp; Butternut, oyuncaq v\u0259 ki\u00e7ik cins itl\u0259r \u00fc\u00e7\u00fcn q\u0131z\u0131lbal\u0131q v\u0259 butternut balqaba\u011f\u0131 il\u0259 premium t\u0259bii it yemidir. Q\u0131z\u0131lbal\u0131q asan h\u0259zm olunan z\u00fclallar\u0131n \u0259la m\u0259nb\u0259yidir v\u0259 d\u0259ri sa\u011flaml\u0131\u011f\u0131 il\u0259 parlaq t\u00fck \u00fc\u00e7\u00fcn faydal\u0131d\u0131r, butternut balqaba\u011f\u0131 v\u0259 alma is\u0259 sa\u011flam h\u0259zm sistemi v\u0259 \u00fcmumi rifah \u00fc\u00e7\u00fcn \u0259sas yarad\u0131r. <\/p>\n","protected":false},"featured_media":9154,"comment_status":"open","ping_status":"closed","template":"","meta":{"_acf_changed":false},"pwb-brand":[],"product_brand":[801],"product_cat":[760,770],"product_tag":[],"class_list":{"0":"post-9153","1":"product","2":"type-product","3":"status-publish","4":"has-post-thumbnail","6":"product_brand-vida-nativa","7":"product_cat-dog-food","8":"product_cat-adult-dog","10":"first","11":"instock","12":"taxable","13":"shipping-taxable","14":"product-type-variable"},"acf":[],"brands":[],"_links":{"self":[{"href":"https:\/\/kraftiapet.com\/az\/wp-json\/wp\/v2\/product\/9153","targetHints":{"allow":["GET"]}}],"collection":[{"href":"https:\/\/kraftiapet.com\/az\/wp-json\/wp\/v2\/product"}],"about":[{"href":"https:\/\/kraftiapet.com\/az\/wp-json\/wp\/v2\/types\/product"}],"replies":[{"embeddable":true,"href":"https:\/\/kraftiapet.com\/az\/wp-json\/wp\/v2\/comments?post=9153"}],"wp:featuredmedia":[{"embeddable":true,"href":"https:\/\/kraftiapet.com\/az\/wp-json\/wp\/v2\/media\/9154"}],"wp:attachment":[{"href":"https:\/\/kraftiapet.com\/az\/wp-json\/wp\/v2\/media?parent=9153"}],"wp:term":[{"taxonomy":"pwb-brand","embeddable":true,"href":"https:\/\/kraftiapet.com\/az\/wp-json\/wp\/v2\/pwb-brand?post=9153"},{"taxonomy":"product_brand","embeddable":true,"href":"https:\/\/kraftiapet.com\/az\/wp-json\/wp\/v2\/product_brand?post=9153"},{"taxonomy":"product_cat","embeddable":true,"href":"https:\/\/kraftiapet.com\/az\/wp-json\/wp\/v2\/product_cat?post=9153"},{"taxonomy":"product_tag","embeddable":true,"href":"https:\/\/kraftiapet.com\/az\/wp-json\/wp\/v2\/product_tag?post=9153"}],"curies":[{"name":"wp","href":"https:\/\/api.w.org\/{rel}","templated":true}]}}